{"id":9195,"date":"2026-04-20T22:10:07","date_gmt":"2026-04-20T22:10:07","guid":{"rendered":"https:\/\/vitashop.info\/sk\/produkt\/organicare-bath-shower-250-ml-sprchovy-gel-2\/"},"modified":"2026-04-20T22:12:17","modified_gmt":"2026-04-20T22:12:17","slug":"organicare-bath-shower-250-ml-sprchovy-gel-2","status":"publish","type":"product","link":"https:\/\/vitashop.info\/sk\/produkt\/organicare-bath-shower-250-ml-sprchovy-gel-2\/","title":{"rendered":"OrganiCare Bath &amp; Shower 250 ml &#8211; Sprchov\u00fd g\u00e9l"},"content":{"rendered":"\n<p>&nbsp;<\/p>\n<p>Popis:<\/p>\n<p>Na&scaron;e kozmetick&eacute; pr&iacute;pravky radu OrganiCare s&uacute; vyroben&eacute; zo vz&aacute;cnych &uacute;\u010dinn&yacute;ch l&aacute;tok lie\u010div&yacute;ch rastl&iacute;n, pestovan&yacute;ch na biofarm&aacute;ch. Po ru\u010dnom zbere nasleduje na&scaron;a tradi\u010dn&aacute; v&yacute;robn&aacute; met&oacute;da zalo\u017een&aacute; na starostlivej prec&iacute;znosti a kontrole, nepou\u017e&iacute;vame v nej \u017eiadne chemick&eacute; pr&iacute;davn&eacute; l&aacute;tky, v\u010faka \u010domu dok&aacute;\u017eeme zachova\u0165 celkov&yacute; &uacute;\u010dinok vz&aacute;cnych zlo\u017eiek. V&yacute;sledkom s&uacute; tak produkty mimoriadne vysokej kvality, \u010distoty a &uacute;\u010dinnosti.<\/p>\n<p>&#013;<\/p>\n<p>Sprchov&yacute; g&eacute;l ORGANICARE BATH &amp; SHOWER (250 ml) jemne \u010dist&iacute;, chr&aacute;ni a o&scaron;etruje poko\u017eku po\u010das sprchovania \u010di k&uacute;pania sa, dod&aacute;vaj&uacute;c svojmu pou\u017e&iacute;vate\u013eovi pr&iacute;jemn&uacute; svie\u017eos\u0165.<\/p>\n<p>&nbsp;<\/p>\n<p>Komu odpor\u00fa\u010dame:<\/p>\n<ul>&#013;<\/p>\n<li>Pre ka\u017ed&yacute; typ pleti, taktie\u017e na citliv&uacute; poko\u017eku, na ka\u017edodenn&eacute; pou\u017eitie.<\/li>\n<p>&#013;<\/p>\n<li>Pre cel&uacute; rodinu, ide&aacute;lny aj pre deti.<\/li>\n<p>&#013;<\/p>\n<li>Pre ka\u017ed&eacute;ho, kto si chce udr\u017eiava\u0165 svoju poko\u017eku \u010dist&uacute; pomocou pr&iacute;pravkov s obsahom organick&yacute;ch l&aacute;tok, bez alerg&eacute;nov.<\/li>\n<p>&#013;\n<\/ul>\n<p>&nbsp;<\/p>\n","protected":false},"excerpt":{"rendered":"<p>Mno\u017estvo na sklade: 29 <\/p>\n","protected":false},"featured_media":9571,"comment_status":"closed","ping_status":"open","template":"","meta":[],"product_brand":[],"product_cat":[376],"product_tag":[],"class_list":{"0":"post-9195","1":"product","2":"type-product","3":"status-publish","4":"has-post-thumbnail","6":"product_cat-kozmetika","8":"first","9":"instock","10":"product-type-external"},"_links":{"self":[{"href":"https:\/\/vitashop.info\/sk\/wp-json\/wp\/v2\/product\/9195","targetHints":{"allow":["GET"]}}],"collection":[{"href":"https:\/\/vitashop.info\/sk\/wp-json\/wp\/v2\/product"}],"about":[{"href":"https:\/\/vitashop.info\/sk\/wp-json\/wp\/v2\/types\/product"}],"replies":[{"embeddable":true,"href":"https:\/\/vitashop.info\/sk\/wp-json\/wp\/v2\/comments?post=9195"}],"wp:featuredmedia":[{"embeddable":true,"href":"https:\/\/vitashop.info\/sk\/wp-json\/wp\/v2\/media\/9571"}],"wp:attachment":[{"href":"https:\/\/vitashop.info\/sk\/wp-json\/wp\/v2\/media?parent=9195"}],"wp:term":[{"taxonomy":"product_brand","embeddable":true,"href":"https:\/\/vitashop.info\/sk\/wp-json\/wp\/v2\/product_brand?post=9195"},{"taxonomy":"product_cat","embeddable":true,"href":"https:\/\/vitashop.info\/sk\/wp-json\/wp\/v2\/product_cat?post=9195"},{"taxonomy":"product_tag","embeddable":true,"href":"https:\/\/vitashop.info\/sk\/wp-json\/wp\/v2\/product_tag?post=9195"}],"curies":[{"name":"wp","href":"https:\/\/api.w.org\/{rel}","templated":true}]}}