{"id":8555,"date":"2026-04-20T22:10:11","date_gmt":"2026-04-20T22:10:11","guid":{"rendered":"https:\/\/vitashop.info\/sk\/produkt\/organicare-zubna-kefka-zlta-1-ks\/"},"modified":"2026-04-20T22:12:21","modified_gmt":"2026-04-20T22:12:21","slug":"organicare-zubna-kefka-zlta-1-ks","status":"publish","type":"product","link":"https:\/\/vitashop.info\/sk\/produkt\/organicare-zubna-kefka-zlta-1-ks\/","title":{"rendered":"OrganiCare zubn\u00e1 kefka \u017elt\u00e1 1 ks &#8211;"},"content":{"rendered":"\n<p>&nbsp;<\/p>\n<p>Popis:<\/p>\n<p>Jemn&eacute; &scaron;tetiny na&scaron;ej ZUBNEJ KEFKY ORGANICARE s&uacute; &scaron;etrn&eacute; k zubnej sklovine a&nbsp;\u010fasn&aacute;m. M&ocirc;\u017eete sa spo\u013eahn&uacute;\u0165 na to, \u017ee d&ocirc;kladne a &uacute;\u010dinne vy\u010distia va&scaron;e zuby vr&aacute;tane medzizubn&yacute;ch priestorov.<\/p>\n<p>&#013;<\/p>\n<p>Vonkaj&scaron;ie &scaron;tetiny na rastlinnej b&aacute;ze, ktor&eacute; s&uacute; vyroben&eacute; z ric&iacute;nov&eacute;ho oleja, s&uacute; rozlo\u017eite\u013en&eacute;. Vn&uacute;torn&eacute; s&uacute; potiahnut&eacute; striebrom a preto maj&uacute; antibakteri&aacute;lne &uacute;\u010dinky. Rukov&auml;\u0165 je vyroben&aacute; z recyklovate\u013en&eacute;ho bioplastu (z drevenej &scaron;tiepky, teda v podstate z celul&oacute;zy) a m&ocirc;\u017eeme po\u010d&iacute;ta\u0165 s t&yacute;m, \u017ee aj ona sa rozlo\u017e&iacute;.<\/p>\n<p>&#013;<br \/>\nT&aacute;to zubn&aacute; kefka je certifikovan&aacute; ako biologicky rozlo\u017eite\u013en&aacute;. Je teda tie\u017e udr\u017eate\u013en&aacute; a neobsahuje \u017eiadne zlo\u017eky \u017eivo\u010d&iacute;&scaron;neho p&ocirc;vodu. Na&scaron;e zubn&eacute; kefky OrganiCare maj&uacute; (vonkaj&scaron;ie) &scaron;tetiny v &scaron;tyroch r&ocirc;znych farb&aacute;ch: \u017eltej, zelenej, modrej a ru\u017eovej.<\/p>\n<p>&nbsp;<\/p>\n<p>&nbsp;<\/p>\n","protected":false},"excerpt":{"rendered":"<p>Mno\u017estvo na sklade: 5 <\/p>\n","protected":false},"featured_media":9106,"comment_status":"closed","ping_status":"open","template":"","meta":[],"product_brand":[],"product_cat":[379],"product_tag":[],"class_list":{"0":"post-8555","1":"product","2":"type-product","3":"status-publish","4":"has-post-thumbnail","6":"product_cat-ine-produkty","8":"first","9":"instock","10":"product-type-external"},"_links":{"self":[{"href":"https:\/\/vitashop.info\/sk\/wp-json\/wp\/v2\/product\/8555","targetHints":{"allow":["GET"]}}],"collection":[{"href":"https:\/\/vitashop.info\/sk\/wp-json\/wp\/v2\/product"}],"about":[{"href":"https:\/\/vitashop.info\/sk\/wp-json\/wp\/v2\/types\/product"}],"replies":[{"embeddable":true,"href":"https:\/\/vitashop.info\/sk\/wp-json\/wp\/v2\/comments?post=8555"}],"wp:featuredmedia":[{"embeddable":true,"href":"https:\/\/vitashop.info\/sk\/wp-json\/wp\/v2\/media\/9106"}],"wp:attachment":[{"href":"https:\/\/vitashop.info\/sk\/wp-json\/wp\/v2\/media?parent=8555"}],"wp:term":[{"taxonomy":"product_brand","embeddable":true,"href":"https:\/\/vitashop.info\/sk\/wp-json\/wp\/v2\/product_brand?post=8555"},{"taxonomy":"product_cat","embeddable":true,"href":"https:\/\/vitashop.info\/sk\/wp-json\/wp\/v2\/product_cat?post=8555"},{"taxonomy":"product_tag","embeddable":true,"href":"https:\/\/vitashop.info\/sk\/wp-json\/wp\/v2\/product_tag?post=8555"}],"curies":[{"name":"wp","href":"https:\/\/api.w.org\/{rel}","templated":true}]}}