{"id":8550,"date":"2026-04-20T22:10:11","date_gmt":"2026-04-20T22:10:11","guid":{"rendered":"https:\/\/vitashop.info\/sk\/produkt\/one-diet-sejker-sedy-1-ks-kvalitny-350-ml-sejker-v-sedej-farbe\/"},"modified":"2026-04-20T22:10:11","modified_gmt":"2026-04-20T22:10:11","slug":"one-diet-sejker-sedy-1-ks-kvalitny-350-ml-sejker-v-sedej-farbe","status":"publish","type":"product","link":"https:\/\/vitashop.info\/sk\/produkt\/one-diet-sejker-sedy-1-ks-kvalitny-350-ml-sejker-v-sedej-farbe\/","title":{"rendered":"One Diet \u0161ejker \u0161ed\u00fd 1 ks &#8211; kvalitn\u00fd, 350 ml \u0161ejker v \u0161edej farbe"},"content":{"rendered":"\n<p>&nbsp;<\/p>\n<p>Popis:<\/p>\n<ul>&#013;<\/p>\n<li>neobsahuje BPA<\/li>\n<p>&#013;<\/p>\n<li>neobsahuje DEHP<\/li>\n<p>&#013;<\/p>\n<li>bezpe\u010dne a dokonale tesniaca technol&oacute;gia<\/li>\n<p>&#013;<\/p>\n<li>vyzna\u010den&eacute; objemov&eacute; &uacute;daje<\/li>\n<p>&#013;<\/p>\n<li>odn&iacute;mate\u013en&aacute; spodn&aacute; \u010das\u0165 pre extra d&aacute;vku pr&aacute;&scaron;ku<\/li>\n<p>&#013;<\/p>\n<li>um&yacute;vate\u013en&aacute; v&nbsp;um&yacute;va\u010dke na riad<\/li>\n<p>&#013;<\/p>\n<li>spodn&eacute; a vrchn&eacute; \u010dasti &scaron;ejkra je mo\u017en&eacute; oddeli\u0165 a spoji\u0165 kombinovane, v\u010faka tomu si m&ocirc;\u017eete vytvori\u0165 r&ocirc;zne farebn&eacute; kombin&aacute;cie &scaron;ejkrov<\/li>\n<p>&#013;\n<\/ul>\n<p>&nbsp;<\/p>\n<p>&nbsp;<\/p>\n","protected":false},"excerpt":{"rendered":"<p>Mno\u017estvo na sklade: 10 <\/p>\n","protected":false},"featured_media":8551,"comment_status":"closed","ping_status":"open","template":"","meta":[],"product_brand":[],"product_cat":[379],"product_tag":[],"class_list":{"0":"post-8550","1":"product","2":"type-product","3":"status-publish","4":"has-post-thumbnail","6":"product_cat-ine-produkty","8":"first","9":"instock","10":"product-type-external"},"_links":{"self":[{"href":"https:\/\/vitashop.info\/sk\/wp-json\/wp\/v2\/product\/8550","targetHints":{"allow":["GET"]}}],"collection":[{"href":"https:\/\/vitashop.info\/sk\/wp-json\/wp\/v2\/product"}],"about":[{"href":"https:\/\/vitashop.info\/sk\/wp-json\/wp\/v2\/types\/product"}],"replies":[{"embeddable":true,"href":"https:\/\/vitashop.info\/sk\/wp-json\/wp\/v2\/comments?post=8550"}],"wp:featuredmedia":[{"embeddable":true,"href":"https:\/\/vitashop.info\/sk\/wp-json\/wp\/v2\/media\/8551"}],"wp:attachment":[{"href":"https:\/\/vitashop.info\/sk\/wp-json\/wp\/v2\/media?parent=8550"}],"wp:term":[{"taxonomy":"product_brand","embeddable":true,"href":"https:\/\/vitashop.info\/sk\/wp-json\/wp\/v2\/product_brand?post=8550"},{"taxonomy":"product_cat","embeddable":true,"href":"https:\/\/vitashop.info\/sk\/wp-json\/wp\/v2\/product_cat?post=8550"},{"taxonomy":"product_tag","embeddable":true,"href":"https:\/\/vitashop.info\/sk\/wp-json\/wp\/v2\/product_tag?post=8550"}],"curies":[{"name":"wp","href":"https:\/\/api.w.org\/{rel}","templated":true}]}}