{"id":8495,"date":"2026-04-20T22:10:08","date_gmt":"2026-04-20T22:10:08","guid":{"rendered":"https:\/\/vitashop.info\/sk\/produkt\/organicare-rescue-gel-60-ml-bio-balzam-prvej-pomoci\/"},"modified":"2026-04-20T22:12:18","modified_gmt":"2026-04-20T22:12:18","slug":"organicare-rescue-gel-60-ml-bio-balzam-prvej-pomoci","status":"publish","type":"product","link":"https:\/\/vitashop.info\/sk\/produkt\/organicare-rescue-gel-60-ml-bio-balzam-prvej-pomoci\/","title":{"rendered":"OrganiCare Rescue Gel 60 ml &#8211; Bio balzam prvej pomoci"},"content":{"rendered":"\n<p>&nbsp;<\/p>\n<p>Popis:<\/p>\n<p>Na&scaron;e kozmetick&eacute; pr&iacute;pravky radu OrganiCare s&uacute; vyroben&eacute; zo vz&aacute;cnych &uacute;\u010dinn&yacute;ch l&aacute;tok lie\u010div&yacute;ch rastl&iacute;n, pestovan&yacute;ch na biofarm&aacute;ch. Po ru\u010dnom zbere nasleduje na&scaron;a tradi\u010dn&aacute; v&yacute;robn&aacute; met&oacute;da zalo\u017een&aacute; na starostlivej prec&iacute;znosti a kontrole, nepou\u017e&iacute;vame v nej \u017eiadne chemick&eacute; pr&iacute;davn&eacute; l&aacute;tky, v\u010faka \u010domu dok&aacute;\u017eeme zachova\u0165 celkov&yacute; &uacute;\u010dinok vz&aacute;cnych zlo\u017eiek. V&yacute;sledkom s&uacute; tak produkty mimoriadne vysokej kvality, \u010distoty a &uacute;\u010dinnosti.<\/p>\n<p>&#013;<\/p>\n<p>N&aacute;&scaron; bio balzam prvej pomoci RESCUE GEL (60 ml) bol vyvinut&yacute; na zmiernenie bolesti a chladiv&eacute; upokojenie. Jeho vynikaj&uacute;ce lie\u010div&eacute; rastliny(aloe vera, mentol, g&aacute;for, harman\u010dek, &scaron;alvia alebo rozmar&iacute;n) sme uzavreli do praktickej gu\u013e&ocirc;\u010dkovej f\u013ea&scaron;ti\u010dky, aby V&aacute;m priniesol r&yacute;chlu &uacute;\u013eavu pri reumatick&yacute;ch bolestiach, svalov&yacute;ch k\u0155\u010doch, natiahnut&yacute;ch svaloch, op&aacute;lenej poko\u017eke, bodnut&iacute; hmyzom, alebo pri zapchat&yacute;ch d&yacute;chac&iacute;ch cest&aacute;ch. Je ide&aacute;lnou vo\u013ebou rovnako po &scaron;portovan&iacute;, ako aj na prech&aacute;dzke alebo dovolenke.<\/p>\n<p>&nbsp;<\/p>\n<p>Komu odpor\u00fa\u010dame:<\/p>\n<ul>&#013;<\/p>\n<li>Pre cel&uacute; rodinu, ide&aacute;lny aj pre deti.<\/li>\n<p>&#013;<\/p>\n<li>Pre t&yacute;ch, ktor&iacute; potrebuj&uacute; okam\u017eite stlmi\u0165 boles\u0165, ochladi\u0165.<\/li>\n<p>&#013;<\/p>\n<li>Pre turistov, &scaron;portovcov a pre osoby, ktor&eacute; tr&aacute;pia reumatick&eacute; bolesti, k\u0155\u010de,..<\/li>\n<p>&#013;<\/p>\n<li>Pre dovolenk&aacute;rov a turistov na zmiernenie n&aacute;sledkov sp&aacute;len&iacute;n od slnka a po&scaron;t&iacute;pania hmyzom.<\/li>\n<p>&#013;\n<\/ul>\n<p>&nbsp;<\/p>\n","protected":false},"excerpt":{"rendered":"<p>Mno\u017estvo na sklade: 31 <\/p>\n","protected":false},"featured_media":9586,"comment_status":"closed","ping_status":"open","template":"","meta":[],"product_brand":[],"product_cat":[376],"product_tag":[],"class_list":{"0":"post-8495","1":"product","2":"type-product","3":"status-publish","4":"has-post-thumbnail","6":"product_cat-kozmetika","8":"first","9":"instock","10":"product-type-external"},"_links":{"self":[{"href":"https:\/\/vitashop.info\/sk\/wp-json\/wp\/v2\/product\/8495","targetHints":{"allow":["GET"]}}],"collection":[{"href":"https:\/\/vitashop.info\/sk\/wp-json\/wp\/v2\/product"}],"about":[{"href":"https:\/\/vitashop.info\/sk\/wp-json\/wp\/v2\/types\/product"}],"replies":[{"embeddable":true,"href":"https:\/\/vitashop.info\/sk\/wp-json\/wp\/v2\/comments?post=8495"}],"wp:featuredmedia":[{"embeddable":true,"href":"https:\/\/vitashop.info\/sk\/wp-json\/wp\/v2\/media\/9586"}],"wp:attachment":[{"href":"https:\/\/vitashop.info\/sk\/wp-json\/wp\/v2\/media?parent=8495"}],"wp:term":[{"taxonomy":"product_brand","embeddable":true,"href":"https:\/\/vitashop.info\/sk\/wp-json\/wp\/v2\/product_brand?post=8495"},{"taxonomy":"product_cat","embeddable":true,"href":"https:\/\/vitashop.info\/sk\/wp-json\/wp\/v2\/product_cat?post=8495"},{"taxonomy":"product_tag","embeddable":true,"href":"https:\/\/vitashop.info\/sk\/wp-json\/wp\/v2\/product_tag?post=8495"}],"curies":[{"name":"wp","href":"https:\/\/api.w.org\/{rel}","templated":true}]}}