{"id":8493,"date":"2026-04-20T22:10:08","date_gmt":"2026-04-20T22:10:08","guid":{"rendered":"https:\/\/vitashop.info\/sk\/produkt\/organicare-hair-conditioner-200-ml-kondicioner\/"},"modified":"2026-04-20T22:12:17","modified_gmt":"2026-04-20T22:12:17","slug":"organicare-hair-conditioner-200-ml-kondicioner","status":"publish","type":"product","link":"https:\/\/vitashop.info\/sk\/produkt\/organicare-hair-conditioner-200-ml-kondicioner\/","title":{"rendered":"OrganiCare Hair Conditioner 200 ml &#8211; Kondicion\u00e9r"},"content":{"rendered":"\n<p>&nbsp;<\/p>\n<p>Popis:<\/p>\n<p>Na&scaron;e kozmetick&eacute; pr&iacute;pravky radu OrganiCare s&uacute; vyroben&eacute; zo vz&aacute;cnych &uacute;\u010dinn&yacute;ch l&aacute;tok lie\u010div&yacute;ch rastl&iacute;n, pestovan&yacute;ch na biofarm&aacute;ch. Po ru\u010dnom zbere nasleduje na&scaron;a tradi\u010dn&aacute; v&yacute;robn&aacute; met&oacute;da zalo\u017een&aacute; na starostlivej prec&iacute;znosti a kontrole, nepou\u017e&iacute;vame v nej \u017eiadne chemick&eacute; pr&iacute;davn&eacute; l&aacute;tky, v\u010faka \u010domu dok&aacute;\u017eeme zachova\u0165 celkov&yacute; &uacute;\u010dinok vz&aacute;cnych zlo\u017eiek. V&yacute;sledkom s&uacute; tak produkty mimoriadne vysokej kvality, \u010distoty a &uacute;\u010dinnosti.<\/p>\n<p>&#013;<\/p>\n<p>Kondicion&eacute;r ORGANICARE HAIR CONDITIONER(200 ml)je dokonal&yacute;m doplnkom k n&aacute;&scaron;mu &scaron;amp&oacute;nu. Jemne o&scaron;etruje, posil\u0148uje a chr&aacute;ni vlasy po ich umyt&iacute;. V\u010faka jeho vz&aacute;cnym \u017eivin&aacute;m bud&uacute; Va&scaron;e vlasy hebk&eacute;, leskl&eacute; a \u013eahko roz\u010desate\u013en&eacute;.<\/p>\n<p>&nbsp;<\/p>\n<p>Komu odpor\u00fa\u010dame:<\/p>\n<ul>&#013;<\/p>\n<li>M&ocirc;\u017ee sa aplikova\u0165 na v&scaron;etky typy vlasov, vhodn&yacute; na ka\u017edodenn&eacute; pou\u017eitie.<\/li>\n<p>&#013;<\/p>\n<li>Pre cel&uacute; rodinu, ide&aacute;lny aj pre deti a osoby, ktor&eacute; maj&uacute; citliv&uacute; poko\u017eku na hlave.<\/li>\n<p>&#013;<\/p>\n<li>Pre ka\u017ed&eacute;ho, kto sa chce stara\u0165 o svoje vlasy pomocou pr&iacute;pravkov s obsahom organick&yacute;ch l&aacute;tok, bez alerg&eacute;nov.<\/li>\n<p>&#013;\n<\/ul>\n<p>&nbsp;<\/p>\n","protected":false},"excerpt":{"rendered":"<p>Mno\u017estvo na sklade: 28 <\/p>\n","protected":false},"featured_media":9358,"comment_status":"closed","ping_status":"open","template":"","meta":[],"product_brand":[],"product_cat":[376],"product_tag":[],"class_list":{"0":"post-8493","1":"product","2":"type-product","3":"status-publish","4":"has-post-thumbnail","6":"product_cat-kozmetika","8":"first","9":"instock","10":"product-type-external"},"_links":{"self":[{"href":"https:\/\/vitashop.info\/sk\/wp-json\/wp\/v2\/product\/8493","targetHints":{"allow":["GET"]}}],"collection":[{"href":"https:\/\/vitashop.info\/sk\/wp-json\/wp\/v2\/product"}],"about":[{"href":"https:\/\/vitashop.info\/sk\/wp-json\/wp\/v2\/types\/product"}],"replies":[{"embeddable":true,"href":"https:\/\/vitashop.info\/sk\/wp-json\/wp\/v2\/comments?post=8493"}],"wp:featuredmedia":[{"embeddable":true,"href":"https:\/\/vitashop.info\/sk\/wp-json\/wp\/v2\/media\/9358"}],"wp:attachment":[{"href":"https:\/\/vitashop.info\/sk\/wp-json\/wp\/v2\/media?parent=8493"}],"wp:term":[{"taxonomy":"product_brand","embeddable":true,"href":"https:\/\/vitashop.info\/sk\/wp-json\/wp\/v2\/product_brand?post=8493"},{"taxonomy":"product_cat","embeddable":true,"href":"https:\/\/vitashop.info\/sk\/wp-json\/wp\/v2\/product_cat?post=8493"},{"taxonomy":"product_tag","embeddable":true,"href":"https:\/\/vitashop.info\/sk\/wp-json\/wp\/v2\/product_tag?post=8493"}],"curies":[{"name":"wp","href":"https:\/\/api.w.org\/{rel}","templated":true}]}}