{"id":8492,"date":"2026-04-20T22:10:08","date_gmt":"2026-04-20T22:10:08","guid":{"rendered":"https:\/\/vitashop.info\/sk\/produkt\/organicare-fresh-lemon-herbal-toothpaste-75-ml-zubna-pasta-s-obsahom-bylin-a-citronovou-prichutou\/"},"modified":"2026-04-20T22:12:19","modified_gmt":"2026-04-20T22:12:19","slug":"organicare-fresh-lemon-herbal-toothpaste-75-ml-zubna-pasta-s-obsahom-bylin-a-citronovou-prichutou","status":"publish","type":"product","link":"https:\/\/vitashop.info\/sk\/produkt\/organicare-fresh-lemon-herbal-toothpaste-75-ml-zubna-pasta-s-obsahom-bylin-a-citronovou-prichutou\/","title":{"rendered":"OrganiCare Fresh Lemon Herbal Toothpaste 75 ml &#8211; Zubn\u00e1 pasta s obsahom byl\u00edn a citr\u00f3novou pr\u00edchu\u0165ou."},"content":{"rendered":"\n<p>&nbsp;<\/p>\n<p>Popis:<\/p>\n<p>Organicare Fresh Lemon Herbal Toothpaste je zubn&aacute; pasta obsahuj&uacute;ca byliny&nbsp;s pr&iacute;chu\u0165ou&nbsp;citr&oacute;nu, ktor&aacute; m&aacute; osvie\u017euj&uacute;ce a&nbsp;protiz&aacute;palov&eacute; &uacute;\u010dinky a&nbsp; upokojuje zap&aacute;len&eacute; \u010fasn&aacute;.<\/p>\n<p>&#013;<\/p>\n<p>V\u010faka pravideln&eacute;mu pou\u017e&iacute;vaniu v&aacute;m extrakt z islandsk&eacute;ho li&scaron;ajn&iacute;ka a citr&aacute;t zinku pom&ocirc;\u017eu predch&aacute;dza\u0165 tvorbe povlaku a zubn&eacute;ho kame\u0148a.<\/p>\n<p>&#013;<\/p>\n<p>Pre lep&scaron;&iacute; &uacute;\u010dinok odpor&uacute;\u010dame pou\u017ei\u0165 zubn&uacute; pastu nieko\u013ekokr&aacute;t denne. Nechajte ju v &uacute;stach chv&iacute;\u013eu p&ocirc;sobi\u0165 a n&aacute;sledne vypl&aacute;chnite.<\/p>\n<p>&nbsp;<\/p>\n<p>&nbsp;<\/p>\n","protected":false},"excerpt":{"rendered":"<p>Mno\u017estvo na sklade: 17 <\/p>\n","protected":false},"featured_media":9603,"comment_status":"closed","ping_status":"open","template":"","meta":[],"product_brand":[],"product_cat":[376],"product_tag":[],"class_list":{"0":"post-8492","1":"product","2":"type-product","3":"status-publish","4":"has-post-thumbnail","6":"product_cat-kozmetika","8":"first","9":"instock","10":"product-type-external"},"_links":{"self":[{"href":"https:\/\/vitashop.info\/sk\/wp-json\/wp\/v2\/product\/8492","targetHints":{"allow":["GET"]}}],"collection":[{"href":"https:\/\/vitashop.info\/sk\/wp-json\/wp\/v2\/product"}],"about":[{"href":"https:\/\/vitashop.info\/sk\/wp-json\/wp\/v2\/types\/product"}],"replies":[{"embeddable":true,"href":"https:\/\/vitashop.info\/sk\/wp-json\/wp\/v2\/comments?post=8492"}],"wp:featuredmedia":[{"embeddable":true,"href":"https:\/\/vitashop.info\/sk\/wp-json\/wp\/v2\/media\/9603"}],"wp:attachment":[{"href":"https:\/\/vitashop.info\/sk\/wp-json\/wp\/v2\/media?parent=8492"}],"wp:term":[{"taxonomy":"product_brand","embeddable":true,"href":"https:\/\/vitashop.info\/sk\/wp-json\/wp\/v2\/product_brand?post=8492"},{"taxonomy":"product_cat","embeddable":true,"href":"https:\/\/vitashop.info\/sk\/wp-json\/wp\/v2\/product_cat?post=8492"},{"taxonomy":"product_tag","embeddable":true,"href":"https:\/\/vitashop.info\/sk\/wp-json\/wp\/v2\/product_tag?post=8492"}],"curies":[{"name":"wp","href":"https:\/\/api.w.org\/{rel}","templated":true}]}}