{"id":8453,"date":"2026-04-20T22:10:05","date_gmt":"2026-04-20T22:10:05","guid":{"rendered":"https:\/\/vitashop.info\/sk\/produkt\/hand-body-lotion-1000-ml-pletove-mlieko\/"},"modified":"2026-04-20T22:12:17","modified_gmt":"2026-04-20T22:12:17","slug":"hand-body-lotion-1000-ml-pletove-mlieko","status":"publish","type":"product","link":"https:\/\/vitashop.info\/sk\/produkt\/hand-body-lotion-1000-ml-pletove-mlieko\/","title":{"rendered":"Hand &amp; Body Lotion 1000 ml &#8211; Ple\u0165ov\u00e9 mlieko"},"content":{"rendered":"\n<p>&nbsp;<\/p>\n<p>Popis:<\/p>\n<div style=\"text-align: justify\">Hand &amp; Body Lotion je ve\u013ek&eacute; balenie ple\u0165ov&eacute;ho mlieka, ktor&eacute; bolo vyvinut&eacute; pre ka\u017edodenn&eacute; pou\u017e&iacute;vanie. Jeho najd&ocirc;le\u017eitej&scaron;ou zlo\u017ekou je avok&aacute;do, ktor&eacute; zm&auml;k\u010duje poko\u017eku a pom&aacute;ha ju udr\u017ea\u0165 pru\u017en&uacute;. Vysok&yacute; obsah oleja a \u017eiv&iacute;n ju rozjas\u0148uje a od\u010fa\u013euje jej starnutie.<\/div>\n<p>&#013;<\/p>\n<div style=\"text-align: justify\">&nbsp;<\/div>\n<p>&#013;<\/p>\n<div style=\"text-align: justify\">Produkt tie\u017e obsahuje jojobov&yacute; olej, ktor&yacute; podporuje regener&aacute;ciu ko\u017ee, bisabolol k jej upokojeniu a provitam&iacute;n B5. Tieto &uacute;\u010dinn&eacute; zlo\u017eky zabra\u0148uj&uacute; vysu&scaron;eniu poko\u017eky.<\/div>\n<p>&nbsp;<\/p>\n<p>Komu odpor\u00fa\u010dame:<\/p>\n<ul>&#013;<\/p>\n<li>Ka\u017ed&eacute;mu pre v&scaron;etky druhy pleti a tie\u017e pre ka\u017edodenn&eacute; pou\u017eitie.<\/li>\n<p>&#013;<\/p>\n<li>Body lotion sa \u013eahko a r&yacute;chlo vstreb&aacute;va, neleskne sa, a preto sa skvele hod&iacute; na denn&eacute; pou\u017e&iacute;vanie.<\/li>\n<p>&#013;<\/p>\n<li>V\u010faka jemnej a pr&iacute;jemnej v&ocirc;ni ho m&ocirc;\u017eu pou\u017e&iacute;va\u0165 aj mu\u017ei.<\/li>\n<p>&#013;\n<\/ul>\n<p>&nbsp;<\/p>\n","protected":false},"excerpt":{"rendered":"<p>Mno\u017estvo na sklade: 39 <\/p>\n","protected":false},"featured_media":9570,"comment_status":"closed","ping_status":"open","template":"","meta":[],"product_brand":[],"product_cat":[376],"product_tag":[],"class_list":{"0":"post-8453","1":"product","2":"type-product","3":"status-publish","4":"has-post-thumbnail","6":"product_cat-kozmetika","8":"first","9":"instock","10":"product-type-external"},"_links":{"self":[{"href":"https:\/\/vitashop.info\/sk\/wp-json\/wp\/v2\/product\/8453","targetHints":{"allow":["GET"]}}],"collection":[{"href":"https:\/\/vitashop.info\/sk\/wp-json\/wp\/v2\/product"}],"about":[{"href":"https:\/\/vitashop.info\/sk\/wp-json\/wp\/v2\/types\/product"}],"replies":[{"embeddable":true,"href":"https:\/\/vitashop.info\/sk\/wp-json\/wp\/v2\/comments?post=8453"}],"wp:featuredmedia":[{"embeddable":true,"href":"https:\/\/vitashop.info\/sk\/wp-json\/wp\/v2\/media\/9570"}],"wp:attachment":[{"href":"https:\/\/vitashop.info\/sk\/wp-json\/wp\/v2\/media?parent=8453"}],"wp:term":[{"taxonomy":"product_brand","embeddable":true,"href":"https:\/\/vitashop.info\/sk\/wp-json\/wp\/v2\/product_brand?post=8453"},{"taxonomy":"product_cat","embeddable":true,"href":"https:\/\/vitashop.info\/sk\/wp-json\/wp\/v2\/product_cat?post=8453"},{"taxonomy":"product_tag","embeddable":true,"href":"https:\/\/vitashop.info\/sk\/wp-json\/wp\/v2\/product_tag?post=8453"}],"curies":[{"name":"wp","href":"https:\/\/api.w.org\/{rel}","templated":true}]}}