{"id":8450,"date":"2024-03-19T17:58:07","date_gmt":"2024-03-19T17:58:07","guid":{"rendered":"https:\/\/vitashop.info\/sk\/produkt\/gravital-juice-946-ml-organicka-stava-z-gravioly-a-aloe-vera\/"},"modified":"2026-04-13T22:12:08","modified_gmt":"2026-04-13T22:12:08","slug":"gravital-juice-946-ml-organicka-stava-z-gravioly-a-aloe-vera","status":"publish","type":"product","link":"https:\/\/vitashop.info\/sk\/produkt\/gravital-juice-946-ml-organicka-stava-z-gravioly-a-aloe-vera\/","title":{"rendered":"GraVital Juice 946 ml &#8211; Organick\u00e1 \u0161\u0165ava z Gravioly a Aloe Vera"},"content":{"rendered":"<p>D\u00e1vkovanie: 2 polievkov\u00e9 ly\u017eice denne<\/p>\n<p>&nbsp;<\/p>\n<p>Popis:<\/p>\n<p>V\u010faka pozoruhodn&eacute;mu obsahu antioxidantov a &scaron;tyrom druhom superovoce je GraVital pre na&scaron;e telo v&yacute;raznou pomocou v boji s v&iacute;rusmi, infekciami a z&aacute;palmi. Cenn&aacute; vl&aacute;knina, bioflavonoidy a miner&aacute;ly, ktor&eacute; sa nach&aacute;dzaj&uacute; v graviole, Aloe vera, mangostanu a nop&aacute;lu pom&aacute;haj&uacute; telu v obrane proti vo\u013en&yacute;m radik&aacute;lom.<\/p>\n<p>&nbsp;<\/p>\n<p>Komu odpor\u00fa\u010dame:<\/p>\n<ul>&#013;<\/p>\n<li>T&yacute;m, ktor&iacute; si \u017eelaj&uacute; podpori\u0165 terapiu proti v&iacute;rusom, bakt&eacute;ri&aacute;m alebo plesniam pr&iacute;rodn&yacute;m doplnkom v&yacute;\u017eivy.<\/li>\n<p>&#013;<\/p>\n<li>T&yacute;m, ktor&iacute; sa chc&uacute; ubr&aacute;ni\u0165 z&aacute;palom.<\/li>\n<p>&#013;<\/p>\n<li>T&yacute;m, ktor&iacute; maj&uacute; \u010dasto opary.<\/li>\n<p>&#013;<\/p>\n<li>Komuko\u013evek, kto d&aacute;va prednos\u0165 doplnkom v&yacute;\u017eivy v tekutej forme.<\/li>\n<p>&#013;\n<\/ul>\n<p>&nbsp;<\/p>\n<p>Zlo\u017eenie:<\/p>\n<p>Pyr\u00e9 z organick\u00e9ho ovocia graviola (anona) 9585 mg<\/p>\n<p>Organick\u00e1 \u0161\u0165ava z Aloe vera 8580 mg<\/p>\n<p>Pyr\u00e9 z organick\u00e9ho mangostanu 1430 mg<\/p>\n<p>Organick\u00fd nop\u00e1l 1430 mg<\/p>\n","protected":false},"excerpt":{"rendered":"<p>Mno\u017estvo na sklade: 17 <\/p>\n","protected":false},"featured_media":9512,"comment_status":"closed","ping_status":"open","template":"","meta":[],"product_brand":[],"product_cat":[375],"product_tag":[],"class_list":{"0":"post-8450","1":"product","2":"type-product","3":"status-publish","4":"has-post-thumbnail","6":"product_cat-prirodne-doplnky","8":"first","9":"instock","10":"product-type-external"},"_links":{"self":[{"href":"https:\/\/vitashop.info\/sk\/wp-json\/wp\/v2\/product\/8450","targetHints":{"allow":["GET"]}}],"collection":[{"href":"https:\/\/vitashop.info\/sk\/wp-json\/wp\/v2\/product"}],"about":[{"href":"https:\/\/vitashop.info\/sk\/wp-json\/wp\/v2\/types\/product"}],"replies":[{"embeddable":true,"href":"https:\/\/vitashop.info\/sk\/wp-json\/wp\/v2\/comments?post=8450"}],"wp:featuredmedia":[{"embeddable":true,"href":"https:\/\/vitashop.info\/sk\/wp-json\/wp\/v2\/media\/9512"}],"wp:attachment":[{"href":"https:\/\/vitashop.info\/sk\/wp-json\/wp\/v2\/media?parent=8450"}],"wp:term":[{"taxonomy":"product_brand","embeddable":true,"href":"https:\/\/vitashop.info\/sk\/wp-json\/wp\/v2\/product_brand?post=8450"},{"taxonomy":"product_cat","embeddable":true,"href":"https:\/\/vitashop.info\/sk\/wp-json\/wp\/v2\/product_cat?post=8450"},{"taxonomy":"product_tag","embeddable":true,"href":"https:\/\/vitashop.info\/sk\/wp-json\/wp\/v2\/product_tag?post=8450"}],"curies":[{"name":"wp","href":"https:\/\/api.w.org\/{rel}","templated":true}]}}