{"id":8434,"date":"2026-04-13T22:10:07","date_gmt":"2026-04-13T22:10:07","guid":{"rendered":"https:\/\/vitashop.info\/sk\/produkt\/d-drops-30-ml-vitamin-d3-kvapky\/"},"modified":"2026-04-13T22:12:07","modified_gmt":"2026-04-13T22:12:07","slug":"d-drops-30-ml-vitamin-d3-kvapky","status":"publish","type":"product","link":"https:\/\/vitashop.info\/sk\/produkt\/d-drops-30-ml-vitamin-d3-kvapky\/","title":{"rendered":"D-drops 30 ml &#8211; Vitam\u00edn D3 kvapky"},"content":{"rendered":"<p>D\u00e1vkovanie: 3 kvapky denne v n\u00e1poji<\/p>\n<p>&nbsp;<\/p>\n<p>Popis:<\/p>\n<p>Nedostatok vitam&iacute;nu D postihuje pod\u013ea odhadov a\u017e 70% popul&aacute;cie. D&aacute;vkovanie pr&iacute;pravku je \u013eahk&eacute;, m&ocirc;\u017ee sa pod&aacute;va\u0165 zamie&scaron;an&yacute; do pokrmu alebo n&aacute;poja. Forma tekutiny zabezpe\u010duje z&aacute;soby vitam&iacute;nu D pre cel&uacute; rodinu. Dlhodob&yacute; nedostatok vitam&iacute;nu D stup\u0148uje riziko t&yacute;chto \u0165a\u017ekost&iacute;: slab&eacute; kosti, \u010dast&eacute; zlomeniny, \u010dast&eacute; infekcie, infekcie d&yacute;chac&iacute;ch ciest, sez&oacute;nne depresie, svalov&aacute; slabos\u0165.<\/p>\n<p>&nbsp;<\/p>\n<p>Komu odpor\u00fa\u010dame:<\/p>\n<ul>&#013;<\/p>\n<li>T&yacute;m, ktor&iacute; tr&aacute;via v&auml;\u010d&scaron;inu \u010dasu v miestnosti.<\/li>\n<p>&#013;<\/p>\n<li>T&yacute;m, ktor&iacute; bojuj&uacute; s nadv&aacute;hou, preto\u017ee maj&uacute; vy&scaron;&scaron;iu potrebu vitam&iacute;nu D.<\/li>\n<p>&#013;<\/p>\n<li>Ka\u017ed&eacute;mu na udr\u017eanie obranyschopnosti, preto\u017ee vitam&iacute;n D prispieva k norm&aacute;lnej funkcii imunitn&eacute;ho syst&eacute;mu.<\/li>\n<p>&#013;<\/p>\n<li>\u013du\u010fom, ktor&iacute; si v&aacute;\u017eia zdravie svojich kost&iacute; a zubov, preto\u017ee vitam&iacute;n D prispieva k zachovaniu zdrav&yacute;ch kost&iacute; a zubov.<\/li>\n<p>&#013;<\/p>\n<li>Tehotn&yacute;m \u017een&aacute;m, aby sa spr&aacute;vne rozv&iacute;jali kosti embrya a na ochranu kost&iacute; matky. Po\u010das doj\u010denia na udr\u017eanie spr&aacute;vnej hladiny tohto vitam&iacute;nu.<\/li>\n<p>&#013;<\/p>\n<li>Vegetari&aacute;nom.<\/li>\n<p>&#013;<\/p>\n<li>\u013du\u010fom trpiacim na alergiu zo slnka.<\/li>\n<p>&#013;\n<\/ul>\n<p>&nbsp;<\/p>\n<p>Zlo\u017eenie:<\/p>\n<p>Zmes triglyceridov so stredne dlh\u00fdm re\u0165azcom 95 mg<\/p>\n<p>Vitam\u00edn D (cholekalciferol) 30 mcg<\/p>\n","protected":false},"excerpt":{"rendered":"<p>Mno\u017estvo na sklade: 224 <\/p>\n","protected":false},"featured_media":9507,"comment_status":"closed","ping_status":"open","template":"","meta":[],"product_brand":[],"product_cat":[375],"product_tag":[],"class_list":{"0":"post-8434","1":"product","2":"type-product","3":"status-publish","4":"has-post-thumbnail","6":"product_cat-prirodne-doplnky","8":"first","9":"instock","10":"product-type-external"},"_links":{"self":[{"href":"https:\/\/vitashop.info\/sk\/wp-json\/wp\/v2\/product\/8434","targetHints":{"allow":["GET"]}}],"collection":[{"href":"https:\/\/vitashop.info\/sk\/wp-json\/wp\/v2\/product"}],"about":[{"href":"https:\/\/vitashop.info\/sk\/wp-json\/wp\/v2\/types\/product"}],"replies":[{"embeddable":true,"href":"https:\/\/vitashop.info\/sk\/wp-json\/wp\/v2\/comments?post=8434"}],"wp:featuredmedia":[{"embeddable":true,"href":"https:\/\/vitashop.info\/sk\/wp-json\/wp\/v2\/media\/9507"}],"wp:attachment":[{"href":"https:\/\/vitashop.info\/sk\/wp-json\/wp\/v2\/media?parent=8434"}],"wp:term":[{"taxonomy":"product_brand","embeddable":true,"href":"https:\/\/vitashop.info\/sk\/wp-json\/wp\/v2\/product_brand?post=8434"},{"taxonomy":"product_cat","embeddable":true,"href":"https:\/\/vitashop.info\/sk\/wp-json\/wp\/v2\/product_cat?post=8434"},{"taxonomy":"product_tag","embeddable":true,"href":"https:\/\/vitashop.info\/sk\/wp-json\/wp\/v2\/product_tag?post=8434"}],"curies":[{"name":"wp","href":"https:\/\/api.w.org\/{rel}","templated":true}]}}