{"id":8432,"date":"2026-04-13T22:10:07","date_gmt":"2026-04-13T22:10:07","guid":{"rendered":"https:\/\/vitashop.info\/sk\/produkt\/coq10-lozenges-30-tabliet-rozpustnych-pod-jazykom-rychla-absorbcia-q10\/"},"modified":"2026-04-13T22:12:07","modified_gmt":"2026-04-13T22:12:07","slug":"coq10-lozenges-30-tabliet-rozpustnych-pod-jazykom-rychla-absorbcia-q10","status":"publish","type":"product","link":"https:\/\/vitashop.info\/sk\/produkt\/coq10-lozenges-30-tabliet-rozpustnych-pod-jazykom-rychla-absorbcia-q10\/","title":{"rendered":"CoQ10 Lozenges 30 tabliet rozpustn\u00fdch pod jazykom &#8211; R\u00fdchla absorbcia Q10"},"content":{"rendered":"<p>D\u00e1vkovanie: 1 tabletu denne necha\u0165 rozpusti\u0165 pod jazykom, nepreh\u013ata\u0165 cel\u00fa!<\/p>\n<p>&nbsp;<\/p>\n<p>Popis:<\/p>\n<p>CoQ10 Lozenges&nbsp;s&uacute; tablety, ktor&eacute; sa d&aacute;vaj&uacute; pod jazyk a obsahuj&uacute; CoQ10 s pr&iacute;rodnou citr&oacute;novou pr&iacute;chu\u0165ou. Podporuj&uacute; r&yacute;chlej&scaron;ie a jemnej&scaron;ie vstreb&aacute;vanie, preto\u017ee &uacute;\u010dinn&eacute; l&aacute;tky ob&iacute;du tr&aacute;viaci syst&eacute;m a t&yacute;m, \u017ee vst&uacute;pia do krvn&eacute;ho obehu, dostan&uacute; sa priamo do buniek. T&yacute;mto na&scaron;&iacute;m energetick&yacute;m prostriedkom pon&uacute;kame pomoc predov&scaron;etk&yacute;m v situ&aacute;ci&aacute;ch, ke\u010f je potrebn&eacute; kona\u0165 okam\u017eite a mysleli sme aj na t&yacute;ch, ktor&iacute; maj&uacute; tr&aacute;viace probl&eacute;my, a preto nem&ocirc;\u017eu pr&iacute;pravok u\u017e&iacute;va\u0165 v tradi\u010dnej verzii.<\/p>\n<p>&nbsp;<\/p>\n<p>Komu odpor\u00fa\u010dame:<\/p>\n<ul>&#013;<\/p>\n<li>T&yacute;m, ktor&iacute; vykon&aacute;vaj&uacute; \u0165a\u017ek&uacute; fyzick&uacute; alebo psychick&uacute; pr&aacute;cu alebo \u017eij&uacute; stresuj&uacute;cim sp&ocirc;sobom \u017eivota, aby sa zv&yacute;&scaron;ila ich vitalita.<\/li>\n<p>&#013;<\/p>\n<li>T&yacute;m, ktor&iacute; s&uacute; v situ&aacute;cii vy\u017eaduj&uacute;cej okam\u017eit&yacute; v&yacute;kon (napr. pred sk&uacute;&scaron;kami alebo cvi\u010den&iacute;m).<\/li>\n<p>&#013;<\/p>\n<li>T&yacute;m, ktor&iacute; maj&uacute; \u0165a\u017ekosti so vstreb&aacute;van&iacute;m alebo tr&aacute;ven&iacute;m. &bull; \u013du\u010fom, ktor&iacute; maj&uacute; probl&eacute;my s \u010fasnami.<\/li>\n<p>&#013;<\/p>\n<li>Osob&aacute;m trpiacim hu\u010dan&iacute;m v u&scaron;iach (tinitus).*<\/li>\n<p>&#013;<\/p>\n<li>\u013du\u010fom s nedostato\u010dn&yacute;m zlo\u017een&iacute;m stravy.<\/li>\n<p>&#013;<\/p>\n<li>V pr&iacute;pade u\u017e&iacute;vania ur\u010dit&yacute;ch liekov na zn&iacute;\u017eenie cholesterolu, psychiatrick&yacute;ch liekov, pr&iacute;pravkov na kontrolu srdcov&eacute;ho rytmu a u\u017e&iacute;van&yacute;ch na lie\u010dbu cukrovky.<\/li>\n<p>&#013;<\/p>\n<li>Faj\u010diarom.<\/li>\n<p>&#013;<\/p>\n<li>T&yacute;m, pre ktor&yacute;ch je d&ocirc;le\u017eit&eacute; zachova\u0165 si zdravie svojho srdca.<\/li>\n<p>&#013;<\/p>\n<li>Ka\u017ed&eacute;mu nad 30 rokov veku.<\/li>\n<p>&#013;\n<\/ul>\n<p>&nbsp;<\/p>\n<p>Zlo\u017eenie:<\/p>\n<p>Koenz\u00fdm Q10 30 mg<\/p>\n","protected":false},"excerpt":{"rendered":"<p>Mno\u017estvo na sklade: 48 <\/p>\n","protected":false},"featured_media":9506,"comment_status":"closed","ping_status":"open","template":"","meta":[],"product_brand":[],"product_cat":[375],"product_tag":[],"class_list":{"0":"post-8432","1":"product","2":"type-product","3":"status-publish","4":"has-post-thumbnail","6":"product_cat-prirodne-doplnky","8":"first","9":"instock","10":"product-type-external"},"_links":{"self":[{"href":"https:\/\/vitashop.info\/sk\/wp-json\/wp\/v2\/product\/8432","targetHints":{"allow":["GET"]}}],"collection":[{"href":"https:\/\/vitashop.info\/sk\/wp-json\/wp\/v2\/product"}],"about":[{"href":"https:\/\/vitashop.info\/sk\/wp-json\/wp\/v2\/types\/product"}],"replies":[{"embeddable":true,"href":"https:\/\/vitashop.info\/sk\/wp-json\/wp\/v2\/comments?post=8432"}],"wp:featuredmedia":[{"embeddable":true,"href":"https:\/\/vitashop.info\/sk\/wp-json\/wp\/v2\/media\/9506"}],"wp:attachment":[{"href":"https:\/\/vitashop.info\/sk\/wp-json\/wp\/v2\/media?parent=8432"}],"wp:term":[{"taxonomy":"product_brand","embeddable":true,"href":"https:\/\/vitashop.info\/sk\/wp-json\/wp\/v2\/product_brand?post=8432"},{"taxonomy":"product_cat","embeddable":true,"href":"https:\/\/vitashop.info\/sk\/wp-json\/wp\/v2\/product_cat?post=8432"},{"taxonomy":"product_tag","embeddable":true,"href":"https:\/\/vitashop.info\/sk\/wp-json\/wp\/v2\/product_tag?post=8432"}],"curies":[{"name":"wp","href":"https:\/\/api.w.org\/{rel}","templated":true}]}}