{"id":8430,"date":"2026-04-13T22:10:07","date_gmt":"2026-04-13T22:10:07","guid":{"rendered":"https:\/\/vitashop.info\/sk\/produkt\/cholestone-90-tabliet-na-znizenie-cholesterolu\/"},"modified":"2026-04-13T22:12:07","modified_gmt":"2026-04-13T22:12:07","slug":"cholestone-90-tabliet-na-znizenie-cholesterolu","status":"publish","type":"product","link":"https:\/\/vitashop.info\/sk\/produkt\/cholestone-90-tabliet-na-znizenie-cholesterolu\/","title":{"rendered":"Cholestone 90 tabliet &#8211; Na zn\u00ed\u017eenie cholesterolu"},"content":{"rendered":"<p>D\u00e1vkovanie: 3 x 1 tableta denne s jedlom<\/p>\n<p>&nbsp;<\/p>\n<p>Popis:<\/p>\n<p>Cholestone je doplnok v&yacute;\u017eivy, ktor&yacute; bol navrhnut&yacute; na podporu zdravej hladiny cholesterolu. Medzi jeho pr&iacute;rodn&eacute; &uacute;\u010dinn&eacute; l&aacute;tky patria olej z \u013eanov&yacute;ch semien, ktor&yacute; svoj&iacute;m vysok&yacute;m obsahom omega 3 prispieva k udr\u017eaniu norm&aacute;lnej hladiny cholesterolu, a tie\u017e jabl\u010dn&yacute; pekt&iacute;n, ktor&yacute; v\u010faka svojmu obsahu vl&aacute;kniny p&ocirc;sob&iacute; rovnako. Cesnak m&ocirc;\u017ee priaznivo ovplyv\u0148ova\u0165 hladinu krvn&yacute;ch tukov a lecit&iacute;n zohr&aacute;va v&yacute;znamn&uacute; &uacute;lohu v metabolizme tukov.<\/p>\n<p>&nbsp;<\/p>\n<p>Komu odpor\u00fa\u010dame:<\/p>\n<ul>&#013;<\/p>\n<li>T&yacute;m, ktor&iacute; z&aacute;pasia s vysokou hladinou cholesterolu a\/alebo triglyceridov.<\/li>\n<p>&#013;<\/p>\n<li>Ako prostriedok prevencie pre t&yacute;ch, ktor&iacute; maj&uacute; v rodinnej anamn&eacute;ze vysok&uacute; hladinu cholesterolu alebo triglyceridov, alebo pre t&yacute;ch, ktor&iacute; trpia poruchou metabolizmu polysacharidov.<\/li>\n<p>&#013;<\/p>\n<li>Ako prevenciu ateroskler&oacute;zy.<\/li>\n<p>&#013;<\/p>\n<li>Ak je va&scaron;a strava bohat&aacute; na tuky a polysacharidy.<\/li>\n<p>&#013;\n<\/ul>\n<p>&nbsp;<\/p>\n<p>Zlo\u017eenie:<\/p>\n<p>olej z &#318;anov\u00e9ho semienka 200 mg<\/p>\n<p>jabl&#269;n\u00fd pekt\u00edn 200 mg<\/p>\n<p>cesnak 100 mg<\/p>\n<p>Vitam\u00edn C 60 mg<\/p>\n<p>Vitam\u00edn E 10 mg<\/p>\n<p>chr\u00f3m 50 mcg<\/p>\n<p>lecit\u00edn 100 mg<\/p>\n","protected":false},"excerpt":{"rendered":"<p>Mno\u017estvo na sklade: 125 <\/p>\n","protected":false},"featured_media":9504,"comment_status":"closed","ping_status":"open","template":"","meta":[],"product_brand":[],"product_cat":[375],"product_tag":[],"class_list":{"0":"post-8430","1":"product","2":"type-product","3":"status-publish","4":"has-post-thumbnail","6":"product_cat-prirodne-doplnky","8":"first","9":"instock","10":"product-type-external"},"_links":{"self":[{"href":"https:\/\/vitashop.info\/sk\/wp-json\/wp\/v2\/product\/8430","targetHints":{"allow":["GET"]}}],"collection":[{"href":"https:\/\/vitashop.info\/sk\/wp-json\/wp\/v2\/product"}],"about":[{"href":"https:\/\/vitashop.info\/sk\/wp-json\/wp\/v2\/types\/product"}],"replies":[{"embeddable":true,"href":"https:\/\/vitashop.info\/sk\/wp-json\/wp\/v2\/comments?post=8430"}],"wp:featuredmedia":[{"embeddable":true,"href":"https:\/\/vitashop.info\/sk\/wp-json\/wp\/v2\/media\/9504"}],"wp:attachment":[{"href":"https:\/\/vitashop.info\/sk\/wp-json\/wp\/v2\/media?parent=8430"}],"wp:term":[{"taxonomy":"product_brand","embeddable":true,"href":"https:\/\/vitashop.info\/sk\/wp-json\/wp\/v2\/product_brand?post=8430"},{"taxonomy":"product_cat","embeddable":true,"href":"https:\/\/vitashop.info\/sk\/wp-json\/wp\/v2\/product_cat?post=8430"},{"taxonomy":"product_tag","embeddable":true,"href":"https:\/\/vitashop.info\/sk\/wp-json\/wp\/v2\/product_tag?post=8430"}],"curies":[{"name":"wp","href":"https:\/\/api.w.org\/{rel}","templated":true}]}}