{"id":8412,"date":"2026-04-13T22:10:06","date_gmt":"2026-04-13T22:10:06","guid":{"rendered":"https:\/\/vitashop.info\/sk\/produkt\/beta-carotene-100-makkych-kapsul-provitamin-vitaminu-a\/"},"modified":"2026-04-13T22:12:06","modified_gmt":"2026-04-13T22:12:06","slug":"beta-carotene-100-makkych-kapsul-provitamin-vitaminu-a","status":"publish","type":"product","link":"https:\/\/vitashop.info\/sk\/produkt\/beta-carotene-100-makkych-kapsul-provitamin-vitaminu-a\/","title":{"rendered":"Beta Carotene 100 m\u00e4kk\u00fdch kaps\u00fal &#8211; Provitam\u00edn vitam\u00ednu A"},"content":{"rendered":"<p>D\u00e1vkovanie: 1 m\u00e4kk\u00e1 kapsula denne<\/p>\n<p>&nbsp;<\/p>\n<p>Popis:<\/p>\n<p>Betakarot&eacute;n je prekurzorom vitam&iacute;nu A. \u013dudsk&eacute; telo ho m&ocirc;\u017ee premie\u0148a\u0165 na vitam&iacute;n A pod\u013ea svojich potrieb. Vitam&iacute;n A je stavebn&yacute;m prvkom sietnice, podstatnej \u010dasti na&scaron;ich o\u010d&iacute;, ktor&aacute; zohr&aacute;va nenahradite\u013en&uacute; &uacute;lohu pri procese vn&iacute;mania svetla. Jeho \u010dast&eacute; u\u017e&iacute;vanie prispieva tie\u017e k norm&aacute;lnej kond&iacute;cii poko\u017eky a pom&aacute;ha zabra\u0148ova\u0165 po&scaron;kodeniu sp&ocirc;soben&eacute;mu UV \u017eiaren&iacute;m.<\/p>\n<p>&nbsp;<\/p>\n<p>Komu odpor\u00fa\u010dame:<\/p>\n<ul>&#013;<\/p>\n<li>Pred odchodom na dovolenku, aby sme svoju poko\u017eku pripravili na opa\u013eovanie, ako aj \u013eu\u010fom, ktor&iacute; si \u017eelaj&uacute;, aby ich ple\u0165 vydr\u017eala dlh&scaron;ie op&aacute;len&aacute;.<\/li>\n<p>&#013;<\/p>\n<li>Pri zn&iacute;\u017eenej kvalite zraku a osob&aacute;m, ktor&eacute; maj&uacute; probl&eacute;my s o\u010dami.<\/li>\n<p>&#013;<\/p>\n<li>T&yacute;m, ktor&iacute; h\u013eadaj&uacute; &uacute;\u010dinn&uacute; antioxida\u010dn&uacute; ochranu.<\/li>\n<p>&#013;<\/p>\n<li>T&yacute;m, ktor&iacute; dr\u017eia n&iacute;zkokalorick&uacute; di&eacute;tu alebo maj&uacute; tr&aacute;viace probl&eacute;my.<\/li>\n<p>&#013;\n<\/ul>\n<p>&nbsp;<\/p>\n<p>Zlo\u017eenie:<\/p>\n<p>betakarot\u00e9n 9000 M.J.<\/p>\n","protected":false},"excerpt":{"rendered":"<p>Mno\u017estvo na sklade: 22 <\/p>\n","protected":false},"featured_media":9494,"comment_status":"closed","ping_status":"open","template":"","meta":[],"product_brand":[],"product_cat":[375],"product_tag":[],"class_list":{"0":"post-8412","1":"product","2":"type-product","3":"status-publish","4":"has-post-thumbnail","6":"product_cat-prirodne-doplnky","8":"first","9":"instock","10":"product-type-external"},"_links":{"self":[{"href":"https:\/\/vitashop.info\/sk\/wp-json\/wp\/v2\/product\/8412","targetHints":{"allow":["GET"]}}],"collection":[{"href":"https:\/\/vitashop.info\/sk\/wp-json\/wp\/v2\/product"}],"about":[{"href":"https:\/\/vitashop.info\/sk\/wp-json\/wp\/v2\/types\/product"}],"replies":[{"embeddable":true,"href":"https:\/\/vitashop.info\/sk\/wp-json\/wp\/v2\/comments?post=8412"}],"wp:featuredmedia":[{"embeddable":true,"href":"https:\/\/vitashop.info\/sk\/wp-json\/wp\/v2\/media\/9494"}],"wp:attachment":[{"href":"https:\/\/vitashop.info\/sk\/wp-json\/wp\/v2\/media?parent=8412"}],"wp:term":[{"taxonomy":"product_brand","embeddable":true,"href":"https:\/\/vitashop.info\/sk\/wp-json\/wp\/v2\/product_brand?post=8412"},{"taxonomy":"product_cat","embeddable":true,"href":"https:\/\/vitashop.info\/sk\/wp-json\/wp\/v2\/product_cat?post=8412"},{"taxonomy":"product_tag","embeddable":true,"href":"https:\/\/vitashop.info\/sk\/wp-json\/wp\/v2\/product_tag?post=8412"}],"curies":[{"name":"wp","href":"https:\/\/api.w.org\/{rel}","templated":true}]}}