{"id":7,"date":"2023-11-23T14:29:11","date_gmt":"2023-11-23T14:29:11","guid":{"rendered":"https:\/\/vitashop.info\/sk\/koszyk\/"},"modified":"2023-11-23T14:29:11","modified_gmt":"2023-11-23T14:29:11","slug":"koszyk","status":"publish","type":"page","link":"https:\/\/vitashop.info\/sk\/koszyk\/","title":{"rendered":"Koszyk"},"content":{"rendered":"\n<div data-block-name=\"woocommerce\/cart\" class=\"wp-block-woocommerce-cart alignwide is-loading\">\n<div data-block-name=\"woocommerce\/filled-cart-block\" class=\"wp-block-woocommerce-filled-cart-block\">\n<div data-block-name=\"woocommerce\/cart-items-block\" class=\"wp-block-woocommerce-cart-items-block\">\n<div data-block-name=\"woocommerce\/cart-line-items-block\" class=\"wp-block-woocommerce-cart-line-items-block\"><\/div>\n\n\n\n<div data-block-name=\"woocommerce\/cart-cross-sells-block\" class=\"wp-block-woocommerce-cart-cross-sells-block\">\n<h2 class=\"wp-block-heading has-large-font-size\">Zobacz inne r\u00f3wnie interesuj\u0105ce\u2026<\/h2>\n\n\n\n<div data-block-name=\"woocommerce\/cart-cross-sells-products-block\" class=\"wp-block-woocommerce-cart-cross-sells-products-block\"><\/div>\n<\/div>\n<\/div>\n\n\n\n<div data-block-name=\"woocommerce\/cart-totals-block\" class=\"wp-block-woocommerce-cart-totals-block\">\n<div data-block-name=\"woocommerce\/cart-order-summary-block\" class=\"wp-block-woocommerce-cart-order-summary-block\">\n<div data-block-name=\"woocommerce\/cart-order-summary-heading-block\" class=\"wp-block-woocommerce-cart-order-summary-heading-block\"><\/div><div data-block-name=\"woocommerce\/cart-order-summary-coupon-form-block\" class=\"wp-block-woocommerce-cart-order-summary-coupon-form-block\"><\/div><div data-block-name=\"woocommerce\/cart-order-summary-totals-block\" class=\"wp-block-woocommerce-cart-order-summary-totals-block\">\n<div data-block-name=\"woocommerce\/cart-order-summary-subtotal-block\" class=\"wp-block-woocommerce-cart-order-summary-subtotal-block\"><\/div>\n<div data-block-name=\"woocommerce\/cart-order-summary-discount-block\" class=\"wp-block-woocommerce-cart-order-summary-discount-block\"><\/div>\n<div data-block-name=\"woocommerce\/cart-order-summary-fee-block\" class=\"wp-block-woocommerce-cart-order-summary-fee-block\"><\/div>\n<div data-block-name=\"woocommerce\/cart-order-summary-shipping-block\" class=\"wp-block-woocommerce-cart-order-summary-shipping-block\"><\/div>\n<div data-block-name=\"woocommerce\/cart-order-summary-taxes-block\" class=\"wp-block-woocommerce-cart-order-summary-taxes-block\"><\/div><\/div>\n<\/div>\n\n\n\n<div data-block-name=\"woocommerce\/cart-express-payment-block\" class=\"wp-block-woocommerce-cart-express-payment-block\"><\/div>\n\n\n\n<div data-block-name=\"woocommerce\/proceed-to-checkout-block\" class=\"wp-block-woocommerce-proceed-to-checkout-block\"><\/div>\n\n\n\n<div data-block-name=\"woocommerce\/cart-accepted-payment-methods-block\" class=\"wp-block-woocommerce-cart-accepted-payment-methods-block\"><\/div>\n<\/div>\n<\/div>\n\n\n\n<div data-block-name=\"woocommerce\/empty-cart-block\" class=\"wp-block-woocommerce-empty-cart-block\">\n<h2 class=\"wp-block-heading has-text-align-center with-empty-cart-icon wc-block-cart__empty-cart__title\">Tw\u00f3j koszyk jest obecnie pusty!<\/h2>\n\n\n\n<hr class=\"wp-block-separator has-alpha-channel-opacity is-style-dots\"\/>\n\n\n\n<h2 class=\"wp-block-heading has-text-align-center\">Nowe w sklepie<\/h2>\n\n\n<div data-block-name=\"woocommerce\/product-new\" data-columns=\"4\" data-rows=\"1\" class=\"wc-block-grid wp-block-product-new wp-block-woocommerce-product-new wc-block-product-new has-4-columns\"><ul class=\"wc-block-grid__products\"><li class=\"wc-block-grid__product\">\n\t\t\t\t<a href=\"https:\/\/vitashop.info\/sk\/produkt\/organicare-zubna-kefka-zlta-1-ks\/\" class=\"wc-block-grid__product-link\">\n\t\t\t\t\t\n\t\t\t\t\t<div class=\"wc-block-grid__product-image\"><img fetchpriority=\"high\" decoding=\"async\" width=\"300\" height=\"300\" src=\"https:\/\/vitashop.info\/sk\/wp-content\/uploads\/sites\/2\/2023\/12\/biodegradowalna-szczoteczka-do-zebow-organicare-zolta-300x300.png\" class=\"attachment-woocommerce_thumbnail size-woocommerce_thumbnail\" alt=\"OrganiCare zubn\u00e1 kefka \u017elt\u00e1 1 ks -\" srcset=\"https:\/\/vitashop.info\/sk\/wp-content\/uploads\/sites\/2\/2023\/12\/biodegradowalna-szczoteczka-do-zebow-organicare-zolta-300x300.png 300w, https:\/\/vitashop.info\/sk\/wp-content\/uploads\/sites\/2\/2023\/12\/biodegradowalna-szczoteczka-do-zebow-organicare-zolta-150x150.png 150w, https:\/\/vitashop.info\/sk\/wp-content\/uploads\/sites\/2\/2023\/12\/biodegradowalna-szczoteczka-do-zebow-organicare-zolta-100x100.png 100w, https:\/\/vitashop.info\/sk\/wp-content\/uploads\/sites\/2\/2023\/12\/biodegradowalna-szczoteczka-do-zebow-organicare-zolta.png 350w\" sizes=\"(max-width: 300px) 100vw, 300px\" \/><\/div>\n\t\t\t\t\t<div class=\"wc-block-grid__product-title\">OrganiCare zubn\u00e1 kefka \u017elt\u00e1 1 ks &#8211;<\/div>\n\t\t\t\t<\/a>\n\t\t\t\t<div class=\"wc-block-grid__product-price price\"><span class=\"woocommerce-Price-amount amount\">5,80&nbsp;<span class=\"woocommerce-Price-currencySymbol\">&euro;<\/span><\/span><\/div>\n\t\t\t\t\n\t\t\t\t<div class=\"wp-block-button wc-block-grid__product-add-to-cart\"><a href=\"https:\/\/vitashop.calivita.sk\/products\/CF1684\" aria-label=\"K\u00fapte teraz\" data-quantity=\"1\" data-product_id=\"8555\" data-product_sku=\"CF1684\" data-price=\"5.8\" rel=\"nofollow\" class=\"wp-block-button__link  add_to_cart_button\">K\u00fapte teraz<\/a><\/div>\n\t\t\t<\/li><li class=\"wc-block-grid__product\">\n\t\t\t\t<a href=\"https:\/\/vitashop.info\/sk\/produkt\/vital-ab-90-tabliet-multivitamin-pre-krvnu-skupinu-ab\/\" class=\"wc-block-grid__product-link\">\n\t\t\t\t\t\n\t\t\t\t\t<div class=\"wc-block-grid__product-image\"><img decoding=\"async\" width=\"300\" height=\"549\" src=\"https:\/\/vitashop.info\/sk\/wp-content\/uploads\/sites\/2\/2025\/03\/calivita-vital-ab-300x549.png\" class=\"attachment-woocommerce_thumbnail size-woocommerce_thumbnail\" alt=\"Vital AB 90 tabliet - Multivitam\u00edn pre krvn\u00fa skupinu AB\" srcset=\"https:\/\/vitashop.info\/sk\/wp-content\/uploads\/sites\/2\/2025\/03\/calivita-vital-ab-300x549.png 300w, https:\/\/vitashop.info\/sk\/wp-content\/uploads\/sites\/2\/2025\/03\/calivita-vital-ab-164x300.png 164w, https:\/\/vitashop.info\/sk\/wp-content\/uploads\/sites\/2\/2025\/03\/calivita-vital-ab.png 328w\" sizes=\"(max-width: 300px) 100vw, 300px\" \/><\/div>\n\t\t\t\t\t<div class=\"wc-block-grid__product-title\">Vital AB 90 tabliet &#8211; Multivitam\u00edn pre krvn\u00fa skupinu AB<\/div>\n\t\t\t\t<\/a>\n\t\t\t\t<div class=\"wc-block-grid__product-price price\"><span class=\"woocommerce-Price-amount amount\">36,90&nbsp;<span class=\"woocommerce-Price-currencySymbol\">&euro;<\/span><\/span><\/div>\n\t\t\t\t\n\t\t\t\t<div class=\"wp-block-button wc-block-grid__product-add-to-cart\"><a href=\"https:\/\/vitashop.calivita.sk\/products\/CV0285\" aria-label=\"K\u00fapte teraz\" data-quantity=\"1\" data-product_id=\"9623\" data-product_sku=\"CV0285\" data-price=\"36.9\" rel=\"nofollow\" class=\"wp-block-button__link  add_to_cart_button\">K\u00fapte teraz<\/a><\/div>\n\t\t\t<\/li><li class=\"wc-block-grid__product\">\n\t\t\t\t<a href=\"https:\/\/vitashop.info\/sk\/produkt\/organicare-zubna-kefka-zelena-1-ks\/\" class=\"wc-block-grid__product-link\">\n\t\t\t\t\t\n\t\t\t\t\t<div class=\"wc-block-grid__product-image\"><img decoding=\"async\" width=\"300\" height=\"300\" src=\"https:\/\/vitashop.info\/sk\/wp-content\/uploads\/sites\/2\/2023\/12\/biodegradowalna-szczoteczka-do-zebow-organicare-zielona-300x300.png\" class=\"attachment-woocommerce_thumbnail size-woocommerce_thumbnail\" alt=\"OrganiCare zubn\u00e1 kefka zelen\u00e1 1 ks -\" srcset=\"https:\/\/vitashop.info\/sk\/wp-content\/uploads\/sites\/2\/2023\/12\/biodegradowalna-szczoteczka-do-zebow-organicare-zielona-300x300.png 300w, https:\/\/vitashop.info\/sk\/wp-content\/uploads\/sites\/2\/2023\/12\/biodegradowalna-szczoteczka-do-zebow-organicare-zielona-150x150.png 150w, https:\/\/vitashop.info\/sk\/wp-content\/uploads\/sites\/2\/2023\/12\/biodegradowalna-szczoteczka-do-zebow-organicare-zielona-100x100.png 100w, https:\/\/vitashop.info\/sk\/wp-content\/uploads\/sites\/2\/2023\/12\/biodegradowalna-szczoteczka-do-zebow-organicare-zielona.png 350w\" sizes=\"(max-width: 300px) 100vw, 300px\" \/><\/div>\n\t\t\t\t\t<div class=\"wc-block-grid__product-title\">OrganiCare zubn\u00e1 kefka zelen\u00e1 1 ks &#8211;<\/div>\n\t\t\t\t<\/a>\n\t\t\t\t<div class=\"wc-block-grid__product-price price\"><span class=\"woocommerce-Price-amount amount\">5,80&nbsp;<span class=\"woocommerce-Price-currencySymbol\">&euro;<\/span><\/span><\/div>\n\t\t\t\t\n\t\t\t\t<div class=\"wp-block-button wc-block-grid__product-add-to-cart\"><a href=\"https:\/\/vitashop.calivita.sk\/products\/CF1685\" aria-label=\"K\u00fapte teraz\" data-quantity=\"1\" data-product_id=\"8554\" data-product_sku=\"CF1685\" data-price=\"5.8\" rel=\"nofollow\" class=\"wp-block-button__link  add_to_cart_button\">K\u00fapte teraz<\/a><\/div>\n\t\t\t<\/li><li class=\"wc-block-grid__product\">\n\t\t\t\t<a href=\"https:\/\/vitashop.info\/sk\/produkt\/one-diet-sejker-sedy-1-ks-kvalitny-350-ml-sejker-v-sedej-farbe\/\" class=\"wc-block-grid__product-link\">\n\t\t\t\t\t\n\t\t\t\t\t<div class=\"wc-block-grid__product-image\"><img loading=\"lazy\" decoding=\"async\" width=\"149\" height=\"200\" src=\"https:\/\/vitashop.info\/sk\/wp-content\/uploads\/sites\/2\/2023\/12\/One-Diet-sejker-sedy.png\" class=\"attachment-woocommerce_thumbnail size-woocommerce_thumbnail\" alt=\"One Diet \u0161ejker \u0161ed\u00fd 1 ks - kvalitn\u00fd, 350 ml \u0161ejker v \u0161edej farbe\" \/><\/div>\n\t\t\t\t\t<div class=\"wc-block-grid__product-title\">One Diet \u0161ejker \u0161ed\u00fd 1 ks &#8211; kvalitn\u00fd, 350 ml \u0161ejker v \u0161edej farbe<\/div>\n\t\t\t\t<\/a>\n\t\t\t\t<div class=\"wc-block-grid__product-price price\"><span class=\"woocommerce-Price-amount amount\">8,00&nbsp;<span class=\"woocommerce-Price-currencySymbol\">&euro;<\/span><\/span><\/div>\n\t\t\t\t\n\t\t\t\t<div class=\"wp-block-button wc-block-grid__product-add-to-cart\"><a href=\"https:\/\/vitashop.calivita.sk\/products\/CF1453\" aria-label=\"K\u00fapte teraz\" data-quantity=\"1\" data-product_id=\"8550\" data-product_sku=\"CF1453\" data-price=\"8\" rel=\"nofollow\" class=\"wp-block-button__link  add_to_cart_button\">K\u00fapte teraz<\/a><\/div>\n\t\t\t<\/li><\/ul><\/div><\/div>\n<\/div>\n","protected":false},"excerpt":{"rendered":"","protected":false},"author":1,"featured_media":0,"parent":0,"menu_order":0,"comment_status":"closed","ping_status":"closed","template":"","meta":{"footnotes":""},"class_list":["post-7","page","type-page","status-publish","hentry"],"post-meta":[],"_links":{"self":[{"href":"https:\/\/vitashop.info\/sk\/wp-json\/wp\/v2\/pages\/7","targetHints":{"allow":["GET"]}}],"collection":[{"href":"https:\/\/vitashop.info\/sk\/wp-json\/wp\/v2\/pages"}],"about":[{"href":"https:\/\/vitashop.info\/sk\/wp-json\/wp\/v2\/types\/page"}],"author":[{"embeddable":true,"href":"https:\/\/vitashop.info\/sk\/wp-json\/wp\/v2\/users\/1"}],"replies":[{"embeddable":true,"href":"https:\/\/vitashop.info\/sk\/wp-json\/wp\/v2\/comments?post=7"}],"version-history":[{"count":0,"href":"https:\/\/vitashop.info\/sk\/wp-json\/wp\/v2\/pages\/7\/revisions"}],"wp:attachment":[{"href":"https:\/\/vitashop.info\/sk\/wp-json\/wp\/v2\/media?parent=7"}],"curies":[{"name":"wp","href":"https:\/\/api.w.org\/{rel}","templated":true}]}}