{"id":11859,"date":"2025-01-23T18:27:11","date_gmt":"2025-01-23T17:27:11","guid":{"rendered":"https:\/\/vitashop.info\/si\/izdelek\/pre-steps-daily-60-ml-tekoci-vitamini-za-najmlajse\/"},"modified":"2026-04-21T01:44:07","modified_gmt":"2026-04-21T00:44:07","slug":"pre-steps-daily-60-ml-tekoci-vitamini-za-najmlajse","status":"publish","type":"product","link":"https:\/\/vitashop.info\/si\/izdelek\/pre-steps-daily-60-ml-tekoci-vitamini-za-najmlajse\/","title":{"rendered":"Pre Steps Daily 60 ml &#8211; teko\u010di vitamini za najmlaj\u0161e"},"content":{"rendered":"<p>Odmerjanje: 1 ml dnevno zjutraj ob obroku ali takoj po njem.<\/p>\n<p>&nbsp;<\/p>\n<p>Opis:<\/p>\n<p>Kompleksni multivitaminski izdelek za dojen\u010dke in mlaj&scaron;e otroke je preprost za uporabo, dobrega okusa in se zahvaljujo\u010d teko\u010di obliki tudi u\u010dinkovito absorbira.<\/p>\n<p>&#013;<\/p>\n<p>&nbsp;<\/p>\n<p>&nbsp;<\/p>\n<p>Koga priporo\u010damo:<\/p>\n<ul>&#013;<\/p>\n<li>Dojen\u010dkom in mlaj&scaron;im otrokom za vsakodnevno uporabo.<\/li>\n<p>&#013;<\/p>\n<li>Starostnikom pri te\u017eavah s po\u017eiranjem in iz\u010drpanosti.<\/li>\n<p>&#013;\n<\/ul>\n<p>&nbsp;<\/p>\n<p>Sestavine:<\/p>\n<p>Vitamin A 400 mcg<\/p>\n<p>Vitamin E 2.9 mg<\/p>\n<p>Vitamin C 35 mg<\/p>\n<p>Vitamin B1 (tiamin) 0.5 mg<\/p>\n<p>Vitamin B2 (riboflavin) 0.6 mg<\/p>\n<p>Niacin 8 mg<\/p>\n<p>Pantotenska kislina 3 mg<\/p>\n<p>Vitamin B6 (piridoksin) 0.4 mg<\/p>\n<p>Vitamin B12 (cianokobalamin) 0.5 mcg<\/p>\n<p>&nbsp;<\/p>\n<p>Zakaj izbrati izdelke Calivita:<\/p>\n<ul>\n<li>Z izjemnim strokovnim ozadjem CaliVita \u017ee ve\u010d kot 30 let ponuja svoje izdelke, ki izpolnjujejo najvi\u0161je standarde kakovosti.<\/li>\n<li>Vedno si prizadevamo za uporabo naravnih osnovnih materialov, ki izvirajo iz najbolj\u0161ih virov.<\/li>\n<li>Med na\u0161im razvojem delamo z uporabo bolj\u0161ih absorpcijskih, na primer organskih oblik.<\/li>\n<li>Nudimo 100% garancijo kakovosti za na\u0161e izdelke.<\/li>\n<li>Na\u0161i izdelki so podvr\u017eeni strogemu in ve\u010dkratnemu postopku preverjanja, da bi nenehno zagotavljali odli\u010dno kakovost.<\/li>\n<li>Velika ve\u010dina na\u0161ih prehranskih dopolnil je proizvedena v farmacevtskih pogojih v ZDA.<br \/>\nIzdelki so izdelani po na\u010delih cGMP (trenutne dobre proizvodne prakse), izvajajo pa se tudi stalni nadzor in redni pregledi s strani FDA (Food and Drug Administration). Tesno sodelujemo z lokalnimi licen\u010dnimi organi, da bi zagotovili, da so na\u0161i potro\u0161niki vedno na voljo izdelki najvi\u0161je kakovosti.<\/li>\n<\/ul>\n<p>OPOZORILO!<br \/>\nHraniti izven dosega majhnih otrok. Priporo\u010denega dnevnega odmerka ne smete prese\u010di. Prehranskih dopolnil ne smemo uporabljati kot nadomestek za pestro prehrano.<\/p>\n","protected":false},"excerpt":{"rendered":"<p>Koli\u010dina na zalogi: 2 <\/p>\n","protected":false},"featured_media":12618,"comment_status":"closed","ping_status":"open","template":"","meta":[],"product_brand":[],"product_cat":[441],"product_tag":[],"class_list":{"0":"post-11859","1":"product","2":"type-product","3":"status-publish","4":"has-post-thumbnail","6":"product_cat-naravni-dodatki","8":"first","9":"instock","10":"product-type-external"},"_links":{"self":[{"href":"https:\/\/vitashop.info\/si\/wp-json\/wp\/v2\/product\/11859","targetHints":{"allow":["GET"]}}],"collection":[{"href":"https:\/\/vitashop.info\/si\/wp-json\/wp\/v2\/product"}],"about":[{"href":"https:\/\/vitashop.info\/si\/wp-json\/wp\/v2\/types\/product"}],"replies":[{"embeddable":true,"href":"https:\/\/vitashop.info\/si\/wp-json\/wp\/v2\/comments?post=11859"}],"wp:featuredmedia":[{"embeddable":true,"href":"https:\/\/vitashop.info\/si\/wp-json\/wp\/v2\/media\/12618"}],"wp:attachment":[{"href":"https:\/\/vitashop.info\/si\/wp-json\/wp\/v2\/media?parent=11859"}],"wp:term":[{"taxonomy":"product_brand","embeddable":true,"href":"https:\/\/vitashop.info\/si\/wp-json\/wp\/v2\/product_brand?post=11859"},{"taxonomy":"product_cat","embeddable":true,"href":"https:\/\/vitashop.info\/si\/wp-json\/wp\/v2\/product_cat?post=11859"},{"taxonomy":"product_tag","embeddable":true,"href":"https:\/\/vitashop.info\/si\/wp-json\/wp\/v2\/product_tag?post=11859"}],"curies":[{"name":"wp","href":"https:\/\/api.w.org\/{rel}","templated":true}]}}