{"id":11853,"date":"2025-01-21T18:27:14","date_gmt":"2025-01-21T17:27:14","guid":{"rendered":"https:\/\/vitashop.info\/si\/izdelek\/noni-kapsule-90-kapsul-pripravek-nonija-v-kapsulah\/"},"modified":"2026-04-21T01:44:17","modified_gmt":"2026-04-21T00:44:17","slug":"noni-kapsule-90-kapsul-pripravek-nonija-v-kapsulah","status":"publish","type":"product","link":"https:\/\/vitashop.info\/si\/izdelek\/noni-kapsule-90-kapsul-pripravek-nonija-v-kapsulah\/","title":{"rendered":"Noni kapsule 90 kapsul &#8211; pripravek nonija v kapsulah"},"content":{"rendered":"<p>Odmerjanje: 1 kapsula na dan na te\u0161\u010de.<\/p>\n<p>&nbsp;<\/p>\n<p>Opis:<\/p>\n<p>Poleg soka Polinesian Noni se lahko odlo\u010dite tudi za koristne u\u010dinke nonija v obliki kapsul. Vsaka kapsula vsebuje 400&nbsp;mg dragocene u\u010dinkovine. Posebne aktivne sestavine sadja noni zagotavljajo pomo\u010d pri ohranjanju ali obnovi zdravja, naj gre za razstrupljanje ali obdobje, ko va&scaron; imunski sistem potrebuje ve\u010d podpore.<\/p>\n<p>&nbsp;<\/p>\n<p>Koga priporo\u010damo:<\/p>\n<ul>&#013;<\/p>\n<li>Vsem, ki \u017eelijo u\u017eivati koristi odpornega imunskega sistema.<\/li>\n<p>&#013;<\/p>\n<li>Za izbolj&scaron;anje uravnove&scaron;enega delovanja telesa.<\/li>\n<p>&#013;<\/p>\n<li>Za pove\u010danje in ohranjanje splo&scaron;ne ravni energije.<\/li>\n<p>&#013;<\/p>\n<li>Kot dopolnilo postopkom razstrupljanja.<\/li>\n<p>&#013;\n<\/ul>\n<p>&nbsp;<\/p>\n<p>Sestavine:<\/p>\n<p>Noni &#8211; Morinda citrifolia 400 mg<\/p>\n<p>&nbsp;<\/p>\n<p>Zakaj izbrati izdelke Calivita:<\/p>\n<ul>\n<li>Z izjemnim strokovnim ozadjem CaliVita \u017ee ve\u010d kot 30 let ponuja svoje izdelke, ki izpolnjujejo najvi\u0161je standarde kakovosti.<\/li>\n<li>Vedno si prizadevamo za uporabo naravnih osnovnih materialov, ki izvirajo iz najbolj\u0161ih virov.<\/li>\n<li>Med na\u0161im razvojem delamo z uporabo bolj\u0161ih absorpcijskih, na primer organskih oblik.<\/li>\n<li>Nudimo 100% garancijo kakovosti za na\u0161e izdelke.<\/li>\n<li>Na\u0161i izdelki so podvr\u017eeni strogemu in ve\u010dkratnemu postopku preverjanja, da bi nenehno zagotavljali odli\u010dno kakovost.<\/li>\n<li>Velika ve\u010dina na\u0161ih prehranskih dopolnil je proizvedena v farmacevtskih pogojih v ZDA.<br \/>\nIzdelki so izdelani po na\u010delih cGMP (trenutne dobre proizvodne prakse), izvajajo pa se tudi stalni nadzor in redni pregledi s strani FDA (Food and Drug Administration). Tesno sodelujemo z lokalnimi licen\u010dnimi organi, da bi zagotovili, da so na\u0161i potro\u0161niki vedno na voljo izdelki najvi\u0161je kakovosti.<\/li>\n<\/ul>\n<p>OPOZORILO!<br \/>\nHraniti izven dosega majhnih otrok. Priporo\u010denega dnevnega odmerka ne smete prese\u010di. Prehranskih dopolnil ne smemo uporabljati kot nadomestek za pestro prehrano.<\/p>\n","protected":false},"excerpt":{"rendered":"<p>Koli\u010dina na zalogi: 2 <\/p>\n","protected":false},"featured_media":11985,"comment_status":"closed","ping_status":"open","template":"","meta":[],"product_brand":[],"product_cat":[441],"product_tag":[],"class_list":{"0":"post-11853","1":"product","2":"type-product","3":"status-publish","4":"has-post-thumbnail","6":"product_cat-naravni-dodatki","8":"first","9":"instock","10":"product-type-external"},"_links":{"self":[{"href":"https:\/\/vitashop.info\/si\/wp-json\/wp\/v2\/product\/11853","targetHints":{"allow":["GET"]}}],"collection":[{"href":"https:\/\/vitashop.info\/si\/wp-json\/wp\/v2\/product"}],"about":[{"href":"https:\/\/vitashop.info\/si\/wp-json\/wp\/v2\/types\/product"}],"replies":[{"embeddable":true,"href":"https:\/\/vitashop.info\/si\/wp-json\/wp\/v2\/comments?post=11853"}],"wp:featuredmedia":[{"embeddable":true,"href":"https:\/\/vitashop.info\/si\/wp-json\/wp\/v2\/media\/11985"}],"wp:attachment":[{"href":"https:\/\/vitashop.info\/si\/wp-json\/wp\/v2\/media?parent=11853"}],"wp:term":[{"taxonomy":"product_brand","embeddable":true,"href":"https:\/\/vitashop.info\/si\/wp-json\/wp\/v2\/product_brand?post=11853"},{"taxonomy":"product_cat","embeddable":true,"href":"https:\/\/vitashop.info\/si\/wp-json\/wp\/v2\/product_cat?post=11853"},{"taxonomy":"product_tag","embeddable":true,"href":"https:\/\/vitashop.info\/si\/wp-json\/wp\/v2\/product_tag?post=11853"}],"curies":[{"name":"wp","href":"https:\/\/api.w.org\/{rel}","templated":true}]}}