{"id":11090,"date":"2026-04-14T01:42:18","date_gmt":"2026-04-14T00:42:18","guid":{"rendered":"https:\/\/vitashop.info\/si\/product\/vitamin-d-2000-iu-60-tablet-mega-odmerek-vitamina-d3\/"},"modified":"2026-04-14T01:44:08","modified_gmt":"2026-04-14T00:44:08","slug":"vitamin-d-2000-iu-60-tablet-mega-odmerek-vitamina-d3","status":"publish","type":"product","link":"https:\/\/vitashop.info\/si\/izdelek\/vitamin-d-2000-iu-60-tablet-mega-odmerek-vitamina-d3\/","title":{"rendered":"VITAMIN D 2000 IU 60 tablet &#8211; MEGA ODMEREK VITAMINA D3"},"content":{"rendered":"<p>Odmerjanje: 1 tableta<\/p>\n<p>&nbsp;<\/p>\n<p>Opis:<\/p>\n<p style=\"text-align: justify\">Vitamin D ima poleg tega, da je bistven za zdravje kosti, ve\u010d drugih pomembnih vlog. Vendar ve\u010dina ne zau\u017eije dovolj vitamina D, niti v poletnih mesecih. Podprite delovanje svojega imunskega sistema z ustreznim dopolnilom vitamina D!<\/p>\n<p>&nbsp;<\/p>\n<p>Koga priporo\u010damo:<\/p>\n<ul>&#013;<\/p>\n<li>Osebam, ki ve\u010dino svojega \u010dasa pre\u017eivijo v notranjih prostorih.<\/li>\n<p>&#013;<\/p>\n<li>Vsem, ki se borijo s prekomerno te\u017eo, ker imajo vi&scaron;je potrebe po vitaminu D.<\/li>\n<p>&#013;<\/p>\n<li>Vsakomur za ohranjanje imunskega sistema, saj vitamin D prispeva k delovanju imunskega sistema.<\/li>\n<p>&#013;<\/p>\n<li>Osebam, ki cenijo zdravje svojih kosti in zob, saj vitamin D prispeva k ohranjanju zdravih kosti in zob.<\/li>\n<p>&#013;<\/p>\n<li>Nose\u010dnicam zaradi ustreznega razvoja kosti pri zarodku in za&scaron;\u010dite lastnih kosti ter med dojenjem.<\/li>\n<p>&#013;<\/p>\n<li>Doje\u010dim materam za ohranjanje normalnih ravni vitaminov v telesu.<\/li>\n<p>&#013;<\/p>\n<li>Osebam, ki imajo alergije na sonce.<\/li>\n<p>&#013;<\/p>\n<li>Vegetarijancem.&nbsp;<\/li>\n<p>&#013;\n<\/ul>\n<p>&nbsp;<\/p>\n<p>Sestavine:<\/p>\n<p>Vitamin D3 50 mcg<\/p>\n<p>&nbsp;<\/p>\n<p>Zakaj izbrati izdelke Calivita:<\/p>\n<ul>\n<li>Z izjemnim strokovnim ozadjem CaliVita \u017ee ve\u010d kot 30 let ponuja svoje izdelke, ki izpolnjujejo najvi\u0161je standarde kakovosti.<\/li>\n<li>Vedno si prizadevamo za uporabo naravnih osnovnih materialov, ki izvirajo iz najbolj\u0161ih virov.<\/li>\n<li>Med na\u0161im razvojem delamo z uporabo bolj\u0161ih absorpcijskih, na primer organskih oblik.<\/li>\n<li>Nudimo 100% garancijo kakovosti za na\u0161e izdelke.<\/li>\n<li>Na\u0161i izdelki so podvr\u017eeni strogemu in ve\u010dkratnemu postopku preverjanja, da bi nenehno zagotavljali odli\u010dno kakovost.<\/li>\n<li>Velika ve\u010dina na\u0161ih prehranskih dopolnil je proizvedena v farmacevtskih pogojih v ZDA.<br \/>\nIzdelki so izdelani po na\u010delih cGMP (trenutne dobre proizvodne prakse), izvajajo pa se tudi stalni nadzor in redni pregledi s strani FDA (Food and Drug Administration). Tesno sodelujemo z lokalnimi licen\u010dnimi organi, da bi zagotovili, da so na\u0161i potro\u0161niki vedno na voljo izdelki najvi\u0161je kakovosti.<\/li>\n<\/ul>\n<p>OPOZORILO!<br \/>\nHraniti izven dosega majhnih otrok. Priporo\u010denega dnevnega odmerka ne smete prese\u010di. Prehranskih dopolnil ne smemo uporabljati kot nadomestek za pestro prehrano.<\/p>\n","protected":false},"excerpt":{"rendered":"<p>Koli\u010dina na zalogi: 76 <\/p>\n","protected":false},"featured_media":12646,"comment_status":"closed","ping_status":"open","template":"","meta":[],"product_brand":[],"product_cat":[441],"product_tag":[],"class_list":{"0":"post-11090","1":"product","2":"type-product","3":"status-publish","4":"has-post-thumbnail","6":"product_cat-naravni-dodatki","8":"first","9":"instock","10":"product-type-external"},"_links":{"self":[{"href":"https:\/\/vitashop.info\/si\/wp-json\/wp\/v2\/product\/11090","targetHints":{"allow":["GET"]}}],"collection":[{"href":"https:\/\/vitashop.info\/si\/wp-json\/wp\/v2\/product"}],"about":[{"href":"https:\/\/vitashop.info\/si\/wp-json\/wp\/v2\/types\/product"}],"replies":[{"embeddable":true,"href":"https:\/\/vitashop.info\/si\/wp-json\/wp\/v2\/comments?post=11090"}],"wp:featuredmedia":[{"embeddable":true,"href":"https:\/\/vitashop.info\/si\/wp-json\/wp\/v2\/media\/12646"}],"wp:attachment":[{"href":"https:\/\/vitashop.info\/si\/wp-json\/wp\/v2\/media?parent=11090"}],"wp:term":[{"taxonomy":"product_brand","embeddable":true,"href":"https:\/\/vitashop.info\/si\/wp-json\/wp\/v2\/product_brand?post=11090"},{"taxonomy":"product_cat","embeddable":true,"href":"https:\/\/vitashop.info\/si\/wp-json\/wp\/v2\/product_cat?post=11090"},{"taxonomy":"product_tag","embeddable":true,"href":"https:\/\/vitashop.info\/si\/wp-json\/wp\/v2\/product_tag?post=11090"}],"curies":[{"name":"wp","href":"https:\/\/api.w.org\/{rel}","templated":true}]}}