{"id":11088,"date":"2026-04-14T01:42:18","date_gmt":"2026-04-14T00:42:18","guid":{"rendered":"https:\/\/vitashop.info\/si\/product\/vital-woman-60-tablet-povecanje-vzdrzljivosti-za-zenske\/"},"modified":"2026-04-14T01:44:08","modified_gmt":"2026-04-14T00:44:08","slug":"vital-woman-60-tablet-povecanje-vzdrzljivosti-za-zenske","status":"publish","type":"product","link":"https:\/\/vitashop.info\/si\/izdelek\/vital-woman-60-tablet-povecanje-vzdrzljivosti-za-zenske\/","title":{"rendered":"Vital Woman 60 tablet &#8211; pove\u010danje vzdr\u017eljivosti za \u017eenske"},"content":{"rendered":"<p>Odmerjanje: 1 tableta na dan.<\/p>\n<p>&nbsp;<\/p>\n<p>Opis:<\/p>\n<p>Izdelek Vital Woman z eksoti\u010dnimi rastlinskimi aktivnimi sestavinami podpira zdrave fiziolo&scaron;ke procese v \u017eenskem telesu.&nbsp;Naravne sestavine, ki jih vsebuje izdelek, imajo podoben u\u010dinek kot \u017eenski hormoni, s tem pa&nbsp;<strong>pove\u010dajo spolno slo in po\u017eivljajo.<\/strong>&nbsp;<strong>Maca podpira fizi\u010dno in mentalno zmogljivost, pomaga ohranjati optimalne ob\u010dutke in vitalnost.<\/strong>&nbsp;Pomaga tudi pri&nbsp;<strong>ohranjanju naravne spolne aktivnosti in energije.<\/strong>&nbsp;Blagodejno vpliva na&nbsp;<strong>plodnost in spodbuja spolno slo.<\/strong><\/p>\n<p>&nbsp;<\/p>\n<p>Koga priporo\u010damo:<\/p>\n<ul>&#013;<\/p>\n<li>Za pove\u010danje \u017eenske spolne aktivnosti za polnej&scaron;i odnos.<\/li>\n<p>&#013;<\/p>\n<li>Za polnjenje telesa z energijo in kot pomo\u010d za plodnost.<\/li>\n<p>&#013;<\/p>\n<li>V primeru napetosti, slabega razpolo\u017eenja in potrtosti in za izbolj&scaron;anje splo&scaron;nega stanja.<\/li>\n<p>&#013;\n<\/ul>\n<p>&nbsp;<\/p>\n<p>Sestavine:<\/p>\n<p>Damiana 125 mg<\/p>\n<p>Korenina Suma 100 mg<\/p>\n<p>Maca 100 mg<\/p>\n<p>Izvle\u010dek gvarane (standardizirano na 22% kofeina) 100 mg<\/p>\n<p>Korenina Hemidesmus indicus 50 mg<\/p>\n<p>Jagode palmeto 50 mg<\/p>\n<p>Lubje catauba 25 mg<\/p>\n<p>&nbsp;<\/p>\n<p>Zakaj izbrati izdelke Calivita:<\/p>\n<ul>\n<li>Z izjemnim strokovnim ozadjem CaliVita \u017ee ve\u010d kot 30 let ponuja svoje izdelke, ki izpolnjujejo najvi\u0161je standarde kakovosti.<\/li>\n<li>Vedno si prizadevamo za uporabo naravnih osnovnih materialov, ki izvirajo iz najbolj\u0161ih virov.<\/li>\n<li>Med na\u0161im razvojem delamo z uporabo bolj\u0161ih absorpcijskih, na primer organskih oblik.<\/li>\n<li>Nudimo 100% garancijo kakovosti za na\u0161e izdelke.<\/li>\n<li>Na\u0161i izdelki so podvr\u017eeni strogemu in ve\u010dkratnemu postopku preverjanja, da bi nenehno zagotavljali odli\u010dno kakovost.<\/li>\n<li>Velika ve\u010dina na\u0161ih prehranskih dopolnil je proizvedena v farmacevtskih pogojih v ZDA.<br \/>\nIzdelki so izdelani po na\u010delih cGMP (trenutne dobre proizvodne prakse), izvajajo pa se tudi stalni nadzor in redni pregledi s strani FDA (Food and Drug Administration). Tesno sodelujemo z lokalnimi licen\u010dnimi organi, da bi zagotovili, da so na\u0161i potro\u0161niki vedno na voljo izdelki najvi\u0161je kakovosti.<\/li>\n<\/ul>\n<p>OPOZORILO!<br \/>\nHraniti izven dosega majhnih otrok. Priporo\u010denega dnevnega odmerka ne smete prese\u010di. Prehranskih dopolnil ne smemo uporabljati kot nadomestek za pestro prehrano.<\/p>\n","protected":false},"excerpt":{"rendered":"<p>Koli\u010dina na zalogi: 24 <\/p>\n","protected":false},"featured_media":12654,"comment_status":"closed","ping_status":"open","template":"","meta":[],"product_brand":[],"product_cat":[441],"product_tag":[],"class_list":{"0":"post-11088","1":"product","2":"type-product","3":"status-publish","4":"has-post-thumbnail","6":"product_cat-naravni-dodatki","8":"first","9":"instock","10":"product-type-external"},"_links":{"self":[{"href":"https:\/\/vitashop.info\/si\/wp-json\/wp\/v2\/product\/11088","targetHints":{"allow":["GET"]}}],"collection":[{"href":"https:\/\/vitashop.info\/si\/wp-json\/wp\/v2\/product"}],"about":[{"href":"https:\/\/vitashop.info\/si\/wp-json\/wp\/v2\/types\/product"}],"replies":[{"embeddable":true,"href":"https:\/\/vitashop.info\/si\/wp-json\/wp\/v2\/comments?post=11088"}],"wp:featuredmedia":[{"embeddable":true,"href":"https:\/\/vitashop.info\/si\/wp-json\/wp\/v2\/media\/12654"}],"wp:attachment":[{"href":"https:\/\/vitashop.info\/si\/wp-json\/wp\/v2\/media?parent=11088"}],"wp:term":[{"taxonomy":"product_brand","embeddable":true,"href":"https:\/\/vitashop.info\/si\/wp-json\/wp\/v2\/product_brand?post=11088"},{"taxonomy":"product_cat","embeddable":true,"href":"https:\/\/vitashop.info\/si\/wp-json\/wp\/v2\/product_cat?post=11088"},{"taxonomy":"product_tag","embeddable":true,"href":"https:\/\/vitashop.info\/si\/wp-json\/wp\/v2\/product_tag?post=11088"}],"curies":[{"name":"wp","href":"https:\/\/api.w.org\/{rel}","templated":true}]}}