{"id":11068,"date":"2025-04-29T01:42:14","date_gmt":"2025-04-29T00:42:14","guid":{"rendered":"https:\/\/vitashop.info\/si\/product\/trimex-wms-473-ml-tekocina-s-sinergijskim-delovanjem-naravnih-snovi-za-hujsanje\/"},"modified":"2026-04-14T01:44:12","modified_gmt":"2026-04-14T00:44:12","slug":"trimex-wms-473-ml-tekocina-s-sinergijskim-delovanjem-naravnih-snovi-za-hujsanje","status":"publish","type":"product","link":"https:\/\/vitashop.info\/si\/izdelek\/trimex-wms-473-ml-tekocina-s-sinergijskim-delovanjem-naravnih-snovi-za-hujsanje\/","title":{"rendered":"TrimeX WMS 473 ml &#8211; teko\u010dina s sinergijskim delovanjem naravnih snovi za huj\u0161anje"},"content":{"rendered":"<p>Odmerjanje: 1 jedilno \u017elico (15 ml) zme\u0161ajte s 2,5 dcl vode pred spanjem, in sicer vsaj tri ure po zadnjem obroku.<\/p>\n<p>&nbsp;<\/p>\n<p>Opis:<\/p>\n<p>TrimeX je <strong>teko\u010di pripravek za dopolnilo shuj&scaron;evalni dieti<\/strong> s kompleksnimi aminokislinami ter patentirano me&scaron;anico antioksidantov in kroma, s pomo\u010djo katere boste <strong>dosegli ali ohranili svojo idealno telesno te\u017eo.<\/strong><\/p>\n<p>&#013;<\/p>\n<div>Mo\u010dni<strong>&nbsp;antioksidanti<\/strong>&nbsp;kot npr. mangan v patentirani me&scaron;anici&nbsp;<strong>podpirajo telo,<\/strong>&nbsp;saj ima vlogo pri za&scaron;\u010diti celic pred oksidativnim stresom,&nbsp;<strong>hidroksicitronska kislina (HCA)<\/strong>&nbsp;iz rastline Garcinia cambogia pa&nbsp;<strong>prepre\u010duje pretvorbo zau\u017eitih hranil v ma&scaron;\u010dobo.<\/strong>&nbsp;<strong>Krom<\/strong>&nbsp;pa ima medtem vlogo pri presnovi makrohranil ter&nbsp;<strong>prispeva k vzdr\u017eevanju normalne ravni glukoze v krvi.<\/strong><\/div>\n<p>&#013;<\/p>\n<div>Uspelo vam bo z aktivnim \u017eivljenjskim slogom, pravilno prehrano in izdelkom TrimeX!<\/div>\n<p>&nbsp;<\/p>\n<p>Koga priporo\u010damo:<\/p>\n<ul>&#013;<\/p>\n<li>Vsem, ki poleg aktivnega in zdravega \u017eivljenjskega sloga in prehranjevanja i&scaron;\u010dejo naravno pomo\u010d pri spopadanju s shuj&scaron;evalno dieto.<\/li>\n<p>&#013;<\/p>\n<li>Za spodbujanje presnove.<\/li>\n<p>&#013;<\/p>\n<li>Za la\u017eji prehod pri spremembi \u017eivljenjskega sloga.<\/li>\n<p>&#013;\n<\/ul>\n<p>&nbsp;<\/p>\n<p>Sestavine:<\/p>\n<p>Beljakovinska me\u0161anica 3000 mg<\/p>\n<p>Izvle\u010dek garcinije (Stand. na 50 % HCA) 500 mg<\/p>\n<p>Gel Aloe Vera 7.8 mg<\/p>\n<p>Izvle\u010dek listov zelenega \u010daja (95% skupnih polifenolov, 80% katehinov) 6.2 mg<\/p>\n<p>Mangan 2.5 mg<\/p>\n<p>Olje semen dvoletnega svetlina 1.6 mg<\/p>\n<p>Izvle\u010dek semen grenivke 0.5 mg<\/p>\n<p>Krom 120 mcg<\/p>\n<p>&nbsp;<\/p>\n<p>Zakaj izbrati izdelke Calivita:<\/p>\n<ul>\n<li>Z izjemnim strokovnim ozadjem CaliVita \u017ee ve\u010d kot 30 let ponuja svoje izdelke, ki izpolnjujejo najvi\u0161je standarde kakovosti.<\/li>\n<li>Vedno si prizadevamo za uporabo naravnih osnovnih materialov, ki izvirajo iz najbolj\u0161ih virov.<\/li>\n<li>Med na\u0161im razvojem delamo z uporabo bolj\u0161ih absorpcijskih, na primer organskih oblik.<\/li>\n<li>Nudimo 100% garancijo kakovosti za na\u0161e izdelke.<\/li>\n<li>Na\u0161i izdelki so podvr\u017eeni strogemu in ve\u010dkratnemu postopku preverjanja, da bi nenehno zagotavljali odli\u010dno kakovost.<\/li>\n<li>Velika ve\u010dina na\u0161ih prehranskih dopolnil je proizvedena v farmacevtskih pogojih v ZDA.<br \/>\nIzdelki so izdelani po na\u010delih cGMP (trenutne dobre proizvodne prakse), izvajajo pa se tudi stalni nadzor in redni pregledi s strani FDA (Food and Drug Administration). Tesno sodelujemo z lokalnimi licen\u010dnimi organi, da bi zagotovili, da so na\u0161i potro\u0161niki vedno na voljo izdelki najvi\u0161je kakovosti.<\/li>\n<\/ul>\n<p>OPOZORILO!<br \/>\nHraniti izven dosega majhnih otrok. Priporo\u010denega dnevnega odmerka ne smete prese\u010di. Prehranskih dopolnil ne smemo uporabljati kot nadomestek za pestro prehrano.<\/p>\n","protected":false},"excerpt":{"rendered":"<p>Koli\u010dina na zalogi: 2 <\/p>\n","protected":false},"featured_media":12729,"comment_status":"closed","ping_status":"open","template":"","meta":[],"product_brand":[],"product_cat":[441],"product_tag":[],"class_list":{"0":"post-11068","1":"product","2":"type-product","3":"status-publish","4":"has-post-thumbnail","6":"product_cat-naravni-dodatki","8":"first","9":"instock","10":"product-type-external"},"_links":{"self":[{"href":"https:\/\/vitashop.info\/si\/wp-json\/wp\/v2\/product\/11068","targetHints":{"allow":["GET"]}}],"collection":[{"href":"https:\/\/vitashop.info\/si\/wp-json\/wp\/v2\/product"}],"about":[{"href":"https:\/\/vitashop.info\/si\/wp-json\/wp\/v2\/types\/product"}],"replies":[{"embeddable":true,"href":"https:\/\/vitashop.info\/si\/wp-json\/wp\/v2\/comments?post=11068"}],"wp:featuredmedia":[{"embeddable":true,"href":"https:\/\/vitashop.info\/si\/wp-json\/wp\/v2\/media\/12729"}],"wp:attachment":[{"href":"https:\/\/vitashop.info\/si\/wp-json\/wp\/v2\/media?parent=11068"}],"wp:term":[{"taxonomy":"product_brand","embeddable":true,"href":"https:\/\/vitashop.info\/si\/wp-json\/wp\/v2\/product_brand?post=11068"},{"taxonomy":"product_cat","embeddable":true,"href":"https:\/\/vitashop.info\/si\/wp-json\/wp\/v2\/product_cat?post=11068"},{"taxonomy":"product_tag","embeddable":true,"href":"https:\/\/vitashop.info\/si\/wp-json\/wp\/v2\/product_tag?post=11068"}],"curies":[{"name":"wp","href":"https:\/\/api.w.org\/{rel}","templated":true}]}}