{"id":10983,"date":"2025-01-29T18:27:46","date_gmt":"2025-01-29T17:27:46","guid":{"rendered":"https:\/\/vitashop.info\/si\/product\/nordic-pure-omega-3-liquid-250-ml-omega-3-v-tekoci-obliki\/"},"modified":"2026-04-21T01:44:14","modified_gmt":"2026-04-21T00:44:14","slug":"nordic-pure-omega-3-liquid-250-ml-omega-3-v-tekoci-obliki","status":"publish","type":"product","link":"https:\/\/vitashop.info\/si\/izdelek\/nordic-pure-omega-3-liquid-250-ml-omega-3-v-tekoci-obliki\/","title":{"rendered":"Nordic Pure Omega 3 Liquid 250 ml &#8211; Omega 3 v teko\u010di obliki"},"content":{"rendered":"<p>Odmerjanje: <\/p>\n<p>&nbsp;<\/p>\n<p>Opis:<\/p>\n<p>Pripravek z<strong>&nbsp;omega-3 ma&scaron;\u010dobnimi kislinami <\/strong>v teko\u010di obliki.<\/p>\n<p>&#013;<\/p>\n<p>Izdelek vrhunske kakovosti iz naravnega ribjega olja, pridelanega iz zanesljivega in \u010distega vira na Islandiji. Ima visoko vsebnost dokozaheksaenojske kisline in zasnovali smo ga za podporo normalnega delovanja srca, vida in mo\u017eganov, saj ima DHK vlogo pri delovanju mo\u017eganov, koristni u\u010dinek pa se dose\u017ee z dnevnim vnosom 250 mg DHK.<\/p>\n<p>&#013;<\/p>\n<p>To prehransko dopolnilo je popolno za otroke, nose\u010dnice, doje\u010de matere in starej&scaron;e. Ne vsebuje nobenih umetnih aditivov, je brez glutena, laktoze, mle\u010dnih beljakovin in sladkorja. Ima naraven okus limone.<\/p>\n<p>&nbsp;<\/p>\n<p>Koga priporo\u010damo:<\/p>\n<ul>&#013;<\/p>\n<li>Vsem osebam, ki \u017eelijo vzdr\u017eevati normalno delovanje srca. EPK in DHK imata vlogo pri delovanju srca. Koristni u\u010dinek se dose\u017ee z dnevnim vnosom 250 mg EPK in DHK.<\/li>\n<p>&#013;<\/p>\n<li>Nose\u010dnicam in doje\u010dim materam za pomo\u010d pri normalnem razvoju fetusa in dojen\u010dka. Vnos dokozaheksaenojske kisline (DHA) pomaga pri normalnem razvoju vida pri dojen\u010dkih do 12. meseca starosti. Koristni u\u010dinek se dose\u017ee z dnevnim vnosom 100 mg DHA. Vnos dokozaheksaenojske kisline (DHA) prek matere pomaga pri normalnem razvoju o\u010di in mo\u017eganov pri fetusu in dojen\u010dku, dojenem z materinim mlekom. Koristni u\u010dinek se dose\u017ee z dnevnim vnosom 200 mg DHA poleg priporo\u010denega dnevnega vnosa omega-3 ma&scaron;\u010dobnih kislin za odrasle, tj. 250 mg DHA in EPA.<\/li>\n<p>&#013;<\/p>\n<li>Vsem, ki u\u017eivajo hrano z nizko vsebnostjo ma&scaron;\u010dobe, in osebam na shuj&scaron;evalni dieti.<\/li>\n<p>&#013;<\/p>\n<li>Vsakomur, ki \u017eeli ohraniti vid. DHK ima vlogo pri ohranjanju vida. Koristni u\u010dinek se dose\u017ee z dnevnim vnosom 250 mg DHK.<\/li>\n<p>&#013;<\/p>\n<li>Vsem hiperaktivnim in nemirnim otrokom.<\/li>\n<p>&#013;\n<\/ul>\n<p>&nbsp;<\/p>\n<p>Sestavine:<\/p>\n<p>Olje jeter trske, ki vsebuje: 4600 mg<\/p>\n<p>PUFA (ve\u010dkrat nenasi\u010dene ma\u0161\u010dobne kisline) 908 mg<\/p>\n<p>DHA (Dokosaheksaenojska kislina) 408 mg<\/p>\n<p>EPA (Eikosapentaenojska kislina) 363 mg<\/p>\n<p>&nbsp;<\/p>\n<p>Zakaj izbrati izdelke Calivita:<\/p>\n<ul>\n<li>Z izjemnim strokovnim ozadjem CaliVita \u017ee ve\u010d kot 30 let ponuja svoje izdelke, ki izpolnjujejo najvi\u0161je standarde kakovosti.<\/li>\n<li>Vedno si prizadevamo za uporabo naravnih osnovnih materialov, ki izvirajo iz najbolj\u0161ih virov.<\/li>\n<li>Med na\u0161im razvojem delamo z uporabo bolj\u0161ih absorpcijskih, na primer organskih oblik.<\/li>\n<li>Nudimo 100% garancijo kakovosti za na\u0161e izdelke.<\/li>\n<li>Na\u0161i izdelki so podvr\u017eeni strogemu in ve\u010dkratnemu postopku preverjanja, da bi nenehno zagotavljali odli\u010dno kakovost.<\/li>\n<li>Velika ve\u010dina na\u0161ih prehranskih dopolnil je proizvedena v farmacevtskih pogojih v ZDA.<br \/>\nIzdelki so izdelani po na\u010delih cGMP (trenutne dobre proizvodne prakse), izvajajo pa se tudi stalni nadzor in redni pregledi s strani FDA (Food and Drug Administration). Tesno sodelujemo z lokalnimi licen\u010dnimi organi, da bi zagotovili, da so na\u0161i potro\u0161niki vedno na voljo izdelki najvi\u0161je kakovosti.<\/li>\n<\/ul>\n<p>OPOZORILO!<br \/>\nHraniti izven dosega majhnih otrok. Priporo\u010denega dnevnega odmerka ne smete prese\u010di. Prehranskih dopolnil ne smemo uporabljati kot nadomestek za pestro prehrano.<\/p>\n","protected":false},"excerpt":{"rendered":"<p>Koli\u010dina na zalogi: 5 <\/p>\n","protected":false},"featured_media":12710,"comment_status":"closed","ping_status":"open","template":"","meta":[],"product_brand":[],"product_cat":[441],"product_tag":[],"class_list":{"0":"post-10983","1":"product","2":"type-product","3":"status-publish","4":"has-post-thumbnail","6":"product_cat-naravni-dodatki","8":"first","9":"instock","10":"product-type-external"},"_links":{"self":[{"href":"https:\/\/vitashop.info\/si\/wp-json\/wp\/v2\/product\/10983","targetHints":{"allow":["GET"]}}],"collection":[{"href":"https:\/\/vitashop.info\/si\/wp-json\/wp\/v2\/product"}],"about":[{"href":"https:\/\/vitashop.info\/si\/wp-json\/wp\/v2\/types\/product"}],"replies":[{"embeddable":true,"href":"https:\/\/vitashop.info\/si\/wp-json\/wp\/v2\/comments?post=10983"}],"wp:featuredmedia":[{"embeddable":true,"href":"https:\/\/vitashop.info\/si\/wp-json\/wp\/v2\/media\/12710"}],"wp:attachment":[{"href":"https:\/\/vitashop.info\/si\/wp-json\/wp\/v2\/media?parent=10983"}],"wp:term":[{"taxonomy":"product_brand","embeddable":true,"href":"https:\/\/vitashop.info\/si\/wp-json\/wp\/v2\/product_brand?post=10983"},{"taxonomy":"product_cat","embeddable":true,"href":"https:\/\/vitashop.info\/si\/wp-json\/wp\/v2\/product_cat?post=10983"},{"taxonomy":"product_tag","embeddable":true,"href":"https:\/\/vitashop.info\/si\/wp-json\/wp\/v2\/product_tag?post=10983"}],"curies":[{"name":"wp","href":"https:\/\/api.w.org\/{rel}","templated":true}]}}