{"id":10961,"date":"2026-04-14T01:42:09","date_gmt":"2026-04-14T00:42:09","guid":{"rendered":"https:\/\/vitashop.info\/si\/product\/lutein-plus-60-kapsul-kompleksna-zascita-oci\/"},"modified":"2026-04-14T01:44:05","modified_gmt":"2026-04-14T00:44:05","slug":"lutein-plus-60-kapsul-kompleksna-zascita-oci","status":"publish","type":"product","link":"https:\/\/vitashop.info\/si\/izdelek\/lutein-plus-60-kapsul-kompleksna-zascita-oci\/","title":{"rendered":"Lutein Plus 60 kapsul &#8211; kompleksna za\u0161\u010dita o\u010di"},"content":{"rendered":"<p>Odmerjanje: 1 kapsula dnevno. Zau\u017eijte jo med obrokom ali takoj po njem.<\/p>\n<p>&nbsp;<\/p>\n<p>Opis:<\/p>\n<p>Lutein PLUS je kompleksna antioksidativna formula, ki smo jo razvili posebej za<strong> za&scaron;\u010dito zdravja o\u010di.&nbsp;<\/strong>\u010ceprav je ameri&scaron;ka borovnica znana po tem, da podpira jasen vid ter zdravje o\u010di in zagotavlja antioksidativno podporo za o\u010di, sta lutein in zeaksantin najpomembnej&scaron;i sestavini makule, podro\u010dja v o\u010desu, ki je odgovorno za oster vid.<\/p>\n<p>&nbsp;<\/p>\n<p>Koga priporo\u010damo:<\/p>\n<ul>&#013;<\/p>\n<li>Vsem, katerih o\u010di so izpostavljene dodatnim napetostim (uporaba ra\u010dunalnika, gledanje televizije, vo\u017enja, izpostavljenost klimatski napravi, slaba in\/ali umetna svetloba).<\/li>\n<p>&#013;<\/p>\n<li>Vsem nad 40. letom starosti.<\/li>\n<p>&#013;<\/p>\n<li>Vsem, ki \u017eelijo ohraniti oster vid in zdravje svojih o\u010di.<\/li>\n<p>&#013;\n<\/ul>\n<p>&nbsp;<\/p>\n<p>Sestavine:<\/p>\n<p>Vitamin C 50 mg<\/p>\n<p>Izvle\u010dek borovnic (25% antocianov) 25 mg<\/p>\n<p>Lutein 6 mg<\/p>\n<p>Zeaksantin 0.5 mg<\/p>\n<p>&nbsp;<\/p>\n<p>Zakaj izbrati izdelke Calivita:<\/p>\n<ul>\n<li>Z izjemnim strokovnim ozadjem CaliVita \u017ee ve\u010d kot 30 let ponuja svoje izdelke, ki izpolnjujejo najvi\u0161je standarde kakovosti.<\/li>\n<li>Vedno si prizadevamo za uporabo naravnih osnovnih materialov, ki izvirajo iz najbolj\u0161ih virov.<\/li>\n<li>Med na\u0161im razvojem delamo z uporabo bolj\u0161ih absorpcijskih, na primer organskih oblik.<\/li>\n<li>Nudimo 100% garancijo kakovosti za na\u0161e izdelke.<\/li>\n<li>Na\u0161i izdelki so podvr\u017eeni strogemu in ve\u010dkratnemu postopku preverjanja, da bi nenehno zagotavljali odli\u010dno kakovost.<\/li>\n<li>Velika ve\u010dina na\u0161ih prehranskih dopolnil je proizvedena v farmacevtskih pogojih v ZDA.<br \/>\nIzdelki so izdelani po na\u010delih cGMP (trenutne dobre proizvodne prakse), izvajajo pa se tudi stalni nadzor in redni pregledi s strani FDA (Food and Drug Administration). Tesno sodelujemo z lokalnimi licen\u010dnimi organi, da bi zagotovili, da so na\u0161i potro\u0161niki vedno na voljo izdelki najvi\u0161je kakovosti.<\/li>\n<\/ul>\n<p>OPOZORILO!<br \/>\nHraniti izven dosega majhnih otrok. Priporo\u010denega dnevnega odmerka ne smete prese\u010di. Prehranskih dopolnil ne smemo uporabljati kot nadomestek za pestro prehrano.<\/p>\n","protected":false},"excerpt":{"rendered":"<p>Koli\u010dina na zalogi: 59 <\/p>\n","protected":false},"featured_media":12596,"comment_status":"closed","ping_status":"open","template":"","meta":[],"product_brand":[],"product_cat":[441],"product_tag":[],"class_list":{"0":"post-10961","1":"product","2":"type-product","3":"status-publish","4":"has-post-thumbnail","6":"product_cat-naravni-dodatki","8":"first","9":"instock","10":"product-type-external"},"_links":{"self":[{"href":"https:\/\/vitashop.info\/si\/wp-json\/wp\/v2\/product\/10961","targetHints":{"allow":["GET"]}}],"collection":[{"href":"https:\/\/vitashop.info\/si\/wp-json\/wp\/v2\/product"}],"about":[{"href":"https:\/\/vitashop.info\/si\/wp-json\/wp\/v2\/types\/product"}],"replies":[{"embeddable":true,"href":"https:\/\/vitashop.info\/si\/wp-json\/wp\/v2\/comments?post=10961"}],"wp:featuredmedia":[{"embeddable":true,"href":"https:\/\/vitashop.info\/si\/wp-json\/wp\/v2\/media\/12596"}],"wp:attachment":[{"href":"https:\/\/vitashop.info\/si\/wp-json\/wp\/v2\/media?parent=10961"}],"wp:term":[{"taxonomy":"product_brand","embeddable":true,"href":"https:\/\/vitashop.info\/si\/wp-json\/wp\/v2\/product_brand?post=10961"},{"taxonomy":"product_cat","embeddable":true,"href":"https:\/\/vitashop.info\/si\/wp-json\/wp\/v2\/product_cat?post=10961"},{"taxonomy":"product_tag","embeddable":true,"href":"https:\/\/vitashop.info\/si\/wp-json\/wp\/v2\/product_tag?post=10961"}],"curies":[{"name":"wp","href":"https:\/\/api.w.org\/{rel}","templated":true}]}}