{"id":10959,"date":"2026-04-14T01:42:09","date_gmt":"2026-04-14T00:42:09","guid":{"rendered":"https:\/\/vitashop.info\/si\/product\/low-deuterium-oxy-crystal-50-ml-voda-z-nizko-vsebnostjo-devterija\/"},"modified":"2026-04-14T01:44:12","modified_gmt":"2026-04-14T00:44:12","slug":"low-deuterium-oxy-crystal-50-ml-voda-z-nizko-vsebnostjo-devterija","status":"publish","type":"product","link":"https:\/\/vitashop.info\/si\/izdelek\/low-deuterium-oxy-crystal-50-ml-voda-z-nizko-vsebnostjo-devterija\/","title":{"rendered":"Low Deuterium Oxy Crystal\u00ae 50 ml &#8211; voda z nizko vsebnostjo devterija"},"content":{"rendered":"<p>Odmerjanje: Pome\u0161ajte 10 kapljic v 2,5 dcl vode in popijte trikrat na dan.<\/p>\n<p>&nbsp;<\/p>\n<p>Opis:<\/p>\n<p>Low Deuterium Oxy Crystal&reg; je magnetno strukturiran vodni koncentrat z nizko vsebnostjo devterija, obogaten s stabiliziranim kisikom.<\/p>\n<p>&nbsp;<\/p>\n<p>Koga priporo\u010damo:<\/p>\n<ul>&#013;<\/p>\n<li>Vsem, ki \u017eivijo v okolju, kjer je zrak onesna\u017een, meglen in vsebuje bore malo kisika.<\/li>\n<p>&#013;<\/p>\n<li>&Scaron;portnikom.<\/li>\n<p>&#013;<\/p>\n<li>Vsem za prijetno razpolo\u017eenje.<\/li>\n<p>&#013;\n<\/ul>\n<p>&nbsp;<\/p>\n<p>Sestavine:<\/p>\n<p>O\u010di\u0161\u010dena voda z nizko vsebnostjo devterija in visoko vsebnostjo stabiliziranega kisika  <\/p>\n<p>&nbsp;<\/p>\n<p>Zakaj izbrati izdelke Calivita:<\/p>\n<ul>\n<li>Z izjemnim strokovnim ozadjem CaliVita \u017ee ve\u010d kot 30 let ponuja svoje izdelke, ki izpolnjujejo najvi\u0161je standarde kakovosti.<\/li>\n<li>Vedno si prizadevamo za uporabo naravnih osnovnih materialov, ki izvirajo iz najbolj\u0161ih virov.<\/li>\n<li>Med na\u0161im razvojem delamo z uporabo bolj\u0161ih absorpcijskih, na primer organskih oblik.<\/li>\n<li>Nudimo 100% garancijo kakovosti za na\u0161e izdelke.<\/li>\n<li>Na\u0161i izdelki so podvr\u017eeni strogemu in ve\u010dkratnemu postopku preverjanja, da bi nenehno zagotavljali odli\u010dno kakovost.<\/li>\n<li>Velika ve\u010dina na\u0161ih prehranskih dopolnil je proizvedena v farmacevtskih pogojih v ZDA.<br \/>\nIzdelki so izdelani po na\u010delih cGMP (trenutne dobre proizvodne prakse), izvajajo pa se tudi stalni nadzor in redni pregledi s strani FDA (Food and Drug Administration). Tesno sodelujemo z lokalnimi licen\u010dnimi organi, da bi zagotovili, da so na\u0161i potro\u0161niki vedno na voljo izdelki najvi\u0161je kakovosti.<\/li>\n<\/ul>\n<p>OPOZORILO!<br \/>\nHraniti izven dosega majhnih otrok. Priporo\u010denega dnevnega odmerka ne smete prese\u010di. Prehranskih dopolnil ne smemo uporabljati kot nadomestek za pestro prehrano.<\/p>\n","protected":false},"excerpt":{"rendered":"<p>Koli\u010dina na zalogi: 64 <\/p>\n","protected":false},"featured_media":11684,"comment_status":"closed","ping_status":"open","template":"","meta":[],"product_brand":[],"product_cat":[441],"product_tag":[],"class_list":{"0":"post-10959","1":"product","2":"type-product","3":"status-publish","4":"has-post-thumbnail","6":"product_cat-naravni-dodatki","8":"first","9":"instock","10":"product-type-external"},"_links":{"self":[{"href":"https:\/\/vitashop.info\/si\/wp-json\/wp\/v2\/product\/10959","targetHints":{"allow":["GET"]}}],"collection":[{"href":"https:\/\/vitashop.info\/si\/wp-json\/wp\/v2\/product"}],"about":[{"href":"https:\/\/vitashop.info\/si\/wp-json\/wp\/v2\/types\/product"}],"replies":[{"embeddable":true,"href":"https:\/\/vitashop.info\/si\/wp-json\/wp\/v2\/comments?post=10959"}],"wp:featuredmedia":[{"embeddable":true,"href":"https:\/\/vitashop.info\/si\/wp-json\/wp\/v2\/media\/11684"}],"wp:attachment":[{"href":"https:\/\/vitashop.info\/si\/wp-json\/wp\/v2\/media?parent=10959"}],"wp:term":[{"taxonomy":"product_brand","embeddable":true,"href":"https:\/\/vitashop.info\/si\/wp-json\/wp\/v2\/product_brand?post=10959"},{"taxonomy":"product_cat","embeddable":true,"href":"https:\/\/vitashop.info\/si\/wp-json\/wp\/v2\/product_cat?post=10959"},{"taxonomy":"product_tag","embeddable":true,"href":"https:\/\/vitashop.info\/si\/wp-json\/wp\/v2\/product_tag?post=10959"}],"curies":[{"name":"wp","href":"https:\/\/api.w.org\/{rel}","templated":true}]}}