{"id":10957,"date":"2026-04-14T01:42:09","date_gmt":"2026-04-14T00:42:09","guid":{"rendered":"https:\/\/vitashop.info\/si\/product\/liver-aid-100-kapsul-zascita-jeter\/"},"modified":"2026-04-14T01:44:05","modified_gmt":"2026-04-14T00:44:05","slug":"liver-aid-100-kapsul-zascita-jeter","status":"publish","type":"product","link":"https:\/\/vitashop.info\/si\/izdelek\/liver-aid-100-kapsul-zascita-jeter\/","title":{"rendered":"Liver Aid 100 kapsul &#8211; za\u0161\u010dita jeter"},"content":{"rendered":"<p>Odmerjanje: 3 do 6 kapsul na dan.<\/p>\n<p>&nbsp;<\/p>\n<p>Opis:<\/p>\n<p>Jetra so najpomembnej&scaron;i organ telesa. Njihovi za&scaron;\u010diti je treba posvetiti posebno pozornost, saj razgrajujejo &scaron;kodljive snovi, ki vstopajo v telo, in telo \u010distijo. <strong>Mleko osata je najbolj priljubljeno zeli&scaron;\u010de za za&scaron;\u010dito jeter<\/strong>, saj lahko njegov izvle\u010dek u\u010dinkovino&nbsp;pomaga pri samorazstrupljanju jeter, jih &scaron;\u010diti in podpira njihovo zdravje.&nbsp;Krom ima vlogo pri&nbsp;presnovi ogljikovih hidratov in s tem <strong>razbremeni jetra<\/strong>.&nbsp;Holin pa ima vlogo pri delovanju jeter ter&nbsp;prispeva k presnovi homocisteina in ma&scaron;\u010dob.<\/p>\n<p>&nbsp;<\/p>\n<p>Koga priporo\u010damo:<\/p>\n<ul>&#013;<\/p>\n<li>Vsem, ki \u017eelijo ohraniti zdrava jetra.<\/li>\n<p>&#013;<\/p>\n<li>Osebam, ki u\u017eivajoalkohol.<\/li>\n<p>&#013;<\/p>\n<li>Vsem, ki so na delovnem mestu izpostavljeni tak&scaron;nim snovem, ki izredno bremenijo delovanje jeter.<\/li>\n<p>&#013;\n<\/ul>\n<p>&nbsp;<\/p>\n<p>Sestavine:<\/p>\n<p>L-arginin 600 mg<\/p>\n<p>L-cistein 600 mg<\/p>\n<p>L-ornitin 600 mg<\/p>\n<p>Metionin 600 mg<\/p>\n<p>Alfa-ketoglutarna kislina 600 mg<\/p>\n<p>Izvle\u010dek silimarina (30:1) 360 mg<\/p>\n<p>L-karnitin 300 mg<\/p>\n<p>Holin 150 mg<\/p>\n<p>Alfa lipoi\u010dna kislina 75 mg<\/p>\n<p>Krom 150 mcg<\/p>\n<p>Selen 60 mcg<\/p>\n<p>&nbsp;<\/p>\n<p>Zakaj izbrati izdelke Calivita:<\/p>\n<ul>\n<li>Z izjemnim strokovnim ozadjem CaliVita \u017ee ve\u010d kot 30 let ponuja svoje izdelke, ki izpolnjujejo najvi\u0161je standarde kakovosti.<\/li>\n<li>Vedno si prizadevamo za uporabo naravnih osnovnih materialov, ki izvirajo iz najbolj\u0161ih virov.<\/li>\n<li>Med na\u0161im razvojem delamo z uporabo bolj\u0161ih absorpcijskih, na primer organskih oblik.<\/li>\n<li>Nudimo 100% garancijo kakovosti za na\u0161e izdelke.<\/li>\n<li>Na\u0161i izdelki so podvr\u017eeni strogemu in ve\u010dkratnemu postopku preverjanja, da bi nenehno zagotavljali odli\u010dno kakovost.<\/li>\n<li>Velika ve\u010dina na\u0161ih prehranskih dopolnil je proizvedena v farmacevtskih pogojih v ZDA.<br \/>\nIzdelki so izdelani po na\u010delih cGMP (trenutne dobre proizvodne prakse), izvajajo pa se tudi stalni nadzor in redni pregledi s strani FDA (Food and Drug Administration). Tesno sodelujemo z lokalnimi licen\u010dnimi organi, da bi zagotovili, da so na\u0161i potro\u0161niki vedno na voljo izdelki najvi\u0161je kakovosti.<\/li>\n<\/ul>\n<p>OPOZORILO!<br \/>\nHraniti izven dosega majhnih otrok. Priporo\u010denega dnevnega odmerka ne smete prese\u010di. Prehranskih dopolnil ne smemo uporabljati kot nadomestek za pestro prehrano.<\/p>\n","protected":false},"excerpt":{"rendered":"<p>Koli\u010dina na zalogi: 50 <\/p>\n","protected":false},"featured_media":12595,"comment_status":"closed","ping_status":"open","template":"","meta":[],"product_brand":[],"product_cat":[441],"product_tag":[],"class_list":{"0":"post-10957","1":"product","2":"type-product","3":"status-publish","4":"has-post-thumbnail","6":"product_cat-naravni-dodatki","8":"first","9":"instock","10":"product-type-external"},"_links":{"self":[{"href":"https:\/\/vitashop.info\/si\/wp-json\/wp\/v2\/product\/10957","targetHints":{"allow":["GET"]}}],"collection":[{"href":"https:\/\/vitashop.info\/si\/wp-json\/wp\/v2\/product"}],"about":[{"href":"https:\/\/vitashop.info\/si\/wp-json\/wp\/v2\/types\/product"}],"replies":[{"embeddable":true,"href":"https:\/\/vitashop.info\/si\/wp-json\/wp\/v2\/comments?post=10957"}],"wp:featuredmedia":[{"embeddable":true,"href":"https:\/\/vitashop.info\/si\/wp-json\/wp\/v2\/media\/12595"}],"wp:attachment":[{"href":"https:\/\/vitashop.info\/si\/wp-json\/wp\/v2\/media?parent=10957"}],"wp:term":[{"taxonomy":"product_brand","embeddable":true,"href":"https:\/\/vitashop.info\/si\/wp-json\/wp\/v2\/product_brand?post=10957"},{"taxonomy":"product_cat","embeddable":true,"href":"https:\/\/vitashop.info\/si\/wp-json\/wp\/v2\/product_cat?post=10957"},{"taxonomy":"product_tag","embeddable":true,"href":"https:\/\/vitashop.info\/si\/wp-json\/wp\/v2\/product_tag?post=10957"}],"curies":[{"name":"wp","href":"https:\/\/api.w.org\/{rel}","templated":true}]}}