{"id":10951,"date":"2026-04-14T01:42:09","date_gmt":"2026-04-14T00:42:09","guid":{"rendered":"https:\/\/vitashop.info\/si\/product\/lion-kids-c-90-zvecljivih-tablet-vitamin-c-za-otroke\/"},"modified":"2026-04-14T01:44:05","modified_gmt":"2026-04-14T00:44:05","slug":"lion-kids-c-90-zvecljivih-tablet-vitamin-c-za-otroke","status":"publish","type":"product","link":"https:\/\/vitashop.info\/si\/izdelek\/lion-kids-c-90-zvecljivih-tablet-vitamin-c-za-otroke\/","title":{"rendered":"Lion Kids C 90 \u017eve\u010dljivih tablet &#8211; vitamin C za otroke"},"content":{"rendered":"<p>Odmerjanje: 1 do 3 tablete na dan (otroci). Zau\u017eijte jo zjutraj med obrokom ali takoj po njem.<\/p>\n<p>&nbsp;<\/p>\n<p>Opis:<\/p>\n<p style=\"text-align: justify\">Lion Kids C je okusen, \u017eve\u010dljiv, v obliki simpati\u010dnih lev\u010dkov, zobem prijazen izdelek, ki smo ga razvili v skladu s potrebami otrok. Ne vsebuje sladkorja&nbsp;ter zahvaljujo\u010d naravnemu sladilu prispeva k ohranjanju mineralizacije zob. Za mlado telo je izredno pomembno, da se proces intenzivnega razvoja v vsakem trenutku izvaja pravilno. Vitamin C ima pomemben prispevek tudi pri ohranjanju zdravih kosti, normalni strukturi ko\u017ee, saj ima vlogo pri nastajanju kolagena za normalno delovanje ko\u017ee in prispeva k delovanju \u017eiv\u010dnega sistema.<\/p>\n<p>&nbsp;<\/p>\n<p>Koga priporo\u010damo:<\/p>\n<ul>&#013;<\/p>\n<li style=\"text-align: justify\">&#013;\n<p>Otrokom za vsakodnevno u\u017eivanje za normalno delovanje imunskega sistema.<\/p>\n<p>&#013;\n<\/li>\n<p>&#013;<\/p>\n<li style=\"text-align: justify\">&#013;\n<p>Vsem, ki prisegajo na \u017eve\u010dljive tablete.<\/p>\n<p>&#013;\n<\/li>\n<p>&#013;<\/p>\n<li style=\"text-align: justify\">&#013;\n<p>Otrokom za normalno delovanje zob in dlesni ter hrustanca in kosti.<\/p>\n<p>&#013;\n<\/li>\n<p>&#013;<\/p>\n<li style=\"text-align: justify\">&#013;\n<p>Starostnikom, ki imajo te\u017eave s po\u017eiranjem in so iz\u010drpani.<\/p>\n<p>&#013;\n<\/li>\n<p>&#013;\n<\/ul>\n<p>&nbsp;<\/p>\n<p>Sestavine:<\/p>\n<p>Vitamin C 45 mg<\/p>\n<p>&nbsp;<\/p>\n<p>Zakaj izbrati izdelke Calivita:<\/p>\n<ul>\n<li>Z izjemnim strokovnim ozadjem CaliVita \u017ee ve\u010d kot 30 let ponuja svoje izdelke, ki izpolnjujejo najvi\u0161je standarde kakovosti.<\/li>\n<li>Vedno si prizadevamo za uporabo naravnih osnovnih materialov, ki izvirajo iz najbolj\u0161ih virov.<\/li>\n<li>Med na\u0161im razvojem delamo z uporabo bolj\u0161ih absorpcijskih, na primer organskih oblik.<\/li>\n<li>Nudimo 100% garancijo kakovosti za na\u0161e izdelke.<\/li>\n<li>Na\u0161i izdelki so podvr\u017eeni strogemu in ve\u010dkratnemu postopku preverjanja, da bi nenehno zagotavljali odli\u010dno kakovost.<\/li>\n<li>Velika ve\u010dina na\u0161ih prehranskih dopolnil je proizvedena v farmacevtskih pogojih v ZDA.<br \/>\nIzdelki so izdelani po na\u010delih cGMP (trenutne dobre proizvodne prakse), izvajajo pa se tudi stalni nadzor in redni pregledi s strani FDA (Food and Drug Administration). Tesno sodelujemo z lokalnimi licen\u010dnimi organi, da bi zagotovili, da so na\u0161i potro\u0161niki vedno na voljo izdelki najvi\u0161je kakovosti.<\/li>\n<\/ul>\n<p>OPOZORILO!<br \/>\nHraniti izven dosega majhnih otrok. Priporo\u010denega dnevnega odmerka ne smete prese\u010di. Prehranskih dopolnil ne smemo uporabljati kot nadomestek za pestro prehrano.<\/p>\n","protected":false},"excerpt":{"rendered":"<p>Koli\u010dina na zalogi: 47 <\/p>\n","protected":false},"featured_media":12591,"comment_status":"closed","ping_status":"open","template":"","meta":[],"product_brand":[],"product_cat":[441],"product_tag":[],"class_list":{"0":"post-10951","1":"product","2":"type-product","3":"status-publish","4":"has-post-thumbnail","6":"product_cat-naravni-dodatki","8":"first","9":"instock","10":"product-type-external"},"_links":{"self":[{"href":"https:\/\/vitashop.info\/si\/wp-json\/wp\/v2\/product\/10951","targetHints":{"allow":["GET"]}}],"collection":[{"href":"https:\/\/vitashop.info\/si\/wp-json\/wp\/v2\/product"}],"about":[{"href":"https:\/\/vitashop.info\/si\/wp-json\/wp\/v2\/types\/product"}],"replies":[{"embeddable":true,"href":"https:\/\/vitashop.info\/si\/wp-json\/wp\/v2\/comments?post=10951"}],"wp:featuredmedia":[{"embeddable":true,"href":"https:\/\/vitashop.info\/si\/wp-json\/wp\/v2\/media\/12591"}],"wp:attachment":[{"href":"https:\/\/vitashop.info\/si\/wp-json\/wp\/v2\/media?parent=10951"}],"wp:term":[{"taxonomy":"product_brand","embeddable":true,"href":"https:\/\/vitashop.info\/si\/wp-json\/wp\/v2\/product_brand?post=10951"},{"taxonomy":"product_cat","embeddable":true,"href":"https:\/\/vitashop.info\/si\/wp-json\/wp\/v2\/product_cat?post=10951"},{"taxonomy":"product_tag","embeddable":true,"href":"https:\/\/vitashop.info\/si\/wp-json\/wp\/v2\/product_tag?post=10951"}],"curies":[{"name":"wp","href":"https:\/\/api.w.org\/{rel}","templated":true}]}}