{"id":10945,"date":"2026-04-21T01:42:07","date_gmt":"2026-04-21T00:42:07","guid":{"rendered":"https:\/\/vitashop.info\/si\/product\/joint-protex-forte-90-tablet-kompleksna-zascita-sklepov\/"},"modified":"2026-04-21T01:44:05","modified_gmt":"2026-04-21T00:44:05","slug":"joint-protex-forte-90-tablet-kompleksna-zascita-sklepov","status":"publish","type":"product","link":"https:\/\/vitashop.info\/si\/izdelek\/joint-protex-forte-90-tablet-kompleksna-zascita-sklepov\/","title":{"rendered":"Joint ProteX Forte 90 tablet &#8211; kompleksna za\u0161\u010dita sklepov"},"content":{"rendered":"<p>Odmerjanje: 1 tableta na dan.<\/p>\n<p>&nbsp;<\/p>\n<p>Opis:<\/p>\n<p>Tablete Joint ProteX FORTE zagotavljajo dodatno podporo za proizvodnjo sklepne teko\u010dine med kostmi. Tablete ponujajo&nbsp;<strong>visok odmerek glukozamina, hondroitina, hialuronske kisline in MSM, sestavine, ki so v najve\u010dji meri prisotne v vezivnih tkivih.<\/strong>&nbsp;Joint ProteX FORTE vsebuje tudi zeli&scaron;\u010da (npr. kurkumo in brestovolistni oslad), vse sestavine skupaj pa&nbsp;<strong>poskrbijo, da va&scaron;i sklepi prejmejo primerno podporo, tudi v primeru izrednega napora.&nbsp;<\/strong>Mangan ima vlogo pri nastajanju vezivnega tkiva. Tudi brestovolistni oslad podpira sintezo vezivnega tkiva. Bosvelija pa poskrbi za njihovo normalno delovanje.<\/p>\n<p>&#013;<\/p>\n<p>&nbsp;<\/p>\n<p>&nbsp;<\/p>\n<p>Koga priporo\u010damo:<\/p>\n<ul>&#013;<\/p>\n<li>Vsem, ki \u017eelijo svojim sklepom zagotoviti dodatno podporo in za&scaron;\u010dito.<\/li>\n<p>&#013;<\/p>\n<li>Osebam, ki opravljajo te\u017eka fizi\u010dna dela.<\/li>\n<p>&#013;<\/p>\n<li>Profesionalnim &scaron;portnikom in vsem, ki se redno ukvarjajo s &scaron;portom.<\/li>\n<p>&#013;<\/p>\n<li>Osebam s prekomerno telesno te\u017eo.<\/li>\n<p>&#013;<\/p>\n<li>Vsem, ki niso pogosto telesno aktivni.<\/li>\n<p>&#013;\n<\/ul>\n<p>&nbsp;<\/p>\n<p>Sestavine:<\/p>\n<p>Glukozamin sulfat 500 mg<\/p>\n<p>Hondroitin sulfat 270 mg<\/p>\n<p>Metil-sulfonil-metan (MSM) 150 mg<\/p>\n<p>Hialuronska kislina (kompleks) 50 mg<\/p>\n<p>Izvle\u010dek Boswellie serrate 50 mg<\/p>\n<p>Prah brestovolistnega oslada 40 mg<\/p>\n<p>Izvle\u010dek kurkume 10 mg<\/p>\n<p>Cink 5 mg<\/p>\n<p>Mangan 1 mg<\/p>\n<p>&nbsp;<\/p>\n<p>Zakaj izbrati izdelke Calivita:<\/p>\n<ul>\n<li>Z izjemnim strokovnim ozadjem CaliVita \u017ee ve\u010d kot 30 let ponuja svoje izdelke, ki izpolnjujejo najvi\u0161je standarde kakovosti.<\/li>\n<li>Vedno si prizadevamo za uporabo naravnih osnovnih materialov, ki izvirajo iz najbolj\u0161ih virov.<\/li>\n<li>Med na\u0161im razvojem delamo z uporabo bolj\u0161ih absorpcijskih, na primer organskih oblik.<\/li>\n<li>Nudimo 100% garancijo kakovosti za na\u0161e izdelke.<\/li>\n<li>Na\u0161i izdelki so podvr\u017eeni strogemu in ve\u010dkratnemu postopku preverjanja, da bi nenehno zagotavljali odli\u010dno kakovost.<\/li>\n<li>Velika ve\u010dina na\u0161ih prehranskih dopolnil je proizvedena v farmacevtskih pogojih v ZDA.<br \/>\nIzdelki so izdelani po na\u010delih cGMP (trenutne dobre proizvodne prakse), izvajajo pa se tudi stalni nadzor in redni pregledi s strani FDA (Food and Drug Administration). Tesno sodelujemo z lokalnimi licen\u010dnimi organi, da bi zagotovili, da so na\u0161i potro\u0161niki vedno na voljo izdelki najvi\u0161je kakovosti.<\/li>\n<\/ul>\n<p>OPOZORILO!<br \/>\nHraniti izven dosega majhnih otrok. Priporo\u010denega dnevnega odmerka ne smete prese\u010di. Prehranskih dopolnil ne smemo uporabljati kot nadomestek za pestro prehrano.<\/p>\n","protected":false},"excerpt":{"rendered":"<p>Koli\u010dina na zalogi: 78 <\/p>\n","protected":false},"featured_media":12588,"comment_status":"closed","ping_status":"open","template":"","meta":[],"product_brand":[],"product_cat":[441],"product_tag":[],"class_list":{"0":"post-10945","1":"product","2":"type-product","3":"status-publish","4":"has-post-thumbnail","6":"product_cat-naravni-dodatki","8":"first","9":"instock","10":"product-type-external"},"_links":{"self":[{"href":"https:\/\/vitashop.info\/si\/wp-json\/wp\/v2\/product\/10945","targetHints":{"allow":["GET"]}}],"collection":[{"href":"https:\/\/vitashop.info\/si\/wp-json\/wp\/v2\/product"}],"about":[{"href":"https:\/\/vitashop.info\/si\/wp-json\/wp\/v2\/types\/product"}],"replies":[{"embeddable":true,"href":"https:\/\/vitashop.info\/si\/wp-json\/wp\/v2\/comments?post=10945"}],"wp:featuredmedia":[{"embeddable":true,"href":"https:\/\/vitashop.info\/si\/wp-json\/wp\/v2\/media\/12588"}],"wp:attachment":[{"href":"https:\/\/vitashop.info\/si\/wp-json\/wp\/v2\/media?parent=10945"}],"wp:term":[{"taxonomy":"product_brand","embeddable":true,"href":"https:\/\/vitashop.info\/si\/wp-json\/wp\/v2\/product_brand?post=10945"},{"taxonomy":"product_cat","embeddable":true,"href":"https:\/\/vitashop.info\/si\/wp-json\/wp\/v2\/product_cat?post=10945"},{"taxonomy":"product_tag","embeddable":true,"href":"https:\/\/vitashop.info\/si\/wp-json\/wp\/v2\/product_tag?post=10945"}],"curies":[{"name":"wp","href":"https:\/\/api.w.org\/{rel}","templated":true}]}}