{"id":10852,"date":"2026-04-14T01:42:03","date_gmt":"2026-04-14T00:42:03","guid":{"rendered":"https:\/\/vitashop.info\/si\/product\/beauty-formula-60-kapsul-vitamini-za-lepoto\/"},"modified":"2026-04-14T01:44:03","modified_gmt":"2026-04-14T00:44:03","slug":"beauty-formula-60-kapsul-vitamini-za-lepoto","status":"publish","type":"product","link":"https:\/\/vitashop.info\/si\/izdelek\/beauty-formula-60-kapsul-vitamini-za-lepoto\/","title":{"rendered":"Beauty Formula 60 kapsul &#8211; vitamini za lepoto"},"content":{"rendered":"<p>Odmerjanje: 1 dnevno<\/p>\n<p>&nbsp;<\/p>\n<p>Opis:<\/p>\n<p style=\"text-align: justify\">Beauty Formula zagotavlja edinstveni, bogati kompleks vitaminov, mineralov, aminokislin in zeli&scaron;\u010d s hranili, ki jih telo potrebuje za vzdr\u017eevanje zdravja ko\u017ee, las in nohtov.&nbsp;<strong>Baker<\/strong>&nbsp;prispeva k&nbsp;<strong>normalni obarvanosti las in ko\u017ee, cink prispeva prispeva k ohranjanju zdravih kosti, nohtov in ko\u017ee<\/strong>, vitamin C pa ima vlogo pri&nbsp;<strong>nastajanju kolagena za normalno delovanje ko\u017ee.<\/strong><\/p>\n<p>&nbsp;<\/p>\n<p>Koga priporo\u010damo:<\/p>\n<ul>&#013;<\/p>\n<li>Osebam, ki se borijo z izgubo las.<\/li>\n<p>&#013;<\/p>\n<li>Vsem z razcepljenimi lasmi in lasmi, ki se radi lomijo.<\/li>\n<p>&#013;<\/p>\n<li>Vsem za lepo ko\u017eo obraza.<\/li>\n<p>&#013;<\/p>\n<li>Vsem s krhkimi nohti, ki se zlahka zlomijo.<\/li>\n<p>&#013;<\/p>\n<li>Vsakomur, ki \u017eeli izbolj&scaron;ati svoj videz ali \u017eeli ohraniti zdravje svojih las, ko\u017ee in nohtov.<\/li>\n<p>&#013;\n<\/ul>\n<p>&nbsp;<\/p>\n<p>Sestavine:<\/p>\n<p>Hidroliziran kolagen 250 mg<\/p>\n<p>Njivska preslica 150 mg<\/p>\n<p>L-cistein 50 mg<\/p>\n<p>L-metionin 50 mg<\/p>\n<p>Hialuronska kislina (kompleks) 30 mg<\/p>\n<p>Vitamin C 20 mg<\/p>\n<p>Cink 10 mg<\/p>\n<p>Vitamin B6 (piridoksin) 2.8 mg<\/p>\n<p>Vitamin B1 (tiamin) 2.2 mg<\/p>\n<p>Baker 2 mg<\/p>\n<p>Vitamin A 751 mcg<\/p>\n<p>Jod 50 mcg<\/p>\n<p>&nbsp;<\/p>\n<p>Zakaj izbrati izdelke Calivita:<\/p>\n<ul>\n<li>Z izjemnim strokovnim ozadjem CaliVita \u017ee ve\u010d kot 30 let ponuja svoje izdelke, ki izpolnjujejo najvi\u0161je standarde kakovosti.<\/li>\n<li>Vedno si prizadevamo za uporabo naravnih osnovnih materialov, ki izvirajo iz najbolj\u0161ih virov.<\/li>\n<li>Med na\u0161im razvojem delamo z uporabo bolj\u0161ih absorpcijskih, na primer organskih oblik.<\/li>\n<li>Nudimo 100% garancijo kakovosti za na\u0161e izdelke.<\/li>\n<li>Na\u0161i izdelki so podvr\u017eeni strogemu in ve\u010dkratnemu postopku preverjanja, da bi nenehno zagotavljali odli\u010dno kakovost.<\/li>\n<li>Velika ve\u010dina na\u0161ih prehranskih dopolnil je proizvedena v farmacevtskih pogojih v ZDA.<br \/>\nIzdelki so izdelani po na\u010delih cGMP (trenutne dobre proizvodne prakse), izvajajo pa se tudi stalni nadzor in redni pregledi s strani FDA (Food and Drug Administration). Tesno sodelujemo z lokalnimi licen\u010dnimi organi, da bi zagotovili, da so na\u0161i potro\u0161niki vedno na voljo izdelki najvi\u0161je kakovosti.<\/li>\n<\/ul>\n<p>OPOZORILO!<br \/>\nHraniti izven dosega majhnih otrok. Priporo\u010denega dnevnega odmerka ne smete prese\u010di. Prehranskih dopolnil ne smemo uporabljati kot nadomestek za pestro prehrano.<\/p>\n","protected":false},"excerpt":{"rendered":"<p>Koli\u010dina na zalogi: 29 <\/p>\n","protected":false},"featured_media":12545,"comment_status":"closed","ping_status":"open","template":"","meta":[],"product_brand":[],"product_cat":[441],"product_tag":[],"class_list":{"0":"post-10852","1":"product","2":"type-product","3":"status-publish","4":"has-post-thumbnail","6":"product_cat-naravni-dodatki","8":"first","9":"instock","10":"product-type-external"},"_links":{"self":[{"href":"https:\/\/vitashop.info\/si\/wp-json\/wp\/v2\/product\/10852","targetHints":{"allow":["GET"]}}],"collection":[{"href":"https:\/\/vitashop.info\/si\/wp-json\/wp\/v2\/product"}],"about":[{"href":"https:\/\/vitashop.info\/si\/wp-json\/wp\/v2\/types\/product"}],"replies":[{"embeddable":true,"href":"https:\/\/vitashop.info\/si\/wp-json\/wp\/v2\/comments?post=10852"}],"wp:featuredmedia":[{"embeddable":true,"href":"https:\/\/vitashop.info\/si\/wp-json\/wp\/v2\/media\/12545"}],"wp:attachment":[{"href":"https:\/\/vitashop.info\/si\/wp-json\/wp\/v2\/media?parent=10852"}],"wp:term":[{"taxonomy":"product_brand","embeddable":true,"href":"https:\/\/vitashop.info\/si\/wp-json\/wp\/v2\/product_brand?post=10852"},{"taxonomy":"product_cat","embeddable":true,"href":"https:\/\/vitashop.info\/si\/wp-json\/wp\/v2\/product_cat?post=10852"},{"taxonomy":"product_tag","embeddable":true,"href":"https:\/\/vitashop.info\/si\/wp-json\/wp\/v2\/product_tag?post=10852"}],"curies":[{"name":"wp","href":"https:\/\/api.w.org\/{rel}","templated":true}]}}