{"id":14115,"date":"2026-04-21T01:38:10","date_gmt":"2026-04-21T00:38:10","guid":{"rendered":"https:\/\/vitashop.info\/rs\/\u043f\u0440\u043e\u0438\u0437\u0432\u043e\u0434\/pure-liquid-cforte-240-ml\/"},"modified":"2026-04-21T01:40:20","modified_gmt":"2026-04-21T00:40:20","slug":"pure-liquid-cforte-240-ml","status":"publish","type":"product","link":"https:\/\/vitashop.info\/rs\/\u043f\u0440\u043e\u0438\u0437\u0432\u043e\u0434\/pure-liquid-cforte-240-ml\/","title":{"rendered":"Pure Liquid C+Forte 240 ml &#8211;"},"content":{"rendered":"<p>\u0414\u043e\u0437\u0438\u0440\u0430\u045a\u0435: <\/p>\n<p>&nbsp;<\/p>\n<p>\u041e\u043f\u0438\u0441:<\/p>\n<p>&nbsp;<\/p>\n<p>\u041a\u043e\u043c\u0435 \u043f\u0440\u0435\u043f\u043e\u0440\u0443\u0447\u0443\u0458\u0435\u043c\u043e:<\/p>\n<ul>&#013;<\/p>\n<li>&#013;\n<p lang=\"sr-Latn-RS\" style=\"line-height: 150%;margin-bottom: 0.11in\" align=\"justify\"><span style=\"font-family: Calibri Light, sans-serif\"><span style=\"font-size: medium\">Lako se guta, preporu\u010duje se starijim osobama, trudnicama, deci i osobama sa problemima sa gutanjem kako bi zadovoljile svoje potrebe za vitaminom C,<\/span><\/span><\/p>\n<p>&#013;\n<\/li>\n<p>&#013;<\/p>\n<li>&#013;\n<p lang=\"sr-Latn-RS\" style=\"line-height: 150%;margin-bottom: 0.11in\" align=\"justify\"><span style=\"font-family: Calibri Light, sans-serif\"><span style=\"font-size: medium\">Za ljude koji vode ra\u010duna o zdravlju, vegane koji tra\u017ee suplement vitamina C bez ve&scaron;ta\u010dkih aditiva ili supstanci \u017eivotinjskog porekla.<\/span><\/span><\/p>\n<p>&#013;\n<\/li>\n<p>&#013;<\/p>\n<li>&#013;\n<p lang=\"sr-Latn-RS\" style=\"line-height: 150%;margin-bottom: 0.11in\" align=\"justify\"><span style=\"font-family: Calibri Light, sans-serif\"><span style=\"font-size: medium\">Za one podlo\u017ene infekcijama radi ja\u010danja imunog sistema,<\/span><\/span><\/p>\n<p>&#013;\n<\/li>\n<p>&#013;<\/p>\n<li>&#013;\n<p lang=\"sr-Latn-RS\" style=\"line-height: 150%;margin-bottom: 0.11in\" align=\"justify\"><span style=\"font-family: Calibri Light, sans-serif\"><span style=\"font-size: medium\">Za aktivne ili pasivne pu&scaron;a\u010de, ljude koji \u017eive u zaga\u0111enim podru\u010djima, kao i osobe koje redovno konzumiraju alkohol.<\/span><\/span><\/p>\n<p>&#013;\n<\/li>\n<p>&#013;<\/p>\n<li>&#013;\n<p lang=\"sr-Latn-RS\" style=\"line-height: 150%;margin-bottom: 0.11in\" align=\"justify\"><span style=\"font-family: Calibri Light, sans-serif\"><span style=\"font-size: medium\">Za ljude sa aktivnim na\u010dinom \u017eivota, jer pru\u017ea du\u017eu izdr\u017eljivost smanjenjem umora.<\/span><\/span><\/p>\n<p>&#013;\n<\/li>\n<p>&#013;<\/p>\n<li>&#013;\n<p lang=\"sr-Latn-RS\" style=\"line-height: 150%;margin-bottom: 0.11in\" align=\"justify\"><span style=\"font-family: Calibri Light, sans-serif\"><span style=\"font-size: medium\">Za ljude sa stresnim svakodnevnim \u017eivotom, koji \u017eele da podr\u017ee svoj imuni sistem i normalno funkcionisanje nervnog sistema.<\/span><\/span><\/p>\n<p>&#013;\n<\/li>\n<p>&#013;<\/p>\n<li>&#013;\n<p lang=\"sr-Latn-RS\" style=\"line-height: 150%;margin-bottom: 0.11in\" align=\"justify\"><span style=\"font-family: Calibri Light, sans-serif\"><span style=\"font-size: medium\">Za starije osobe i ljude koji se oporavljaju od bolesti, radi postizanja bolje izdr\u017eljivosti.<\/span><\/span><\/p>\n<p>&#013;\n<\/li>\n<p>&#013;<\/p>\n<li>&#013;\n<p lang=\"hu-HU\" style=\"line-height: 150%;margin-bottom: 0.11in\" align=\"justify\"><span style=\"font-family: Calibri, sans-serif\"><span style=\"font-size: small\"><span style=\"font-family: Calibri Light, sans-serif\"><span style=\"font-size: medium\"><span lang=\"sr-Latn-RS\">Za \u017eene u reproduktivnom dobu, osobe sa anemijom usled nedostatka gvo\u017e\u0111a, jer povec\u0301ava apsorpciju gvo\u017e\u0111a.<\/span><\/span><\/span><\/span><\/span><\/p>\n<p>&#013;\n<\/li>\n<p>&#013;<\/p>\n<li>&#013;\n<p lang=\"sr-Latn-RS\" style=\"line-height: 150%;margin-bottom: 0.11in\" align=\"justify\"><span style=\"font-family: Calibri Light, sans-serif\"><span style=\"font-size: medium\">Za one kojima je potrebna pomo\u0107 u odr\u017eavanju zdravlja krvnih sudova, kostiju, hrskavice, zuba, desni i ko\u017ee.<\/span><\/span><\/p>\n<p>&#013;\n<\/li>\n<p>&#013;\n<\/ul>\n<p>&nbsp;<\/p>\n<p>&nbsp;<\/p>\n<p>\u0417\u0430\u0448\u0442\u043e \u043e\u0434\u0430\u0431\u0440\u0430\u0442\u0438 \u0426\u0430\u043b\u0438\u0432\u0438\u0442\u0430 \u043f\u0440\u043e\u0438\u0437\u0432\u043e\u0434\u0435:<\/p>\n<ul>\n<li>\u0421\u0430 \u0438\u0437\u0432\u0430\u043d\u0440\u0435\u0434\u043d\u0438\u043c \u043f\u0440\u043e\u0444\u0435\u0441\u0438\u043e\u043d\u0430\u043b\u043d\u0438\u043c \u0438\u0441\u043a\u0443\u0441\u0442\u0432\u043e\u043c, \u0426\u0430\u043b\u0438\u0412\u0438\u0442\u0430 \u043d\u0443\u0434\u0438 \u0441\u0432\u043e\u0458\u0435 \u043f\u0440\u043e\u0438\u0437\u0432\u043e\u0434\u0435 \u043a\u043e\u0458\u0438 \u0437\u0430\u0434\u043e\u0432\u043e\u0459\u0430\u0432\u0430\u0458\u0443 \u043d\u0430\u0458\u0432\u0438\u0448\u0435 \u043f\u0440\u043e\u043f\u0438\u0441\u0435 \u043e \u043a\u0432\u0430\u043b\u0438\u0442\u0435\u0442\u0443 \u0432\u0438\u0448\u0435 \u043e\u0434 30 \u0433\u043e\u0434\u0438\u043d\u0430.<\/li>\n<li>\u0423\u0432\u0435\u043a \u0442\u0435\u0436\u0438\u043c\u043e \u0434\u0430 \u043a\u043e\u0440\u0438\u0441\u0442\u0438\u043c\u043e \u043f\u0440\u0438\u0440\u043e\u0434\u043d\u0435 \u043e\u0441\u043d\u043e\u0432\u043d\u0435 \u043c\u0430\u0442\u0435\u0440\u0438\u0458\u0430\u043b\u0435 \u043a\u043e\u0458\u0438 \u043f\u043e\u0442\u0438\u0447\u0443 \u0438\u0437 \u043d\u0430\u0458\u0431\u043e\u0459\u0438\u0445 \u0438\u0437\u0432\u043e\u0440\u0430.<\/li>\n<li>\u0422\u043e\u043a\u043e\u043c \u043d\u0430\u0448\u0435\u0433 \u0440\u0430\u0437\u0432\u043e\u0458\u0430, \u043c\u0438 \u0440\u0430\u0434\u0438\u043c\u043e \u043a\u043e\u0440\u0438\u0441\u0442\u0435\u045b\u0438 \u0431\u043e\u0459\u0435 \u0443\u043f\u0438\u0458\u0430\u0458\u0443\u045b\u0435, \u043d\u0430 \u043f\u0440\u0438\u043c\u0435\u0440 \u043e\u0440\u0433\u0430\u043d\u0441\u043a\u0435, \u0444\u043e\u0440\u043c\u0435.<\/li>\n<li>\u041d\u0443\u0434\u0438\u043c\u043e 100% \u0433\u0430\u0440\u0430\u043d\u0446\u0438\u0458\u0443 \u043a\u0432\u0430\u043b\u0438\u0442\u0435\u0442\u0430 \u0437\u0430 \u043d\u0430\u0448\u0435 \u043f\u0440\u043e\u0438\u0437\u0432\u043e\u0434\u0435.<\/li>\n<li>\u041d\u0430\u0448\u0438 \u043f\u0440\u043e\u0438\u0437\u0432\u043e\u0434\u0438 \u043f\u043e\u0434\u043b\u0435\u0436\u0443 \u0441\u0442\u0440\u043e\u0433\u043e\u0458 \u0438 \u0432\u0438\u0448\u0435\u0441\u0442\u0440\u0443\u043a\u043e\u0458 \u043f\u0440\u043e\u0446\u0435\u0434\u0443\u0440\u0438 \u0438\u0441\u043f\u0438\u0442\u0438\u0432\u0430\u045a\u0430 \u043a\u0430\u043a\u043e \u0431\u0438 \u0441\u0435 \u043a\u043e\u043d\u0442\u0438\u043d\u0443\u0438\u0440\u0430\u043d\u043e \u043e\u0431\u0435\u0437\u0431\u0435\u0434\u0438\u043e \u043e\u0434\u043b\u0438\u0447\u0430\u043d \u043a\u0432\u0430\u043b\u0438\u0442\u0435\u0442.<\/li>\n<li>\u041e\u0433\u0440\u043e\u043c\u043d\u0430 \u0432\u0435\u045b\u0438\u043d\u0430 \u043d\u0430\u0448\u0438\u0445 \u0434\u0438\u0458\u0435\u0442\u0435\u0442\u0441\u043a\u0438\u0445 \u0441\u0443\u043f\u043b\u0435\u043c\u0435\u043d\u0430\u0442\u0430 \u043f\u0440\u043e\u0438\u0437\u0432\u043e\u0434\u0438 \u0441\u0435 \u0443 \u0444\u0430\u0440\u043c\u0430\u0446\u0435\u0443\u0442\u0441\u043a\u0438\u043c \u0443\u0441\u043b\u043e\u0432\u0438\u043c\u0430 \u0443 \u0421\u0410\u0414.<\/li>\n<li>\u041f\u0440\u043e\u0438\u0437\u0432\u043e\u0434\u0438 \u0441\u0435 \u043f\u0440\u043e\u0438\u0437\u0432\u043e\u0434\u0435 \u043f\u043e \u043f\u0440\u0438\u043d\u0446\u0438\u043f\u0438\u043c\u0430 \u0446\u0413\u041c\u041f (\u0442\u0440\u0435\u043d\u0443\u0442\u043d\u0435 \u0434\u043e\u0431\u0440\u0435 \u043f\u0440\u043e\u0438\u0437\u0432\u043e\u0452\u0430\u0447\u043a\u0435 \u043f\u0440\u0430\u043a\u0441\u0435), \u0430 \u0432\u0440\u0448\u0438 \u0441\u0435 \u0438 \u0441\u0442\u0430\u043b\u043d\u0430 \u043a\u043e\u043d\u0442\u0440\u043e\u043b\u0430 \u0438 \u0440\u0435\u0434\u043e\u0432\u043d\u043e \u0437\u0430\u043a\u0430\u0437\u0430\u043d\u0435 \u0440\u0435\u0432\u0438\u0437\u0438\u0458\u0435 \u043e\u0434 \u0441\u0442\u0440\u0430\u043d\u0435 \u0424\u0414\u0410 (\u0424\u043e\u043e\u0434 \u0430\u043d\u0434 \u0414\u0440\u0443\u0433 \u0410\u0434\u043c\u0438\u043d\u0438\u0441\u0442\u0440\u0430\u0442\u0438\u043e\u043d). \u0420\u0430\u0434\u0438\u043c\u043e \u0443 \u0431\u043b\u0438\u0441\u043a\u043e\u0458 \u0441\u0430\u0440\u0430\u0434\u045a\u0438 \u0441\u0430 \u043b\u043e\u043a\u0430\u043b\u043d\u0438\u043c \u0432\u043b\u0430\u0441\u0442\u0438\u043c\u0430 \u0437\u0430 \u0438\u0437\u0434\u0430\u0432\u0430\u045a\u0435 \u0434\u043e\u0437\u0432\u043e\u043b\u0430 \u043a\u0430\u043a\u043e \u0431\u0438\u0441\u043c\u043e \u043e\u0441\u0438\u0433\u0443\u0440\u0430\u043b\u0438 \u0434\u0430 \u043d\u0430\u0448\u0438\u043c \u043f\u043e\u0442\u0440\u043e\u0448\u0430\u0447\u0438\u043c\u0430 \u0443\u0432\u0435\u043a \u0431\u0443\u0434\u0443 \u043e\u0431\u0435\u0437\u0431\u0435\u0452\u0435\u043d\u0438 \u043f\u0440\u043e\u0438\u0437\u0432\u043e\u0434\u0438 \u043d\u0430\u0458\u0432\u0438\u0448\u0435\u0433 \u043a\u0432\u0430\u043b\u0438\u0442\u0435\u0442\u0430.<\/li>\n<\/ul>\n<p>\u0423\u041f\u041e\u0417\u041e\u0420\u0415\u040a\u0415!<br \/>\n\u0427\u0443\u0432\u0430\u0442\u0438 \u0432\u0430\u043d \u0434\u043e\u043c\u0430\u0448\u0430\u0458\u0430 \u043c\u0430\u043b\u0435 \u0434\u0435\u0446\u0435. \u041f\u0440\u0435\u043f\u043e\u0440\u0443\u0447\u0435\u043d\u0430 \u0434\u043d\u0435\u0432\u043d\u0430 \u0434\u043e\u0437\u0430 \u0441\u0435 \u043d\u0435 \u0441\u043c\u0435 \u043f\u0440\u0435\u043a\u043e\u0440\u0430\u0447\u0438\u0442\u0438. \u0414\u043e\u0434\u0430\u0446\u0438 \u0438\u0441\u0445\u0440\u0430\u043d\u0438 \u043d\u0435 \u0431\u0438 \u0442\u0440\u0435\u0431\u0430\u043b\u043e \u0434\u0430 \u0441\u0435 \u043a\u043e\u0440\u0438\u0441\u0442\u0435 \u043a\u0430\u043e \u0437\u0430\u043c\u0435\u043d\u0430 \u0437\u0430 \u0440\u0430\u0437\u043d\u043e\u0432\u0440\u0441\u043d\u0443 \u0438\u0441\u0445\u0440\u0430\u043d\u0443.<\/p>\n","protected":false},"excerpt":{"rendered":"<p>\u041a\u043e\u043b\u0438\u0447\u0438\u043d\u0430 \u043d\u0430 \u0437\u0430\u043b\u0438\u0445\u0430\u043c\u0430: 70 <\/p>\n","protected":false},"featured_media":14116,"comment_status":"closed","ping_status":"open","template":"","meta":[],"product_brand":[],"product_cat":[435],"product_tag":[],"class_list":{"0":"post-14115","1":"product","2":"type-product","3":"status-publish","4":"has-post-thumbnail","6":"product_cat-435","8":"first","9":"instock","10":"product-type-external"},"_links":{"self":[{"href":"https:\/\/vitashop.info\/rs\/wp-json\/wp\/v2\/product\/14115","targetHints":{"allow":["GET"]}}],"collection":[{"href":"https:\/\/vitashop.info\/rs\/wp-json\/wp\/v2\/product"}],"about":[{"href":"https:\/\/vitashop.info\/rs\/wp-json\/wp\/v2\/types\/product"}],"replies":[{"embeddable":true,"href":"https:\/\/vitashop.info\/rs\/wp-json\/wp\/v2\/comments?post=14115"}],"wp:featuredmedia":[{"embeddable":true,"href":"https:\/\/vitashop.info\/rs\/wp-json\/wp\/v2\/media\/14116"}],"wp:attachment":[{"href":"https:\/\/vitashop.info\/rs\/wp-json\/wp\/v2\/media?parent=14115"}],"wp:term":[{"taxonomy":"product_brand","embeddable":true,"href":"https:\/\/vitashop.info\/rs\/wp-json\/wp\/v2\/product_brand?post=14115"},{"taxonomy":"product_cat","embeddable":true,"href":"https:\/\/vitashop.info\/rs\/wp-json\/wp\/v2\/product_cat?post=14115"},{"taxonomy":"product_tag","embeddable":true,"href":"https:\/\/vitashop.info\/rs\/wp-json\/wp\/v2\/product_tag?post=14115"}],"curies":[{"name":"wp","href":"https:\/\/api.w.org\/{rel}","templated":true}]}}