{"id":13387,"date":"2026-04-21T01:38:10","date_gmt":"2026-04-21T00:38:10","guid":{"rendered":"https:\/\/vitashop.info\/rs\/\u043f\u0440\u043e\u0438\u0437\u0432\u043e\u0434\/purebiom\/"},"modified":"2026-04-21T01:40:20","modified_gmt":"2026-04-21T00:40:20","slug":"purebiom-30-biljnih-kapsula-sinbiotska-formula","status":"publish","type":"product","link":"https:\/\/vitashop.info\/rs\/\u043f\u0440\u043e\u0438\u0437\u0432\u043e\u0434\/purebiom-30-biljnih-kapsula-sinbiotska-formula\/","title":{"rendered":"PureBiom+ 30 biljnih kapsula &#8211; Sinbiotska formula"},"content":{"rendered":"<p>\u0414\u043e\u0437\u0438\u0440\u0430\u045a\u0435: 1 kapsula dnevno<\/p>\n<p>&nbsp;<\/p>\n<p>\u041e\u043f\u0438\u0441:<\/p>\n<p class=\"western\" lang=\"hu-HU\" style=\"line-height: 150%;margin-bottom: 0in\" align=\"justify\"><span style=\"font-family: Calibri Light, sans-serif\">PureBiom+ je sinbiotik, koji sadr\u017ei probiotike u formi LactoSpore<\/span><sup><span style=\"font-family: Calibri Light, sans-serif\">&reg; <\/span><\/sup><span style=\"font-family: Calibri Light, sans-serif\">bakterijskih spora, kao i ekstrakt piskavice, prebiotik pod za&scaron;ti\u0107enim nazivom LactoWise<\/span><sup><span style=\"font-family: Calibri Light, sans-serif\">&reg;<\/span><\/sup><span style=\"font-family: Calibri Light, sans-serif\">. Bakterijske spore u sastavu su stabilne na sobnoj temperaturi, i za&scaron;tic\u0301ene su od razgradnje \u017eeluda\u010dnom kiselinom i \u017eu\u010di. Dospev&scaron;i u crevni trakt, iste po\u010dinju sa aktivnom proizvodnjom L (+) mle\u010dne kiseline, time poma\u017euc\u0301i u spre\u010davanju proliferacije &scaron;tetnih bakterija, dok stimuli&scaron;u rast dobrih bakterija. Njihova konzumacija pobolj&scaron;ava probavne smetnje, apsorpciju hranljivih materija i doprinosi pravilnom funkcionisanju imunog sistema.<\/span><\/p>\n<p>&#013;<\/p>\n<p class=\"western\" lang=\"hu-HU\" style=\"line-height: 150%;margin-bottom: 0in\" align=\"justify\">&nbsp;<\/p>\n<p>&#013;<\/p>\n<p class=\"western\" lang=\"hu-HU\" style=\"line-height: 150%;margin-bottom: 0in\" align=\"justify\"><span style=\"font-family: Calibri Light, sans-serif\">Ne sadr\u017ei ve&scaron;ta\u010dke aditive, niti GMO. Veganski proizvod, u biljnim kapsulama.<\/span><\/p>\n<p>&#013;<\/p>\n<p class=\"western\" lang=\"hu-HU\" style=\"line-height: 150%;margin-bottom: 0in\" align=\"justify\">&nbsp;<\/p>\n<p>&nbsp;<\/p>\n<p>\u041a\u043e\u043c\u0435 \u043f\u0440\u0435\u043f\u043e\u0440\u0443\u0447\u0443\u0458\u0435\u043c\u043e:<\/p>\n<ul>&#013;<\/p>\n<li>&#013;\n<p lang=\"hu-HU\" style=\"margin-bottom: 0.11in;line-height: 150%\" align=\"justify\"><span style=\"font-family: Calibri, sans-serif\"><span style=\"font-size: small\"><span style=\"color: #000000\"><span style=\"font-family: Calibri Light, sans-serif\">Za osobe koje pate od stoma\u010dnih i digestivnih tegoba virusnog porekla, npr. lo&scaron;e varenje, dijareja.<\/span><\/span><\/span><\/span><\/p>\n<p>&#013;\n<\/li>\n<p>&#013;<\/p>\n<li>&#013;\n<p lang=\"hu-HU\" style=\"margin-bottom: 0.11in;line-height: 150%\" align=\"justify\"><span style=\"font-family: Calibri, sans-serif\"><span style=\"font-size: small\"><span style=\"color: #000000\"><span style=\"font-family: Calibri Light, sans-serif\">Osobama, koje pate od sindroma nadra\u017eenih creva (IBS), ili problema sa probavom usled uticaja stresa.<\/span><\/span><\/span><\/span><\/p>\n<p>&#013;\n<\/li>\n<p>&#013;<\/p>\n<li>&#013;\n<p lang=\"hu-HU\" style=\"margin-bottom: 0.11in;line-height: 150%\" align=\"justify\"><span style=\"font-family: Calibri, sans-serif\"><span style=\"font-size: small\"><span style=\"color: #000000\"><span style=\"font-family: Calibri Light, sans-serif\">Za one koji \u017eele da spre\u010de razvoj dijareje tokom putovanja.<\/span><\/span><\/span><\/span><\/p>\n<p>&#013;\n<\/li>\n<p>&#013;<\/p>\n<li>&#013;\n<p lang=\"hu-HU\" style=\"margin-bottom: 0.11in;line-height: 150%\" align=\"justify\"><span style=\"font-family: Calibri, sans-serif\"><span style=\"font-size: small\"><span style=\"color: #000000\"><span style=\"font-family: Calibri Light, sans-serif\">Onima, koji \u017eele da spre\u010de razvoj dijareje izazvane upotrebom antibiotika.<\/span><\/span><\/span><\/span><\/p>\n<p>&#013;\n<\/li>\n<p>&#013;<\/p>\n<li>&#013;\n<p lang=\"hu-HU\" style=\"margin-bottom: 0.11in;line-height: 150%\" align=\"justify\"><span style=\"font-family: Calibri, sans-serif\"><span style=\"font-size: small\"><span style=\"color: #000000\"><span style=\"font-family: Calibri Light, sans-serif\">Osobama koje pate od vaginalnih infekcija.<\/span><\/span><\/span><\/span><\/p>\n<p>&#013;\n<\/li>\n<p>&#013;<\/p>\n<li>&#013;\n<p lang=\"hu-HU\" style=\"margin-bottom: 0.11in;line-height: 150%\" align=\"justify\"><span style=\"font-family: Calibri, sans-serif\"><span style=\"font-size: small\"><span style=\"color: #000000\"><span style=\"font-family: Calibri Light, sans-serif\">Za one koji \u017eele da oja\u010daju svoj imuni sistem, kao i da smanje rizik od razvoja i vreme trajanja infekcija.<\/span><\/span><\/span><\/span><\/p>\n<p>&#013;\n<\/li>\n<p>&#013;<\/p>\n<li>&#013;\n<p lang=\"hu-HU\" style=\"margin-bottom: 0.11in;line-height: 150%;background: #ffffff\" align=\"justify\"><span style=\"font-family: Calibri, sans-serif\"><span style=\"font-size: small\"><span style=\"color: #000000\"><span style=\"font-family: Calibri Light, sans-serif\">Onima, koji \u017eele da podr\u017ee pravilno funkcionisanje svog imunog sistema, uklju\u010dujuc\u0301i regulisanje protiv prekomerne aktivnosti, kao i smanjenje upalnih stanja, npr. kod autoimunih problema.*<\/span><\/span><\/span><\/span><\/p>\n<p>&#013;\n<\/li>\n<p>&#013;<\/p>\n<li>&#013;\n<p lang=\"hu-HU\" style=\"margin-bottom: 0.11in;line-height: 150%;background: #ffffff\" align=\"justify\"><span style=\"font-family: Calibri, sans-serif\"><span style=\"font-size: small\"><span style=\"color: #000000\"><span style=\"font-family: Calibri Light, sans-serif\">Svima koji \u017eele da ponovo uspostave i zadr\u017ee normalnu ravnote\u017eu crevne flore. <\/span><\/span><\/span><\/span><\/p>\n<p>&#013;\n<\/li>\n<p>&#013;<\/p>\n<li>&#013;\n<p lang=\"hu-HU\" style=\"margin-bottom: 0.11in;line-height: 150%\" align=\"justify\"><span style=\"font-family: Calibri, sans-serif\"><span style=\"font-size: small\"><span style=\"color: #000000\"><span style=\"font-family: Calibri Light, sans-serif\">Vegetarijancima i veganima, za pobolj&scaron;anje varenja, apsorpcije i iskori&scaron;c\u0301enja biljnih proteina.<\/span><\/span><\/span><\/span><\/p>\n<p>&#013;\n<\/li>\n<p>&#013;<\/p>\n<li>&#013;\n<p lang=\"hu-HU\" style=\"margin-bottom: 0.11in;line-height: 150%\" align=\"justify\"><span style=\"font-family: Calibri, sans-serif\"><span style=\"font-size: small\"><span style=\"color: #000000\"><span style=\"font-family: Calibri Light, sans-serif\">Za osobe, koje \u017eele da pobolj&scaron;aju varenje laktoze.<\/span><\/span><\/span><\/span><\/p>\n<p>&#013;\n<\/li>\n<p>&#013;<\/p>\n<li>&#013;\n<p lang=\"hu-HU\" style=\"margin-bottom: 0.11in;line-height: 150%\" align=\"justify\"><span style=\"font-family: Calibri, sans-serif\"><span style=\"font-size: small\"><span style=\"font-family: Calibri Light, sans-serif\">Za one koji tra\u017ee &#8222;\u010distu&#8220; sinbioti\u010dku formulu, odnosno proizvod sa &scaron;to manje aditiva.<\/span><\/span><\/span><\/p>\n<p>&#013;\n<\/li>\n<p>&#013;\n<\/ul>\n<p>&nbsp;<\/p>\n<p>&nbsp;<\/p>\n<p>\u0417\u0430\u0448\u0442\u043e \u043e\u0434\u0430\u0431\u0440\u0430\u0442\u0438 \u0426\u0430\u043b\u0438\u0432\u0438\u0442\u0430 \u043f\u0440\u043e\u0438\u0437\u0432\u043e\u0434\u0435:<\/p>\n<ul>\n<li>\u0421\u0430 \u0438\u0437\u0432\u0430\u043d\u0440\u0435\u0434\u043d\u0438\u043c \u043f\u0440\u043e\u0444\u0435\u0441\u0438\u043e\u043d\u0430\u043b\u043d\u0438\u043c \u0438\u0441\u043a\u0443\u0441\u0442\u0432\u043e\u043c, \u0426\u0430\u043b\u0438\u0412\u0438\u0442\u0430 \u043d\u0443\u0434\u0438 \u0441\u0432\u043e\u0458\u0435 \u043f\u0440\u043e\u0438\u0437\u0432\u043e\u0434\u0435 \u043a\u043e\u0458\u0438 \u0437\u0430\u0434\u043e\u0432\u043e\u0459\u0430\u0432\u0430\u0458\u0443 \u043d\u0430\u0458\u0432\u0438\u0448\u0435 \u043f\u0440\u043e\u043f\u0438\u0441\u0435 \u043e \u043a\u0432\u0430\u043b\u0438\u0442\u0435\u0442\u0443 \u0432\u0438\u0448\u0435 \u043e\u0434 30 \u0433\u043e\u0434\u0438\u043d\u0430.<\/li>\n<li>\u0423\u0432\u0435\u043a \u0442\u0435\u0436\u0438\u043c\u043e \u0434\u0430 \u043a\u043e\u0440\u0438\u0441\u0442\u0438\u043c\u043e \u043f\u0440\u0438\u0440\u043e\u0434\u043d\u0435 \u043e\u0441\u043d\u043e\u0432\u043d\u0435 \u043c\u0430\u0442\u0435\u0440\u0438\u0458\u0430\u043b\u0435 \u043a\u043e\u0458\u0438 \u043f\u043e\u0442\u0438\u0447\u0443 \u0438\u0437 \u043d\u0430\u0458\u0431\u043e\u0459\u0438\u0445 \u0438\u0437\u0432\u043e\u0440\u0430.<\/li>\n<li>\u0422\u043e\u043a\u043e\u043c \u043d\u0430\u0448\u0435\u0433 \u0440\u0430\u0437\u0432\u043e\u0458\u0430, \u043c\u0438 \u0440\u0430\u0434\u0438\u043c\u043e \u043a\u043e\u0440\u0438\u0441\u0442\u0435\u045b\u0438 \u0431\u043e\u0459\u0435 \u0443\u043f\u0438\u0458\u0430\u0458\u0443\u045b\u0435, \u043d\u0430 \u043f\u0440\u0438\u043c\u0435\u0440 \u043e\u0440\u0433\u0430\u043d\u0441\u043a\u0435, \u0444\u043e\u0440\u043c\u0435.<\/li>\n<li>\u041d\u0443\u0434\u0438\u043c\u043e 100% \u0433\u0430\u0440\u0430\u043d\u0446\u0438\u0458\u0443 \u043a\u0432\u0430\u043b\u0438\u0442\u0435\u0442\u0430 \u0437\u0430 \u043d\u0430\u0448\u0435 \u043f\u0440\u043e\u0438\u0437\u0432\u043e\u0434\u0435.<\/li>\n<li>\u041d\u0430\u0448\u0438 \u043f\u0440\u043e\u0438\u0437\u0432\u043e\u0434\u0438 \u043f\u043e\u0434\u043b\u0435\u0436\u0443 \u0441\u0442\u0440\u043e\u0433\u043e\u0458 \u0438 \u0432\u0438\u0448\u0435\u0441\u0442\u0440\u0443\u043a\u043e\u0458 \u043f\u0440\u043e\u0446\u0435\u0434\u0443\u0440\u0438 \u0438\u0441\u043f\u0438\u0442\u0438\u0432\u0430\u045a\u0430 \u043a\u0430\u043a\u043e \u0431\u0438 \u0441\u0435 \u043a\u043e\u043d\u0442\u0438\u043d\u0443\u0438\u0440\u0430\u043d\u043e \u043e\u0431\u0435\u0437\u0431\u0435\u0434\u0438\u043e \u043e\u0434\u043b\u0438\u0447\u0430\u043d \u043a\u0432\u0430\u043b\u0438\u0442\u0435\u0442.<\/li>\n<li>\u041e\u0433\u0440\u043e\u043c\u043d\u0430 \u0432\u0435\u045b\u0438\u043d\u0430 \u043d\u0430\u0448\u0438\u0445 \u0434\u0438\u0458\u0435\u0442\u0435\u0442\u0441\u043a\u0438\u0445 \u0441\u0443\u043f\u043b\u0435\u043c\u0435\u043d\u0430\u0442\u0430 \u043f\u0440\u043e\u0438\u0437\u0432\u043e\u0434\u0438 \u0441\u0435 \u0443 \u0444\u0430\u0440\u043c\u0430\u0446\u0435\u0443\u0442\u0441\u043a\u0438\u043c \u0443\u0441\u043b\u043e\u0432\u0438\u043c\u0430 \u0443 \u0421\u0410\u0414.<\/li>\n<li>\u041f\u0440\u043e\u0438\u0437\u0432\u043e\u0434\u0438 \u0441\u0435 \u043f\u0440\u043e\u0438\u0437\u0432\u043e\u0434\u0435 \u043f\u043e \u043f\u0440\u0438\u043d\u0446\u0438\u043f\u0438\u043c\u0430 \u0446\u0413\u041c\u041f (\u0442\u0440\u0435\u043d\u0443\u0442\u043d\u0435 \u0434\u043e\u0431\u0440\u0435 \u043f\u0440\u043e\u0438\u0437\u0432\u043e\u0452\u0430\u0447\u043a\u0435 \u043f\u0440\u0430\u043a\u0441\u0435), \u0430 \u0432\u0440\u0448\u0438 \u0441\u0435 \u0438 \u0441\u0442\u0430\u043b\u043d\u0430 \u043a\u043e\u043d\u0442\u0440\u043e\u043b\u0430 \u0438 \u0440\u0435\u0434\u043e\u0432\u043d\u043e \u0437\u0430\u043a\u0430\u0437\u0430\u043d\u0435 \u0440\u0435\u0432\u0438\u0437\u0438\u0458\u0435 \u043e\u0434 \u0441\u0442\u0440\u0430\u043d\u0435 \u0424\u0414\u0410 (\u0424\u043e\u043e\u0434 \u0430\u043d\u0434 \u0414\u0440\u0443\u0433 \u0410\u0434\u043c\u0438\u043d\u0438\u0441\u0442\u0440\u0430\u0442\u0438\u043e\u043d). \u0420\u0430\u0434\u0438\u043c\u043e \u0443 \u0431\u043b\u0438\u0441\u043a\u043e\u0458 \u0441\u0430\u0440\u0430\u0434\u045a\u0438 \u0441\u0430 \u043b\u043e\u043a\u0430\u043b\u043d\u0438\u043c \u0432\u043b\u0430\u0441\u0442\u0438\u043c\u0430 \u0437\u0430 \u0438\u0437\u0434\u0430\u0432\u0430\u045a\u0435 \u0434\u043e\u0437\u0432\u043e\u043b\u0430 \u043a\u0430\u043a\u043e \u0431\u0438\u0441\u043c\u043e \u043e\u0441\u0438\u0433\u0443\u0440\u0430\u043b\u0438 \u0434\u0430 \u043d\u0430\u0448\u0438\u043c \u043f\u043e\u0442\u0440\u043e\u0448\u0430\u0447\u0438\u043c\u0430 \u0443\u0432\u0435\u043a \u0431\u0443\u0434\u0443 \u043e\u0431\u0435\u0437\u0431\u0435\u0452\u0435\u043d\u0438 \u043f\u0440\u043e\u0438\u0437\u0432\u043e\u0434\u0438 \u043d\u0430\u0458\u0432\u0438\u0448\u0435\u0433 \u043a\u0432\u0430\u043b\u0438\u0442\u0435\u0442\u0430.<\/li>\n<\/ul>\n<p>\u0423\u041f\u041e\u0417\u041e\u0420\u0415\u040a\u0415!<br \/>\n\u0427\u0443\u0432\u0430\u0442\u0438 \u0432\u0430\u043d \u0434\u043e\u043c\u0430\u0448\u0430\u0458\u0430 \u043c\u0430\u043b\u0435 \u0434\u0435\u0446\u0435. \u041f\u0440\u0435\u043f\u043e\u0440\u0443\u0447\u0435\u043d\u0430 \u0434\u043d\u0435\u0432\u043d\u0430 \u0434\u043e\u0437\u0430 \u0441\u0435 \u043d\u0435 \u0441\u043c\u0435 \u043f\u0440\u0435\u043a\u043e\u0440\u0430\u0447\u0438\u0442\u0438. \u0414\u043e\u0434\u0430\u0446\u0438 \u0438\u0441\u0445\u0440\u0430\u043d\u0438 \u043d\u0435 \u0431\u0438 \u0442\u0440\u0435\u0431\u0430\u043b\u043e \u0434\u0430 \u0441\u0435 \u043a\u043e\u0440\u0438\u0441\u0442\u0435 \u043a\u0430\u043e \u0437\u0430\u043c\u0435\u043d\u0430 \u0437\u0430 \u0440\u0430\u0437\u043d\u043e\u0432\u0440\u0441\u043d\u0443 \u0438\u0441\u0445\u0440\u0430\u043d\u0443.<\/p>\n","protected":false},"excerpt":{"rendered":"<p>\u041a\u043e\u043b\u0438\u0447\u0438\u043d\u0430 \u043d\u0430 \u0437\u0430\u043b\u0438\u0445\u0430\u043c\u0430: 85 <\/p>\n","protected":false},"featured_media":13844,"comment_status":"closed","ping_status":"open","template":"","meta":[],"product_brand":[],"product_cat":[435],"product_tag":[],"class_list":{"0":"post-13387","1":"product","2":"type-product","3":"status-publish","4":"has-post-thumbnail","6":"product_cat-435","8":"first","9":"instock","10":"product-type-external"},"_links":{"self":[{"href":"https:\/\/vitashop.info\/rs\/wp-json\/wp\/v2\/product\/13387","targetHints":{"allow":["GET"]}}],"collection":[{"href":"https:\/\/vitashop.info\/rs\/wp-json\/wp\/v2\/product"}],"about":[{"href":"https:\/\/vitashop.info\/rs\/wp-json\/wp\/v2\/types\/product"}],"replies":[{"embeddable":true,"href":"https:\/\/vitashop.info\/rs\/wp-json\/wp\/v2\/comments?post=13387"}],"wp:featuredmedia":[{"embeddable":true,"href":"https:\/\/vitashop.info\/rs\/wp-json\/wp\/v2\/media\/13844"}],"wp:attachment":[{"href":"https:\/\/vitashop.info\/rs\/wp-json\/wp\/v2\/media?parent=13387"}],"wp:term":[{"taxonomy":"product_brand","embeddable":true,"href":"https:\/\/vitashop.info\/rs\/wp-json\/wp\/v2\/product_brand?post=13387"},{"taxonomy":"product_cat","embeddable":true,"href":"https:\/\/vitashop.info\/rs\/wp-json\/wp\/v2\/product_cat?post=13387"},{"taxonomy":"product_tag","embeddable":true,"href":"https:\/\/vitashop.info\/rs\/wp-json\/wp\/v2\/product_tag?post=13387"}],"curies":[{"name":"wp","href":"https:\/\/api.w.org\/{rel}","templated":true}]}}