{"id":13118,"date":"2026-04-21T01:38:10","date_gmt":"2026-04-21T00:38:10","guid":{"rendered":"https:\/\/vitashop.info\/rs\/\u043f\u0440\u043e\u0438\u0437\u0432\u043e\u0434\/pure-camg-plus-120-biljnih-kapsula-sa-morskim-mineralima\/"},"modified":"2026-04-21T01:40:20","modified_gmt":"2026-04-21T00:40:20","slug":"pure-camg-plus-120-biljnih-kapsula-sa-morskim-mineralima","status":"publish","type":"product","link":"https:\/\/vitashop.info\/rs\/\u043f\u0440\u043e\u0438\u0437\u0432\u043e\u0434\/pure-camg-plus-120-biljnih-kapsula-sa-morskim-mineralima\/","title":{"rendered":"Pure Ca+Mg Plus 120 biljnih kapsula &#8211; Sa morskim mineralima"},"content":{"rendered":"<p>\u0414\u043e\u0437\u0438\u0440\u0430\u045a\u0435: <\/p>\n<p>&nbsp;<\/p>\n<p>\u041e\u043f\u0438\u0441:<\/p>\n<p>Pure Ca+Mg Plus sadr\u017ei kalcijum i magnezijum u Aquamin&reg; obliku koji se lako apsorbuje i koji se dobija iz morske vode i morskih algi. Iste smo upotpunili sa vitaminima D3 i K2, organskim mineralima, kao i uz organski ekstrakt tre&scaron;nje acerole i ekstrakt rastavi\u0107a. Primena doprinosi odr\u017eavanju zdravih kostiju i zuba, kao i normalnom funkcionisanju mi&scaron;i\u0107a.<\/p>\n<p>&#013;<\/p>\n<p>Ne sadr\u017ei GMO ili ve&scaron;ta\u010dke aditive. Kapsule su biljnog porekla i mogu da ih konzumiraju i vegetarijanci i vegani.<\/p>\n<p>&nbsp;<\/p>\n<p>\u041a\u043e\u043c\u0435 \u043f\u0440\u0435\u043f\u043e\u0440\u0443\u0447\u0443\u0458\u0435\u043c\u043e:<\/p>\n<ul>&#013;<\/p>\n<li>Osobama koje ne konzumiraju mleko i mle\u010dne proizvode i\/ili imaju (pre)osetljivost na laktozu.<\/li>\n<p>&#013;<\/p>\n<li>Osobama koje \u010desto konzumiraju kafu ili gazirane napitke, koji sadr\u017ee fosfornu kiselinu.<\/li>\n<p>&#013;<\/p>\n<li>Za vegetarijance i vegane.<\/li>\n<p>&#013;<\/p>\n<li>Trudnicama za o\u010duvanje zdravlja zuba i pravilan razvoj kostiju fetusa.*<\/li>\n<p>&#013;<\/p>\n<li>Mladima koji te\u017ee zdravom razvoju ko&scaron;tane mase.<\/li>\n<p>&#013;<\/p>\n<li>Sredove\u010dnim ljudima u cilju o\u010duvanja zdravlja kostiju i zuba, za normalno funkcionisanje mi&scaron;i\u0107a, kao i za prevenciju nastanka osteoporoze.<\/li>\n<p>&#013;<\/p>\n<li>Nakon menopauze i za starije osobe, za usporavanje procesa gubitka kostiju.<\/li>\n<p>&#013;<\/p>\n<li>Za one koji tra\u017ee kompleksan proizvod za podr&scaron;ku zdravlja kostiju.<\/li>\n<p>&#013;<\/p>\n<li>Svima koji tra\u017ee veganske i &bdquo;\u010diste&rdquo; proizvode, tojest preparate sa &scaron;to je mogu\u0107e manje dodatnih sastojaka za ja\u010danje ko&scaron;tanog sistema.<\/li>\n<p>&#013;\n<\/ul>\n<p>&nbsp;<\/p>\n<p>&nbsp;<\/p>\n<p>\u0417\u0430\u0448\u0442\u043e \u043e\u0434\u0430\u0431\u0440\u0430\u0442\u0438 \u0426\u0430\u043b\u0438\u0432\u0438\u0442\u0430 \u043f\u0440\u043e\u0438\u0437\u0432\u043e\u0434\u0435:<\/p>\n<ul>\n<li>\u0421\u0430 \u0438\u0437\u0432\u0430\u043d\u0440\u0435\u0434\u043d\u0438\u043c \u043f\u0440\u043e\u0444\u0435\u0441\u0438\u043e\u043d\u0430\u043b\u043d\u0438\u043c \u0438\u0441\u043a\u0443\u0441\u0442\u0432\u043e\u043c, \u0426\u0430\u043b\u0438\u0412\u0438\u0442\u0430 \u043d\u0443\u0434\u0438 \u0441\u0432\u043e\u0458\u0435 \u043f\u0440\u043e\u0438\u0437\u0432\u043e\u0434\u0435 \u043a\u043e\u0458\u0438 \u0437\u0430\u0434\u043e\u0432\u043e\u0459\u0430\u0432\u0430\u0458\u0443 \u043d\u0430\u0458\u0432\u0438\u0448\u0435 \u043f\u0440\u043e\u043f\u0438\u0441\u0435 \u043e \u043a\u0432\u0430\u043b\u0438\u0442\u0435\u0442\u0443 \u0432\u0438\u0448\u0435 \u043e\u0434 30 \u0433\u043e\u0434\u0438\u043d\u0430.<\/li>\n<li>\u0423\u0432\u0435\u043a \u0442\u0435\u0436\u0438\u043c\u043e \u0434\u0430 \u043a\u043e\u0440\u0438\u0441\u0442\u0438\u043c\u043e \u043f\u0440\u0438\u0440\u043e\u0434\u043d\u0435 \u043e\u0441\u043d\u043e\u0432\u043d\u0435 \u043c\u0430\u0442\u0435\u0440\u0438\u0458\u0430\u043b\u0435 \u043a\u043e\u0458\u0438 \u043f\u043e\u0442\u0438\u0447\u0443 \u0438\u0437 \u043d\u0430\u0458\u0431\u043e\u0459\u0438\u0445 \u0438\u0437\u0432\u043e\u0440\u0430.<\/li>\n<li>\u0422\u043e\u043a\u043e\u043c \u043d\u0430\u0448\u0435\u0433 \u0440\u0430\u0437\u0432\u043e\u0458\u0430, \u043c\u0438 \u0440\u0430\u0434\u0438\u043c\u043e \u043a\u043e\u0440\u0438\u0441\u0442\u0435\u045b\u0438 \u0431\u043e\u0459\u0435 \u0443\u043f\u0438\u0458\u0430\u0458\u0443\u045b\u0435, \u043d\u0430 \u043f\u0440\u0438\u043c\u0435\u0440 \u043e\u0440\u0433\u0430\u043d\u0441\u043a\u0435, \u0444\u043e\u0440\u043c\u0435.<\/li>\n<li>\u041d\u0443\u0434\u0438\u043c\u043e 100% \u0433\u0430\u0440\u0430\u043d\u0446\u0438\u0458\u0443 \u043a\u0432\u0430\u043b\u0438\u0442\u0435\u0442\u0430 \u0437\u0430 \u043d\u0430\u0448\u0435 \u043f\u0440\u043e\u0438\u0437\u0432\u043e\u0434\u0435.<\/li>\n<li>\u041d\u0430\u0448\u0438 \u043f\u0440\u043e\u0438\u0437\u0432\u043e\u0434\u0438 \u043f\u043e\u0434\u043b\u0435\u0436\u0443 \u0441\u0442\u0440\u043e\u0433\u043e\u0458 \u0438 \u0432\u0438\u0448\u0435\u0441\u0442\u0440\u0443\u043a\u043e\u0458 \u043f\u0440\u043e\u0446\u0435\u0434\u0443\u0440\u0438 \u0438\u0441\u043f\u0438\u0442\u0438\u0432\u0430\u045a\u0430 \u043a\u0430\u043a\u043e \u0431\u0438 \u0441\u0435 \u043a\u043e\u043d\u0442\u0438\u043d\u0443\u0438\u0440\u0430\u043d\u043e \u043e\u0431\u0435\u0437\u0431\u0435\u0434\u0438\u043e \u043e\u0434\u043b\u0438\u0447\u0430\u043d \u043a\u0432\u0430\u043b\u0438\u0442\u0435\u0442.<\/li>\n<li>\u041e\u0433\u0440\u043e\u043c\u043d\u0430 \u0432\u0435\u045b\u0438\u043d\u0430 \u043d\u0430\u0448\u0438\u0445 \u0434\u0438\u0458\u0435\u0442\u0435\u0442\u0441\u043a\u0438\u0445 \u0441\u0443\u043f\u043b\u0435\u043c\u0435\u043d\u0430\u0442\u0430 \u043f\u0440\u043e\u0438\u0437\u0432\u043e\u0434\u0438 \u0441\u0435 \u0443 \u0444\u0430\u0440\u043c\u0430\u0446\u0435\u0443\u0442\u0441\u043a\u0438\u043c \u0443\u0441\u043b\u043e\u0432\u0438\u043c\u0430 \u0443 \u0421\u0410\u0414.<\/li>\n<li>\u041f\u0440\u043e\u0438\u0437\u0432\u043e\u0434\u0438 \u0441\u0435 \u043f\u0440\u043e\u0438\u0437\u0432\u043e\u0434\u0435 \u043f\u043e \u043f\u0440\u0438\u043d\u0446\u0438\u043f\u0438\u043c\u0430 \u0446\u0413\u041c\u041f (\u0442\u0440\u0435\u043d\u0443\u0442\u043d\u0435 \u0434\u043e\u0431\u0440\u0435 \u043f\u0440\u043e\u0438\u0437\u0432\u043e\u0452\u0430\u0447\u043a\u0435 \u043f\u0440\u0430\u043a\u0441\u0435), \u0430 \u0432\u0440\u0448\u0438 \u0441\u0435 \u0438 \u0441\u0442\u0430\u043b\u043d\u0430 \u043a\u043e\u043d\u0442\u0440\u043e\u043b\u0430 \u0438 \u0440\u0435\u0434\u043e\u0432\u043d\u043e \u0437\u0430\u043a\u0430\u0437\u0430\u043d\u0435 \u0440\u0435\u0432\u0438\u0437\u0438\u0458\u0435 \u043e\u0434 \u0441\u0442\u0440\u0430\u043d\u0435 \u0424\u0414\u0410 (\u0424\u043e\u043e\u0434 \u0430\u043d\u0434 \u0414\u0440\u0443\u0433 \u0410\u0434\u043c\u0438\u043d\u0438\u0441\u0442\u0440\u0430\u0442\u0438\u043e\u043d). \u0420\u0430\u0434\u0438\u043c\u043e \u0443 \u0431\u043b\u0438\u0441\u043a\u043e\u0458 \u0441\u0430\u0440\u0430\u0434\u045a\u0438 \u0441\u0430 \u043b\u043e\u043a\u0430\u043b\u043d\u0438\u043c \u0432\u043b\u0430\u0441\u0442\u0438\u043c\u0430 \u0437\u0430 \u0438\u0437\u0434\u0430\u0432\u0430\u045a\u0435 \u0434\u043e\u0437\u0432\u043e\u043b\u0430 \u043a\u0430\u043a\u043e \u0431\u0438\u0441\u043c\u043e \u043e\u0441\u0438\u0433\u0443\u0440\u0430\u043b\u0438 \u0434\u0430 \u043d\u0430\u0448\u0438\u043c \u043f\u043e\u0442\u0440\u043e\u0448\u0430\u0447\u0438\u043c\u0430 \u0443\u0432\u0435\u043a \u0431\u0443\u0434\u0443 \u043e\u0431\u0435\u0437\u0431\u0435\u0452\u0435\u043d\u0438 \u043f\u0440\u043e\u0438\u0437\u0432\u043e\u0434\u0438 \u043d\u0430\u0458\u0432\u0438\u0448\u0435\u0433 \u043a\u0432\u0430\u043b\u0438\u0442\u0435\u0442\u0430.<\/li>\n<\/ul>\n<p>\u0423\u041f\u041e\u0417\u041e\u0420\u0415\u040a\u0415!<br \/>\n\u0427\u0443\u0432\u0430\u0442\u0438 \u0432\u0430\u043d \u0434\u043e\u043c\u0430\u0448\u0430\u0458\u0430 \u043c\u0430\u043b\u0435 \u0434\u0435\u0446\u0435. \u041f\u0440\u0435\u043f\u043e\u0440\u0443\u0447\u0435\u043d\u0430 \u0434\u043d\u0435\u0432\u043d\u0430 \u0434\u043e\u0437\u0430 \u0441\u0435 \u043d\u0435 \u0441\u043c\u0435 \u043f\u0440\u0435\u043a\u043e\u0440\u0430\u0447\u0438\u0442\u0438. \u0414\u043e\u0434\u0430\u0446\u0438 \u0438\u0441\u0445\u0440\u0430\u043d\u0438 \u043d\u0435 \u0431\u0438 \u0442\u0440\u0435\u0431\u0430\u043b\u043e \u0434\u0430 \u0441\u0435 \u043a\u043e\u0440\u0438\u0441\u0442\u0435 \u043a\u0430\u043e \u0437\u0430\u043c\u0435\u043d\u0430 \u0437\u0430 \u0440\u0430\u0437\u043d\u043e\u0432\u0440\u0441\u043d\u0443 \u0438\u0441\u0445\u0440\u0430\u043d\u0443.<\/p>\n","protected":false},"excerpt":{"rendered":"<p>\u041a\u043e\u043b\u0438\u0447\u0438\u043d\u0430 \u043d\u0430 \u0437\u0430\u043b\u0438\u0445\u0430\u043c\u0430: 21 <\/p>\n","protected":false},"featured_media":13872,"comment_status":"closed","ping_status":"open","template":"","meta":[],"product_brand":[],"product_cat":[435],"product_tag":[],"class_list":{"0":"post-13118","1":"product","2":"type-product","3":"status-publish","4":"has-post-thumbnail","6":"product_cat-435","8":"first","9":"instock","10":"product-type-external"},"_links":{"self":[{"href":"https:\/\/vitashop.info\/rs\/wp-json\/wp\/v2\/product\/13118","targetHints":{"allow":["GET"]}}],"collection":[{"href":"https:\/\/vitashop.info\/rs\/wp-json\/wp\/v2\/product"}],"about":[{"href":"https:\/\/vitashop.info\/rs\/wp-json\/wp\/v2\/types\/product"}],"replies":[{"embeddable":true,"href":"https:\/\/vitashop.info\/rs\/wp-json\/wp\/v2\/comments?post=13118"}],"wp:featuredmedia":[{"embeddable":true,"href":"https:\/\/vitashop.info\/rs\/wp-json\/wp\/v2\/media\/13872"}],"wp:attachment":[{"href":"https:\/\/vitashop.info\/rs\/wp-json\/wp\/v2\/media?parent=13118"}],"wp:term":[{"taxonomy":"product_brand","embeddable":true,"href":"https:\/\/vitashop.info\/rs\/wp-json\/wp\/v2\/product_brand?post=13118"},{"taxonomy":"product_cat","embeddable":true,"href":"https:\/\/vitashop.info\/rs\/wp-json\/wp\/v2\/product_cat?post=13118"},{"taxonomy":"product_tag","embeddable":true,"href":"https:\/\/vitashop.info\/rs\/wp-json\/wp\/v2\/product_tag?post=13118"}],"curies":[{"name":"wp","href":"https:\/\/api.w.org\/{rel}","templated":true}]}}