{"id":12738,"date":"2026-04-14T01:38:11","date_gmt":"2026-04-14T00:38:11","guid":{"rendered":"https:\/\/vitashop.info\/rs\/\u043f\u0440\u043e\u0438\u0437\u0432\u043e\u0434\/organicare-body-lotion-250ml\/"},"modified":"2026-04-14T01:40:13","modified_gmt":"2026-04-14T00:40:13","slug":"organicare-body-lotion-250ml","status":"publish","type":"product","link":"https:\/\/vitashop.info\/rs\/\u043f\u0440\u043e\u0438\u0437\u0432\u043e\u0434\/organicare-body-lotion-250ml\/","title":{"rendered":"Organicare Body Lotion 250ml  &#8211;"},"content":{"rendered":"\n<p>&nbsp;<\/p>\n<p>\u041e\u043f\u0438\u0441:<\/p>\n<p>Hidrira ko\u017eu, \u010dine\u0107i je mekom i bar&scaron;unastom za du\u017ee vreme. Poma\u017ee da se ko\u017ei vrati prirodna ravnote\u017ea i&nbsp; \u010dini je glatkom i elasti\u010dnom uz izuzetno prijatan misris. Idealno za negu celog tela i svakodnevnu upotrebu. Namenjeno za sve \u010dlanove porodice, kao i za decu, \u010dak i u slu\u010dajevima ko\u017ene iritacije.<\/p>\n<p>&nbsp;<\/p>\n<p>\u041a\u043e\u043c\u0435 \u043f\u0440\u0435\u043f\u043e\u0440\u0443\u0447\u0443\u0458\u0435\u043c\u043e:<\/p>\n<ul>&#013;<\/p>\n<li>a&nbsp;sve&nbsp;tipove&nbsp;ko\u017ee,&nbsp;kao&nbsp;i&nbsp;za&nbsp;osobe&nbsp;sa&nbsp;osetljivom&nbsp;ko\u017eom,&nbsp;na&nbsp;celom&nbsp;telu,&nbsp;\u010dak&nbsp;i&nbsp;za&nbsp;svakodnevnu&nbsp;upotrebu.<\/li>\n<p>&#013;<\/p>\n<li>Za&nbsp;sve&nbsp;\u010dlanove&nbsp;porodice,&nbsp;od&nbsp;najmla\u0111ih&nbsp;do&nbsp;najstarijih.<\/li>\n<p>&#013;<\/p>\n<li>Za&nbsp;svakoga,&nbsp;ko&nbsp;\u017eeli&nbsp;da&nbsp;neguje&nbsp;ko\u017eu&nbsp;uz&nbsp;primenu&nbsp;organskih&nbsp;sastojaka&nbsp;prirodnog&nbsp;porekla,&nbsp;bez&nbsp;prisustva&nbsp;alergena.<\/li>\n<p>&#013;\n<\/ul>\n<p>&nbsp;<\/p>\n<p>&nbsp;<\/p>\n","protected":false},"excerpt":{"rendered":"<p>\u041a\u043e\u043b\u0438\u0447\u0438\u043d\u0430 \u043d\u0430 \u0437\u0430\u043b\u0438\u0445\u0430\u043c\u0430: 24 <\/p>\n","protected":false},"featured_media":13678,"comment_status":"closed","ping_status":"open","template":"","meta":[],"product_brand":[],"product_cat":[436],"product_tag":[],"class_list":{"0":"post-12738","1":"product","2":"type-product","3":"status-publish","4":"has-post-thumbnail","6":"product_cat-436","8":"first","9":"instock","10":"product-type-external"},"_links":{"self":[{"href":"https:\/\/vitashop.info\/rs\/wp-json\/wp\/v2\/product\/12738","targetHints":{"allow":["GET"]}}],"collection":[{"href":"https:\/\/vitashop.info\/rs\/wp-json\/wp\/v2\/product"}],"about":[{"href":"https:\/\/vitashop.info\/rs\/wp-json\/wp\/v2\/types\/product"}],"replies":[{"embeddable":true,"href":"https:\/\/vitashop.info\/rs\/wp-json\/wp\/v2\/comments?post=12738"}],"wp:featuredmedia":[{"embeddable":true,"href":"https:\/\/vitashop.info\/rs\/wp-json\/wp\/v2\/media\/13678"}],"wp:attachment":[{"href":"https:\/\/vitashop.info\/rs\/wp-json\/wp\/v2\/media?parent=12738"}],"wp:term":[{"taxonomy":"product_brand","embeddable":true,"href":"https:\/\/vitashop.info\/rs\/wp-json\/wp\/v2\/product_brand?post=12738"},{"taxonomy":"product_cat","embeddable":true,"href":"https:\/\/vitashop.info\/rs\/wp-json\/wp\/v2\/product_cat?post=12738"},{"taxonomy":"product_tag","embeddable":true,"href":"https:\/\/vitashop.info\/rs\/wp-json\/wp\/v2\/product_tag?post=12738"}],"curies":[{"name":"wp","href":"https:\/\/api.w.org\/{rel}","templated":true}]}}