{"id":12736,"date":"2024-11-12T18:26:33","date_gmt":"2024-11-12T17:26:33","guid":{"rendered":"https:\/\/vitashop.info\/rs\/\u043f\u0440\u043e\u0438\u0437\u0432\u043e\u0434\/caligreen-natural-bathroom-cleaner-500ml-prirodno-sredstvo-za-ciscenje-kupatila\/"},"modified":"2026-04-21T01:40:13","modified_gmt":"2026-04-21T00:40:13","slug":"caligreen-natural-bathroom-cleaner-500ml-prirodno-sredstvo-za-ciscenje-kupatila","status":"publish","type":"product","link":"https:\/\/vitashop.info\/rs\/\u043f\u0440\u043e\u0438\u0437\u0432\u043e\u0434\/caligreen-natural-bathroom-cleaner-500ml-prirodno-sredstvo-za-ciscenje-kupatila\/","title":{"rendered":"CaliGreen Natural Bathroom Cleaner 500ml &#8211; Prirodno sredstvo za \u010di\u0161\u0107enje kupatila"},"content":{"rendered":"\n<p>&nbsp;<\/p>\n<p>\u041e\u043f\u0438\u0441:<\/p>\n<p>Ekolo&scaron;ko sredstvo za \u010di&scaron;\u0107enje kupatila uz pomo\u0107 prirodnih materija, kombinacijom alkohola, mle\u010dne i limunske kiseline efikasno rastvara naslage sapuna, masno\u0107e i prljav&scaron;tine koji se javljaju u kupatilu, i uklanja kamenac i mrlje. Zahvaljuju\u0107i dezinfekcionom dejstvu, doprinosi spre\u010davanju razvoja bakterija i obezbe\u0111uje higijensku sve\u017einu.<\/p>\n<p>&#013;<\/p>\n<p><strong>Sastav:<\/strong> &lt;5% nejonske povr&scaron;inski aktivne supstance (saharoidni surfaktanti), anjonski surfaktanti (sulfati masnih alkohola), voda,&nbsp; mle\u010dna kiselina, limunska kiselina, ksantan guma.<\/p>\n<p>&nbsp;<\/p>\n<p>&nbsp;<\/p>\n<p>&nbsp;<\/p>\n","protected":false},"excerpt":{"rendered":"<p>\u041a\u043e\u043b\u0438\u0447\u0438\u043d\u0430 \u043d\u0430 \u0437\u0430\u043b\u0438\u0445\u0430\u043c\u0430: 9 <\/p>\n","protected":false},"featured_media":13659,"comment_status":"closed","ping_status":"open","template":"","meta":[],"product_brand":[],"product_cat":[438],"product_tag":[],"class_list":{"0":"post-12736","1":"product","2":"type-product","3":"status-publish","4":"has-post-thumbnail","6":"product_cat-438","8":"first","9":"instock","10":"product-type-external"},"_links":{"self":[{"href":"https:\/\/vitashop.info\/rs\/wp-json\/wp\/v2\/product\/12736","targetHints":{"allow":["GET"]}}],"collection":[{"href":"https:\/\/vitashop.info\/rs\/wp-json\/wp\/v2\/product"}],"about":[{"href":"https:\/\/vitashop.info\/rs\/wp-json\/wp\/v2\/types\/product"}],"replies":[{"embeddable":true,"href":"https:\/\/vitashop.info\/rs\/wp-json\/wp\/v2\/comments?post=12736"}],"wp:featuredmedia":[{"embeddable":true,"href":"https:\/\/vitashop.info\/rs\/wp-json\/wp\/v2\/media\/13659"}],"wp:attachment":[{"href":"https:\/\/vitashop.info\/rs\/wp-json\/wp\/v2\/media?parent=12736"}],"wp:term":[{"taxonomy":"product_brand","embeddable":true,"href":"https:\/\/vitashop.info\/rs\/wp-json\/wp\/v2\/product_brand?post=12736"},{"taxonomy":"product_cat","embeddable":true,"href":"https:\/\/vitashop.info\/rs\/wp-json\/wp\/v2\/product_cat?post=12736"},{"taxonomy":"product_tag","embeddable":true,"href":"https:\/\/vitashop.info\/rs\/wp-json\/wp\/v2\/product_tag?post=12736"}],"curies":[{"name":"wp","href":"https:\/\/api.w.org\/{rel}","templated":true}]}}