{"id":12628,"date":"2026-04-14T01:38:13","date_gmt":"2026-04-14T00:38:13","guid":{"rendered":"https:\/\/vitashop.info\/rs\/\u043f\u0440\u043e\u0438\u0437\u0432\u043e\u0434\/organicare-toothbrush-biorazgradiva-cetkica-za-zube\/"},"modified":"2026-04-14T01:38:13","modified_gmt":"2026-04-14T00:38:13","slug":"organicare-toothbrush-biorazgradiva-cetkica-za-zube","status":"publish","type":"product","link":"https:\/\/vitashop.info\/rs\/\u043f\u0440\u043e\u0438\u0437\u0432\u043e\u0434\/organicare-toothbrush-biorazgradiva-cetkica-za-zube\/","title":{"rendered":"Organicare Toothbrush  &#8211; Biorazgradiva \u010detkica za zube"},"content":{"rendered":"\n<p>&nbsp;<\/p>\n<p>\u041e\u043f\u0438\u0441:<\/p>\n<p>Organicare biorazgradiva \u010detkica za zube sa svojim mekim vlaknima ne\u017eno i efikasno \u010disti zubnu gle\u0111 i desni.<\/p>\n<p>&#013;<\/p>\n<p>Spolja&scaron;nja vlakna \u010detkice su biljnog porekla i poti\u010du od ricinusovog ulja.&nbsp;Unutra&scaron;nja vlakna su tretirana sa srebrom, za antibakterijsku za&scaron;titu. Dr&scaron;ka je napravljena od razgradive bioplastike, i ista je nusproizvod celuloze, koja se stvara prilikom prerade drveta.<\/p>\n<p>&#013;<\/p>\n<p>\u010cetkica je biorazgradiva, ekolo&scaron;ki prihvatljiva i odr\u017eiva, i ne sadr\u017ei sastojke \u017eivotinjskog porekla. Vlakna dolaze u 4 razli\u010dite nijanse: \u017euta, zelena, plava i ru\u017ei\u010dasta.<\/p>\n<p>&#013;<\/p>\n<p><em>Napomena: Proizvod dolazi u razli\u010ditim bojama i ne mo\u017eemo da garantujemo da \u0107ete dobiti proizvod u boji sa slike.<\/em><\/p>\n<p>&nbsp;<\/p>\n<p>&nbsp;<\/p>\n<p>&nbsp;<\/p>\n","protected":false},"excerpt":{"rendered":"<p>\u041a\u043e\u043b\u0438\u0447\u0438\u043d\u0430 \u043d\u0430 \u0437\u0430\u043b\u0438\u0445\u0430\u043c\u0430: 61 <\/p>\n","protected":false},"featured_media":12629,"comment_status":"closed","ping_status":"open","template":"","meta":[],"product_brand":[],"product_cat":[436],"product_tag":[],"class_list":{"0":"post-12628","1":"product","2":"type-product","3":"status-publish","4":"has-post-thumbnail","6":"product_cat-436","8":"first","9":"instock","10":"product-type-external"},"_links":{"self":[{"href":"https:\/\/vitashop.info\/rs\/wp-json\/wp\/v2\/product\/12628","targetHints":{"allow":["GET"]}}],"collection":[{"href":"https:\/\/vitashop.info\/rs\/wp-json\/wp\/v2\/product"}],"about":[{"href":"https:\/\/vitashop.info\/rs\/wp-json\/wp\/v2\/types\/product"}],"replies":[{"embeddable":true,"href":"https:\/\/vitashop.info\/rs\/wp-json\/wp\/v2\/comments?post=12628"}],"wp:featuredmedia":[{"embeddable":true,"href":"https:\/\/vitashop.info\/rs\/wp-json\/wp\/v2\/media\/12629"}],"wp:attachment":[{"href":"https:\/\/vitashop.info\/rs\/wp-json\/wp\/v2\/media?parent=12628"}],"wp:term":[{"taxonomy":"product_brand","embeddable":true,"href":"https:\/\/vitashop.info\/rs\/wp-json\/wp\/v2\/product_brand?post=12628"},{"taxonomy":"product_cat","embeddable":true,"href":"https:\/\/vitashop.info\/rs\/wp-json\/wp\/v2\/product_cat?post=12628"},{"taxonomy":"product_tag","embeddable":true,"href":"https:\/\/vitashop.info\/rs\/wp-json\/wp\/v2\/product_tag?post=12628"}],"curies":[{"name":"wp","href":"https:\/\/api.w.org\/{rel}","templated":true}]}}