{"id":12487,"date":"2026-04-14T01:38:09","date_gmt":"2026-04-14T00:38:09","guid":{"rendered":"https:\/\/vitashop.info\/rs\/\u043f\u0440\u043e\u0438\u0437\u0432\u043e\u0434\/herbaid-300ml\/"},"modified":"2026-04-14T01:40:18","modified_gmt":"2026-04-14T00:40:18","slug":"herbaid-300ml","status":"publish","type":"product","link":"https:\/\/vitashop.info\/rs\/\u043f\u0440\u043e\u0438\u0437\u0432\u043e\u0434\/herbaid-300ml\/","title":{"rendered":"HerbAid+ 300ml &#8211;"},"content":{"rendered":"\n<p>&nbsp;<\/p>\n<p>\u041e\u043f\u0438\u0441:<\/p>\n<p>HerbAid+ je izuzetno efikasna biljna esencija sa 53 lekovita bilja vrhunskog kvaliteta. Nudi re&scaron;enje za &scaron;irok spektar problema, od povreda u doma\u0107instvu, preko problema sa ko\u017eom, sve do nege i lepote.<br \/>Na&scaron; biljni eliksir se pa\u017eljivo proizvodi u &Scaron;vajcarskoj a zasnovan je na znanju o lekovitim biljkama koje se akumuliralo kroz vekove, kao i kori&scaron;\u0107enjem drevnog proizvodnog procesa. Proizvod je kontinuirano laboratorijski testiran sa najve\u0107om pa\u017enjom, kako bi vi uvek imali pristup najkvalitetnijim esencijama lekovitih biljaka. HerbAid+ je stopostotne \u010disto\u0107e i prirodan, ne sadr\u017ei nikakve hemikalije ili sinteti\u010dke materijale, niti sadr\u017ei dodatne boje, mirise, arome ili aditive; a tako\u0111e ne morate da brinete o bilo kojoj &scaron;tetnoj supstanci koja bi mogla da se koristi tokom procesa proizvodnje.<\/p>\n<p>&#013;<\/p>\n<p><span class=\"blacktext\"><strong>Upotreba<\/strong>: Naprskajte na zahva\u0107eno podru\u010dje ko\u017ee sa udaljenosti od 8-10 cm, 1-2 puta dnevno. Ako je potrebno, utrljajte u ko\u017eu dok se potpuno ne upije. Mo\u017ee se koristiti direktno ili razbla\u017eeno vodom.<\/span><\/p>\n<p>&nbsp;<\/p>\n<p>\u041a\u043e\u043c\u0435 \u043f\u0440\u0435\u043f\u043e\u0440\u0443\u0447\u0443\u0458\u0435\u043c\u043e:<\/p>\n<ul style=\"list-style-type: disc\">&#013;<\/p>\n<li>Kao obavezan deo ku\u0107ne apoteke, za tretiranje kuc\u0301nih rana, posekotina, uobi\u010dajenih povreda u kuhinji, opekotina itd.<\/li>\n<p>&#013;<\/p>\n<li>Za tretman uganuc\u0301a, ujeda insekata ili uboda trnja koji se obi\u010dno zadobiju tokom planinarenja ili izleta u prirodi.<\/li>\n<p>&#013;<\/p>\n<li>\u017denama kao deo nege za lepotu, naneti na ko\u017eu radi smanjenja pojave linija i bora, kao i protiv akni i bubuljica.<\/li>\n<p>&#013;<\/p>\n<li>Mu&scaron;karcima kao losion posle brijanja, ali i kao dezodorans, pa \u010dak i za smanjenje gubitka kose.<\/li>\n<p>&#013;<\/p>\n<li>Kod starijih za ubla\u017eavanje mijalgije, oticanja nogu ili varikoze (tj. poremec\u0301aja pro&scaron;irenih vena).<\/li>\n<p>&#013;<\/p>\n<li>Za sve \u010dlanove porodice koji se bore sa upornim upalama ko\u017ee ili sa drugim problemati\u010dnim stanjima ko\u017ee (kao &scaron;to su ekcem ili rozacea), ili \u010dak i \u010direvi.<\/li>\n<p>&#013;\n<\/ul>\n<p>&#013;<\/p>\n<p>&nbsp;<\/p>\n<p>&nbsp;<\/p>\n","protected":false},"excerpt":{"rendered":"<p>\u041a\u043e\u043b\u0438\u0447\u0438\u043d\u0430 \u043d\u0430 \u0437\u0430\u043b\u0438\u0445\u0430\u043c\u0430: 10 <\/p>\n","protected":false},"featured_media":12615,"comment_status":"closed","ping_status":"open","template":"","meta":[],"product_brand":[],"product_cat":[436],"product_tag":[],"class_list":{"0":"post-12487","1":"product","2":"type-product","3":"status-publish","4":"has-post-thumbnail","6":"product_cat-436","8":"first","9":"instock","10":"product-type-external"},"_links":{"self":[{"href":"https:\/\/vitashop.info\/rs\/wp-json\/wp\/v2\/product\/12487","targetHints":{"allow":["GET"]}}],"collection":[{"href":"https:\/\/vitashop.info\/rs\/wp-json\/wp\/v2\/product"}],"about":[{"href":"https:\/\/vitashop.info\/rs\/wp-json\/wp\/v2\/types\/product"}],"replies":[{"embeddable":true,"href":"https:\/\/vitashop.info\/rs\/wp-json\/wp\/v2\/comments?post=12487"}],"wp:featuredmedia":[{"embeddable":true,"href":"https:\/\/vitashop.info\/rs\/wp-json\/wp\/v2\/media\/12615"}],"wp:attachment":[{"href":"https:\/\/vitashop.info\/rs\/wp-json\/wp\/v2\/media?parent=12487"}],"wp:term":[{"taxonomy":"product_brand","embeddable":true,"href":"https:\/\/vitashop.info\/rs\/wp-json\/wp\/v2\/product_brand?post=12487"},{"taxonomy":"product_cat","embeddable":true,"href":"https:\/\/vitashop.info\/rs\/wp-json\/wp\/v2\/product_cat?post=12487"},{"taxonomy":"product_tag","embeddable":true,"href":"https:\/\/vitashop.info\/rs\/wp-json\/wp\/v2\/product_tag?post=12487"}],"curies":[{"name":"wp","href":"https:\/\/api.w.org\/{rel}","templated":true}]}}