{"id":12435,"date":"2024-09-19T17:27:43","date_gmt":"2024-09-19T16:27:43","guid":{"rendered":"https:\/\/vitashop.info\/rs\/\u043f\u0440\u043e\u0438\u0437\u0432\u043e\u0434\/e-protect-home\/"},"modified":"2026-04-14T01:40:14","modified_gmt":"2026-04-14T00:40:14","slug":"e-protect-home","status":"publish","type":"product","link":"https:\/\/vitashop.info\/rs\/\u043f\u0440\u043e\u0438\u0437\u0432\u043e\u0434\/e-protect-home\/","title":{"rendered":"E-Protect Home  &#8211;"},"content":{"rendered":"\n<p>&nbsp;<\/p>\n<p>\u041e\u043f\u0438\u0441:<\/p>\n<div id=\"_mcePaste\" style=\"position: absolute;left: -10000px;top: 0px;width: 1px;height: 1px;overflow: hidden\">E-Protect<\/div>\n<p>&#013;<\/p>\n<div id=\"_mcePaste\" style=\"position: absolute;left: -10000px;top: 0px;width: 1px;height: 1px;overflow: hidden\">Porodica proizvoda za za&scaron;titu od elektrosmoga<\/div>\n<p>&#013;<\/p>\n<p>E-Protect<\/p>\n<p>&#013;<\/p>\n<p>Porodica proizvoda za za&scaron;titu od elektrosmoga<\/p>\n<p>&#013;<\/p>\n<p>E-PROTECT DISC (Disk)<\/p>\n<p>&#013;<\/p>\n<p>Za postizanje maksimalnog u\u010dinka za&scaron;tite, E-Protect Disc treba dr\u017eati u originalnoj kutiji, okrenut prema Vama u uspravnom polo\u017eaju na radnom stolu, dnevnoj ili spava\u0107oj sobi, ili bilo kojoj drugoj prostoriji gde se nalaze elektri\u010dni ure\u0111aji. Preporu\u010dujemo Vam da koristite po jedan ure\u0111aj na svakom mestu, na kojem ste okru\u017eeni EMF zra\u010denjem!<\/p>\n<p>&nbsp;<\/p>\n<p>\u041a\u043e\u043c\u0435 \u043f\u0440\u0435\u043f\u043e\u0440\u0443\u0447\u0443\u0458\u0435\u043c\u043e:<\/p>\n<p>Svi elektri\u010dni ure\u0111aji emituju elektromagnetno zra\u010denje. U poslednjih nekoliko godina do&scaron;lo je do naglog rasta i ekspanzije primene savremenih mobilnih telefona i drugih ure\u0111aja be\u017ei\u010dne tehnologije, &scaron;to je dovelo do toga, da je prose\u010dna osoba izlo\u017eena stalnom i sve ve\u0107em uticaju elektromagnetnog zra\u010denja. Elektromagnetno zra\u010denje je nevidljivo, ali potencijalno mo\u017ee biti &scaron;tetno za zdravlje. CaliVita&reg; Electronics &nbsp;je razvila E-Protect porodicu proizvoda sa ciljem da pru\u017ei za&scaron;titu od &scaron;tetnog uticaja elektromagnetnog zra\u010denja (EMF).<\/p>\n<p>&nbsp;<\/p>\n<p>&nbsp;<\/p>\n","protected":false},"excerpt":{"rendered":"<p>\u041a\u043e\u043b\u0438\u0447\u0438\u043d\u0430 \u043d\u0430 \u0437\u0430\u043b\u0438\u0445\u0430\u043c\u0430: 15 <\/p>\n","protected":false},"featured_media":12603,"comment_status":"closed","ping_status":"open","template":"","meta":[],"product_brand":[],"product_cat":[437],"product_tag":[],"class_list":{"0":"post-12435","1":"product","2":"type-product","3":"status-publish","4":"has-post-thumbnail","6":"product_cat-437","8":"first","9":"instock","10":"product-type-external"},"_links":{"self":[{"href":"https:\/\/vitashop.info\/rs\/wp-json\/wp\/v2\/product\/12435","targetHints":{"allow":["GET"]}}],"collection":[{"href":"https:\/\/vitashop.info\/rs\/wp-json\/wp\/v2\/product"}],"about":[{"href":"https:\/\/vitashop.info\/rs\/wp-json\/wp\/v2\/types\/product"}],"replies":[{"embeddable":true,"href":"https:\/\/vitashop.info\/rs\/wp-json\/wp\/v2\/comments?post=12435"}],"wp:featuredmedia":[{"embeddable":true,"href":"https:\/\/vitashop.info\/rs\/wp-json\/wp\/v2\/media\/12603"}],"wp:attachment":[{"href":"https:\/\/vitashop.info\/rs\/wp-json\/wp\/v2\/media?parent=12435"}],"wp:term":[{"taxonomy":"product_brand","embeddable":true,"href":"https:\/\/vitashop.info\/rs\/wp-json\/wp\/v2\/product_brand?post=12435"},{"taxonomy":"product_cat","embeddable":true,"href":"https:\/\/vitashop.info\/rs\/wp-json\/wp\/v2\/product_cat?post=12435"},{"taxonomy":"product_tag","embeddable":true,"href":"https:\/\/vitashop.info\/rs\/wp-json\/wp\/v2\/product_tag?post=12435"}],"curies":[{"name":"wp","href":"https:\/\/api.w.org\/{rel}","templated":true}]}}