{"id":11790,"date":"2026-04-14T01:38:16","date_gmt":"2026-04-14T00:38:16","guid":{"rendered":"https:\/\/vitashop.info\/rs\/\u043f\u0440\u043e\u0438\u0437\u0432\u043e\u0434\/silk-shine-sampon-sampon-sa-aloe-verom\/"},"modified":"2026-04-14T01:40:14","modified_gmt":"2026-04-14T00:40:14","slug":"silk-shine-sampon-sampon-sa-aloe-verom","status":"publish","type":"product","link":"https:\/\/vitashop.info\/rs\/\u043f\u0440\u043e\u0438\u0437\u0432\u043e\u0434\/silk-shine-sampon-sampon-sa-aloe-verom\/","title":{"rendered":"Silk &amp; Shine \u0160ampon \u0160ampon sa Aloe verom &#8211;"},"content":{"rendered":"<p> 250ml<\/p>\n<p>&nbsp;<\/p>\n<p>\u041e\u043f\u0438\u0441:<\/p>\n<p>Silk &amp; Shine Shampoo je blag &scaron;ampon za svakodnevnu upotrebu. \u010cisti detaljno, ja\u010da strukturu vlasi i obezbe\u0111uje za&scaron;titu od &scaron;tetnih efekata fena. Zahvaljuju\u0107i bri\u017eljivo odabranim sastojcima, ne izaziva peckanje ni iritaciju o\u010diju. &Scaron;titi zdravlje kose i ko\u017ee glave. Aloe vera obnavlja prirodnu vla\u017enost i kosu \u010dini sjajnom i gustom. Provitamin B<sub>5<\/sub> potpoma\u017ee savitljivost, daje sjaj i omogu\u0107ava dugoro\u010dnu sposobnost zadr\u017eavanja vla\u017enosti. Redukuje pojavu rascvetalih krajeva i potpoma\u017ee oporavak kose od o&scaron;te\u0107enja, istovremeno je &scaron;tite\u0107i od su&scaron;enja.<\/p>\n<p>&nbsp;<\/p>\n<p>\u041a\u043e\u043c\u0435 \u043f\u0440\u0435\u043f\u043e\u0440\u0443\u0447\u0443\u0458\u0435\u043c\u043e:<\/p>\n<ul>&#013;<\/p>\n<li>Svakome za bilo koji tip kose, \u010dak i za svakodnevnu upotrebu<\/li>\n<p>&#013;<\/p>\n<li>Deci tako\u0111e, imaju\u0107i u vidu da ne izaziva peckanje o\u010diju<\/li>\n<p>&#013;<\/p>\n<li>Zahvaljuju\u0107i antiinflamatornim aktivnim sastojcima, posebno je korisna za suvu ko\u017eu glave.<\/li>\n<p>&#013;\n<\/ul>\n<p>&#013;<\/p>\n<p style=\"text-align: justify\">&nbsp;<\/p>\n<p>&#013;<\/p>\n<p style=\"text-align: justify\"><strong><em>###youtube#4IUqvt_lNz8###<\/em><\/strong><\/p>\n<p>&#013;<\/p>\n<p style=\"text-align: justify\"><strong><em>CaliVita Cosmetics<\/em><\/strong><\/p>\n<p>&#013;<\/p>\n<p style=\"text-align: justify\"><strong><em>Snimak lekarskog predavanja sadr\u017ei informacije o slede\u0107im preparatima:<\/em><\/strong><\/p>\n<p>&#013;<\/p>\n<p style=\"text-align: justify\"><strong><em>Hand &amp; Body Lotion, Silk &amp; Shine Shampoo, IntiMoments Creme, Aquabelle Nourishing Creme, Aquabelle Regenerating creme, Aquabelle Hydrating Cleanser Lotion, C-RX Creme, Vein Care Creme, Beauty Formula;<\/em><\/strong><\/p>\n<p>&nbsp;<\/p>\n<p>\u0421\u0430\u0441\u0442\u043e\u0458\u0446\u0438:<\/p>\n<p>Aloe vera  g<\/p>\n<p>Provitamin B5  g<\/p>\n<p>&nbsp;<\/p>\n","protected":false},"excerpt":{"rendered":"<p>\u041a\u043e\u043b\u0438\u0447\u0438\u043d\u0430 \u043d\u0430 \u0437\u0430\u043b\u0438\u0445\u0430\u043c\u0430: 66 <\/p>\n","protected":false},"featured_media":13736,"comment_status":"closed","ping_status":"open","template":"","meta":[],"product_brand":[],"product_cat":[436],"product_tag":[],"class_list":{"0":"post-11790","1":"product","2":"type-product","3":"status-publish","4":"has-post-thumbnail","6":"product_cat-436","8":"first","9":"instock","10":"product-type-external"},"_links":{"self":[{"href":"https:\/\/vitashop.info\/rs\/wp-json\/wp\/v2\/product\/11790","targetHints":{"allow":["GET"]}}],"collection":[{"href":"https:\/\/vitashop.info\/rs\/wp-json\/wp\/v2\/product"}],"about":[{"href":"https:\/\/vitashop.info\/rs\/wp-json\/wp\/v2\/types\/product"}],"replies":[{"embeddable":true,"href":"https:\/\/vitashop.info\/rs\/wp-json\/wp\/v2\/comments?post=11790"}],"wp:featuredmedia":[{"embeddable":true,"href":"https:\/\/vitashop.info\/rs\/wp-json\/wp\/v2\/media\/13736"}],"wp:attachment":[{"href":"https:\/\/vitashop.info\/rs\/wp-json\/wp\/v2\/media?parent=11790"}],"wp:term":[{"taxonomy":"product_brand","embeddable":true,"href":"https:\/\/vitashop.info\/rs\/wp-json\/wp\/v2\/product_brand?post=11790"},{"taxonomy":"product_cat","embeddable":true,"href":"https:\/\/vitashop.info\/rs\/wp-json\/wp\/v2\/product_cat?post=11790"},{"taxonomy":"product_tag","embeddable":true,"href":"https:\/\/vitashop.info\/rs\/wp-json\/wp\/v2\/product_tag?post=11790"}],"curies":[{"name":"wp","href":"https:\/\/api.w.org\/{rel}","templated":true}]}}