{"id":11774,"date":"2026-04-21T01:38:09","date_gmt":"2026-04-21T00:38:09","guid":{"rendered":"https:\/\/vitashop.info\/rs\/\u043f\u0440\u043e\u0438\u0437\u0432\u043e\u0434\/paraprotex-100-tableta-antiparazitska-i-antifungalna-formula\/"},"modified":"2026-04-21T01:40:05","modified_gmt":"2026-04-21T00:40:05","slug":"paraprotex-100-tableta-antiparazitska-i-antifungalna-formula","status":"publish","type":"product","link":"https:\/\/vitashop.info\/rs\/\u043f\u0440\u043e\u0438\u0437\u0432\u043e\u0434\/paraprotex-100-tableta-antiparazitska-i-antifungalna-formula\/","title":{"rendered":"ParaProteX 100 tableta &#8211; Antiparazitska i antifungalna formula"},"content":{"rendered":"<p>\u0414\u043e\u0437\u0438\u0440\u0430\u045a\u0435: 1-2 tablete dnevno pre doru\u010dka i ve\u010dere<\/p>\n<p>&nbsp;<\/p>\n<p>\u041e\u043f\u0438\u0441:<\/p>\n<p style=\"text-align: justify\">ParaProtex je preparat &scaron;irokog spektra sa jedinstvenim sastavom koji prirodno potpoma\u017ee za&scaron;titne procese u borbi protiv bakterija, gljivica i virusa. Obezbe\u0111uje efikasnu pomo\u0107 u slu\u010daju crevnih infekcija, odr\u017eava zdravu crevnu floru i oja\u010dava imuni sistem preko intestinalne sluzoko\u017ee. Njegovi aktivni sastojci uklju\u010duju i dobro poznate supstance kao &scaron;to je ulje iz semena grejpfruta, beli luk, orah ili karanfili\u0107, kao i bilje koje se vekovima uspe&scaron;no koristi u narodnoj medicini, kao &scaron;to su biljke <em>rangunska puzavica, miri&scaron;ljava mirha, \u017eutika <\/em>i tahebo (<em>Pau d&rsquo;Arco<\/em>).<\/p>\n<p>&nbsp;<\/p>\n<p>\u041a\u043e\u043c\u0435 \u043f\u0440\u0435\u043f\u043e\u0440\u0443\u0447\u0443\u0458\u0435\u043c\u043e:<\/p>\n<ul>&#013;<\/p>\n<li>Osobama koje \u017eele da pomognu svom telu u borbi protiv bakterija, virusa, gljivica ili crevnih infekcija<\/li>\n<p>&#013;<\/p>\n<li>Osobama koje \u017eele da oja\u010daju svoj imuni sistem o\u010duvanjem zdrave crevne flore<\/li>\n<p>&#013;<\/p>\n<li>Osobama koje se bore sa digestivnim tegobama u cilju omogu\u0107avanja normalne funkcije creva<\/li>\n<p>&#013;<\/p>\n<li>Osobama koje sprovode detoksikacionu dijetu<\/li>\n<p>&#013;<\/p>\n<li>Osobama koje su na anti-kandida dijeti, u cilju suplementacije<\/li>\n<p>&#013;\n<\/ul>\n<p>&#013;<\/p>\n<p style=\"text-align: justify\">###youtube#tZn22Yw_oZQ###<\/p>\n<p>&#013;<\/p>\n<p style=\"text-align: justify\">&nbsp;<\/p>\n<p>&#013;<\/p>\n<p style=\"text-align: justify\"><strong><em>Snimak lekarskog predavanja sadr\u017ei informacije o slede\u0107im preparatima:<\/em><\/strong><\/p>\n<p>&#013;<\/p>\n<p style=\"text-align: justify\"><strong><em>ParaProtex, Liquid Chlorophyll, Ocean 21, Nopalin, Spirulina Chlorella Plus, Pure Yucca, Green Care, Detox Patch, Arginine Plus, Power Mins;<\/em><\/strong><\/p>\n<p>&nbsp;<\/p>\n<p>\u0421\u0430\u0441\u0442\u043e\u0458\u0446\u0438:<\/p>\n<p>Rangunska puzavica 150 mg<\/p>\n<p>Miri\u0161ljava pepeljuga 100 mg<\/p>\n<p>Ekstrakt \u017eutike (\u0161im\u0161irike) 50 mg<\/p>\n<p>Izmirna smola (mirha) 50 mg<\/p>\n<p>Ulje karanfili&#263;a 50 mg<\/p>\n<p>Pau d`Arco prah 50 mg<\/p>\n<p>Prah crnog oraha 37.5 mg<\/p>\n<p>Ulje kraljevskog oraha 37.5 mg<\/p>\n<p>Ekstrakt semenki grejpfruta 25 mg<\/p>\n<p>Beli luk u prahu 12.5 mg<\/p>\n<p>&nbsp;<\/p>\n<p>\u0417\u0430\u0448\u0442\u043e \u043e\u0434\u0430\u0431\u0440\u0430\u0442\u0438 \u0426\u0430\u043b\u0438\u0432\u0438\u0442\u0430 \u043f\u0440\u043e\u0438\u0437\u0432\u043e\u0434\u0435:<\/p>\n<ul>\n<li>\u0421\u0430 \u0438\u0437\u0432\u0430\u043d\u0440\u0435\u0434\u043d\u0438\u043c \u043f\u0440\u043e\u0444\u0435\u0441\u0438\u043e\u043d\u0430\u043b\u043d\u0438\u043c \u0438\u0441\u043a\u0443\u0441\u0442\u0432\u043e\u043c, \u0426\u0430\u043b\u0438\u0412\u0438\u0442\u0430 \u043d\u0443\u0434\u0438 \u0441\u0432\u043e\u0458\u0435 \u043f\u0440\u043e\u0438\u0437\u0432\u043e\u0434\u0435 \u043a\u043e\u0458\u0438 \u0437\u0430\u0434\u043e\u0432\u043e\u0459\u0430\u0432\u0430\u0458\u0443 \u043d\u0430\u0458\u0432\u0438\u0448\u0435 \u043f\u0440\u043e\u043f\u0438\u0441\u0435 \u043e \u043a\u0432\u0430\u043b\u0438\u0442\u0435\u0442\u0443 \u0432\u0438\u0448\u0435 \u043e\u0434 30 \u0433\u043e\u0434\u0438\u043d\u0430.<\/li>\n<li>\u0423\u0432\u0435\u043a \u0442\u0435\u0436\u0438\u043c\u043e \u0434\u0430 \u043a\u043e\u0440\u0438\u0441\u0442\u0438\u043c\u043e \u043f\u0440\u0438\u0440\u043e\u0434\u043d\u0435 \u043e\u0441\u043d\u043e\u0432\u043d\u0435 \u043c\u0430\u0442\u0435\u0440\u0438\u0458\u0430\u043b\u0435 \u043a\u043e\u0458\u0438 \u043f\u043e\u0442\u0438\u0447\u0443 \u0438\u0437 \u043d\u0430\u0458\u0431\u043e\u0459\u0438\u0445 \u0438\u0437\u0432\u043e\u0440\u0430.<\/li>\n<li>\u0422\u043e\u043a\u043e\u043c \u043d\u0430\u0448\u0435\u0433 \u0440\u0430\u0437\u0432\u043e\u0458\u0430, \u043c\u0438 \u0440\u0430\u0434\u0438\u043c\u043e \u043a\u043e\u0440\u0438\u0441\u0442\u0435\u045b\u0438 \u0431\u043e\u0459\u0435 \u0443\u043f\u0438\u0458\u0430\u0458\u0443\u045b\u0435, \u043d\u0430 \u043f\u0440\u0438\u043c\u0435\u0440 \u043e\u0440\u0433\u0430\u043d\u0441\u043a\u0435, \u0444\u043e\u0440\u043c\u0435.<\/li>\n<li>\u041d\u0443\u0434\u0438\u043c\u043e 100% \u0433\u0430\u0440\u0430\u043d\u0446\u0438\u0458\u0443 \u043a\u0432\u0430\u043b\u0438\u0442\u0435\u0442\u0430 \u0437\u0430 \u043d\u0430\u0448\u0435 \u043f\u0440\u043e\u0438\u0437\u0432\u043e\u0434\u0435.<\/li>\n<li>\u041d\u0430\u0448\u0438 \u043f\u0440\u043e\u0438\u0437\u0432\u043e\u0434\u0438 \u043f\u043e\u0434\u043b\u0435\u0436\u0443 \u0441\u0442\u0440\u043e\u0433\u043e\u0458 \u0438 \u0432\u0438\u0448\u0435\u0441\u0442\u0440\u0443\u043a\u043e\u0458 \u043f\u0440\u043e\u0446\u0435\u0434\u0443\u0440\u0438 \u0438\u0441\u043f\u0438\u0442\u0438\u0432\u0430\u045a\u0430 \u043a\u0430\u043a\u043e \u0431\u0438 \u0441\u0435 \u043a\u043e\u043d\u0442\u0438\u043d\u0443\u0438\u0440\u0430\u043d\u043e \u043e\u0431\u0435\u0437\u0431\u0435\u0434\u0438\u043e \u043e\u0434\u043b\u0438\u0447\u0430\u043d \u043a\u0432\u0430\u043b\u0438\u0442\u0435\u0442.<\/li>\n<li>\u041e\u0433\u0440\u043e\u043c\u043d\u0430 \u0432\u0435\u045b\u0438\u043d\u0430 \u043d\u0430\u0448\u0438\u0445 \u0434\u0438\u0458\u0435\u0442\u0435\u0442\u0441\u043a\u0438\u0445 \u0441\u0443\u043f\u043b\u0435\u043c\u0435\u043d\u0430\u0442\u0430 \u043f\u0440\u043e\u0438\u0437\u0432\u043e\u0434\u0438 \u0441\u0435 \u0443 \u0444\u0430\u0440\u043c\u0430\u0446\u0435\u0443\u0442\u0441\u043a\u0438\u043c \u0443\u0441\u043b\u043e\u0432\u0438\u043c\u0430 \u0443 \u0421\u0410\u0414.<\/li>\n<li>\u041f\u0440\u043e\u0438\u0437\u0432\u043e\u0434\u0438 \u0441\u0435 \u043f\u0440\u043e\u0438\u0437\u0432\u043e\u0434\u0435 \u043f\u043e \u043f\u0440\u0438\u043d\u0446\u0438\u043f\u0438\u043c\u0430 \u0446\u0413\u041c\u041f (\u0442\u0440\u0435\u043d\u0443\u0442\u043d\u0435 \u0434\u043e\u0431\u0440\u0435 \u043f\u0440\u043e\u0438\u0437\u0432\u043e\u0452\u0430\u0447\u043a\u0435 \u043f\u0440\u0430\u043a\u0441\u0435), \u0430 \u0432\u0440\u0448\u0438 \u0441\u0435 \u0438 \u0441\u0442\u0430\u043b\u043d\u0430 \u043a\u043e\u043d\u0442\u0440\u043e\u043b\u0430 \u0438 \u0440\u0435\u0434\u043e\u0432\u043d\u043e \u0437\u0430\u043a\u0430\u0437\u0430\u043d\u0435 \u0440\u0435\u0432\u0438\u0437\u0438\u0458\u0435 \u043e\u0434 \u0441\u0442\u0440\u0430\u043d\u0435 \u0424\u0414\u0410 (\u0424\u043e\u043e\u0434 \u0430\u043d\u0434 \u0414\u0440\u0443\u0433 \u0410\u0434\u043c\u0438\u043d\u0438\u0441\u0442\u0440\u0430\u0442\u0438\u043e\u043d). \u0420\u0430\u0434\u0438\u043c\u043e \u0443 \u0431\u043b\u0438\u0441\u043a\u043e\u0458 \u0441\u0430\u0440\u0430\u0434\u045a\u0438 \u0441\u0430 \u043b\u043e\u043a\u0430\u043b\u043d\u0438\u043c \u0432\u043b\u0430\u0441\u0442\u0438\u043c\u0430 \u0437\u0430 \u0438\u0437\u0434\u0430\u0432\u0430\u045a\u0435 \u0434\u043e\u0437\u0432\u043e\u043b\u0430 \u043a\u0430\u043a\u043e \u0431\u0438\u0441\u043c\u043e \u043e\u0441\u0438\u0433\u0443\u0440\u0430\u043b\u0438 \u0434\u0430 \u043d\u0430\u0448\u0438\u043c \u043f\u043e\u0442\u0440\u043e\u0448\u0430\u0447\u0438\u043c\u0430 \u0443\u0432\u0435\u043a \u0431\u0443\u0434\u0443 \u043e\u0431\u0435\u0437\u0431\u0435\u0452\u0435\u043d\u0438 \u043f\u0440\u043e\u0438\u0437\u0432\u043e\u0434\u0438 \u043d\u0430\u0458\u0432\u0438\u0448\u0435\u0433 \u043a\u0432\u0430\u043b\u0438\u0442\u0435\u0442\u0430.<\/li>\n<\/ul>\n<p>\u0423\u041f\u041e\u0417\u041e\u0420\u0415\u040a\u0415!<br \/>\n\u0427\u0443\u0432\u0430\u0442\u0438 \u0432\u0430\u043d \u0434\u043e\u043c\u0430\u0448\u0430\u0458\u0430 \u043c\u0430\u043b\u0435 \u0434\u0435\u0446\u0435. \u041f\u0440\u0435\u043f\u043e\u0440\u0443\u0447\u0435\u043d\u0430 \u0434\u043d\u0435\u0432\u043d\u0430 \u0434\u043e\u0437\u0430 \u0441\u0435 \u043d\u0435 \u0441\u043c\u0435 \u043f\u0440\u0435\u043a\u043e\u0440\u0430\u0447\u0438\u0442\u0438. \u0414\u043e\u0434\u0430\u0446\u0438 \u0438\u0441\u0445\u0440\u0430\u043d\u0438 \u043d\u0435 \u0431\u0438 \u0442\u0440\u0435\u0431\u0430\u043b\u043e \u0434\u0430 \u0441\u0435 \u043a\u043e\u0440\u0438\u0441\u0442\u0435 \u043a\u0430\u043e \u0437\u0430\u043c\u0435\u043d\u0430 \u0437\u0430 \u0440\u0430\u0437\u043d\u043e\u0432\u0440\u0441\u043d\u0443 \u0438\u0441\u0445\u0440\u0430\u043d\u0443.<\/p>\n","protected":false},"excerpt":{"rendered":"<p>\u041a\u043e\u043b\u0438\u0447\u0438\u043d\u0430 \u043d\u0430 \u0437\u0430\u043b\u0438\u0445\u0430\u043c\u0430: 1780 <\/p>\n","protected":false},"featured_media":13486,"comment_status":"closed","ping_status":"open","template":"","meta":[],"product_brand":[],"product_cat":[435],"product_tag":[],"class_list":{"0":"post-11774","1":"product","2":"type-product","3":"status-publish","4":"has-post-thumbnail","6":"product_cat-435","8":"first","9":"instock","10":"product-type-external"},"_links":{"self":[{"href":"https:\/\/vitashop.info\/rs\/wp-json\/wp\/v2\/product\/11774","targetHints":{"allow":["GET"]}}],"collection":[{"href":"https:\/\/vitashop.info\/rs\/wp-json\/wp\/v2\/product"}],"about":[{"href":"https:\/\/vitashop.info\/rs\/wp-json\/wp\/v2\/types\/product"}],"replies":[{"embeddable":true,"href":"https:\/\/vitashop.info\/rs\/wp-json\/wp\/v2\/comments?post=11774"}],"wp:featuredmedia":[{"embeddable":true,"href":"https:\/\/vitashop.info\/rs\/wp-json\/wp\/v2\/media\/13486"}],"wp:attachment":[{"href":"https:\/\/vitashop.info\/rs\/wp-json\/wp\/v2\/media?parent=11774"}],"wp:term":[{"taxonomy":"product_brand","embeddable":true,"href":"https:\/\/vitashop.info\/rs\/wp-json\/wp\/v2\/product_brand?post=11774"},{"taxonomy":"product_cat","embeddable":true,"href":"https:\/\/vitashop.info\/rs\/wp-json\/wp\/v2\/product_cat?post=11774"},{"taxonomy":"product_tag","embeddable":true,"href":"https:\/\/vitashop.info\/rs\/wp-json\/wp\/v2\/product_tag?post=11774"}],"curies":[{"name":"wp","href":"https:\/\/api.w.org\/{rel}","templated":true}]}}