{"id":11767,"date":"2026-04-14T01:38:13","date_gmt":"2026-04-14T00:38:13","guid":{"rendered":"https:\/\/vitashop.info\/rs\/\u043f\u0440\u043e\u0438\u0437\u0432\u043e\u0434\/organicare-shampoo-200-ml-organski-sampon-za-kosu\/"},"modified":"2026-04-14T01:40:13","modified_gmt":"2026-04-14T00:40:13","slug":"organicare-shampoo-200-ml-organski-sampon-za-kosu","status":"publish","type":"product","link":"https:\/\/vitashop.info\/rs\/\u043f\u0440\u043e\u0438\u0437\u0432\u043e\u0434\/organicare-shampoo-200-ml-organski-sampon-za-kosu\/","title":{"rendered":"OrganiCare Shampoo 200 ml &#8211; Organski \u0161ampon za kosu."},"content":{"rendered":"<p> Po potrebi<\/p>\n<p>&nbsp;<\/p>\n<p>\u041e\u043f\u0438\u0441:<\/p>\n<p>&nbsp;<\/p>\n<p>&#013;<\/p>\n<div id=\"_mcePaste\" style=\"position: absolute;left: -10000px;top: 0px;width: 1px;height: 1px;overflow: hidden\">Dizajnirano da ne\u017eno \u010disti i &scaron;titi ko\u017eu glave i kosu od svih negativnih spolja&scaron;njih uticaja i stresa.<\/div>\n<p>&#013;<\/p>\n<div id=\"_mcePaste\" style=\"position: absolute;left: -10000px;top: 0px;width: 1px;height: 1px;overflow: hidden\">Idealno za sve tipove kose i svakodnevnu upotrebu. Namenjeno za sve \u010dlanove porodice, kao i za decu.<\/div>\n<p>&#013;<\/p>\n<p>Dizajnirano da ne\u017eno \u010disti i &scaron;titi ko\u017eu glave i kosu od svih negativnih spolja&scaron;njih uticaja i stresa.<\/p>\n<p>&#013;<\/p>\n<p>Idealno za sve tipove kose i svakodnevnu upotrebu.<\/p>\n<p>&#013;<\/p>\n<p>Namenjeno za sve \u010dlanove porodice, kao i za decu.<\/p>\n<p>&nbsp;<\/p>\n<p>\u041a\u043e\u043c\u0435 \u043f\u0440\u0435\u043f\u043e\u0440\u0443\u0447\u0443\u0458\u0435\u043c\u043e:<\/p>\n<ul>&#013;<\/p>\n<li>Mo\u017ee&nbsp;da&nbsp;se&nbsp;koristi&nbsp;za&nbsp;sve&nbsp;tipove&nbsp;kose,&nbsp;\u010dak&nbsp;i&nbsp;za&nbsp;svakodnevnu&nbsp;upotrebu.<\/li>\n<p>&#013;<\/p>\n<li>Za&nbsp;sve&nbsp;\u010dlanove&nbsp;porodice,&nbsp;od&nbsp;najmla\u0111ih&nbsp;do&nbsp;najstarijih,&nbsp;kao&nbsp;i&nbsp;za&nbsp;osobe&nbsp;sa&nbsp;osetljivom&nbsp;ko\u017eom&nbsp;glave.<\/li>\n<p>&#013;<\/p>\n<li>Za&nbsp;svakoga,&nbsp;ko&nbsp;\u017eeli&nbsp;da&nbsp;neguje&nbsp;kosu&nbsp;uz&nbsp;primenu&nbsp;organskih&nbsp;sastojaka&nbsp;prirodnog&nbsp;porekla,&nbsp;bez&nbsp;prisustva&nbsp;alergena.<\/li>\n<p>&#013;\n<\/ul>\n<p>&nbsp;<\/p>\n<p>&nbsp;<\/p>\n","protected":false},"excerpt":{"rendered":"<p>\u041a\u043e\u043b\u0438\u0447\u0438\u043d\u0430 \u043d\u0430 \u0437\u0430\u043b\u0438\u0445\u0430\u043c\u0430: 17 <\/p>\n","protected":false},"featured_media":12207,"comment_status":"closed","ping_status":"open","template":"","meta":[],"product_brand":[],"product_cat":[436],"product_tag":[],"class_list":{"0":"post-11767","1":"product","2":"type-product","3":"status-publish","4":"has-post-thumbnail","6":"product_cat-436","8":"first","9":"instock","10":"product-type-external"},"_links":{"self":[{"href":"https:\/\/vitashop.info\/rs\/wp-json\/wp\/v2\/product\/11767","targetHints":{"allow":["GET"]}}],"collection":[{"href":"https:\/\/vitashop.info\/rs\/wp-json\/wp\/v2\/product"}],"about":[{"href":"https:\/\/vitashop.info\/rs\/wp-json\/wp\/v2\/types\/product"}],"replies":[{"embeddable":true,"href":"https:\/\/vitashop.info\/rs\/wp-json\/wp\/v2\/comments?post=11767"}],"wp:featuredmedia":[{"embeddable":true,"href":"https:\/\/vitashop.info\/rs\/wp-json\/wp\/v2\/media\/12207"}],"wp:attachment":[{"href":"https:\/\/vitashop.info\/rs\/wp-json\/wp\/v2\/media?parent=11767"}],"wp:term":[{"taxonomy":"product_brand","embeddable":true,"href":"https:\/\/vitashop.info\/rs\/wp-json\/wp\/v2\/product_brand?post=11767"},{"taxonomy":"product_cat","embeddable":true,"href":"https:\/\/vitashop.info\/rs\/wp-json\/wp\/v2\/product_cat?post=11767"},{"taxonomy":"product_tag","embeddable":true,"href":"https:\/\/vitashop.info\/rs\/wp-json\/wp\/v2\/product_tag?post=11767"}],"curies":[{"name":"wp","href":"https:\/\/api.w.org\/{rel}","templated":true}]}}