{"id":11766,"date":"2026-04-14T01:38:13","date_gmt":"2026-04-14T00:38:13","guid":{"rendered":"https:\/\/vitashop.info\/rs\/\u043f\u0440\u043e\u0438\u0437\u0432\u043e\u0434\/organicare-rescue-gel-balzam-za-prvu-pomoc-iz-apoteke-prirode\/"},"modified":"2026-04-14T01:40:13","modified_gmt":"2026-04-14T00:40:13","slug":"organicare-rescue-gel-balzam-za-prvu-pomoc-iz-apoteke-prirode","status":"publish","type":"product","link":"https:\/\/vitashop.info\/rs\/\u043f\u0440\u043e\u0438\u0437\u0432\u043e\u0434\/organicare-rescue-gel-balzam-za-prvu-pomoc-iz-apoteke-prirode\/","title":{"rendered":"OrganiCare Rescue Gel Balzam za prvu pomo\u0107 iz apoteke prirode. &#8211;"},"content":{"rendered":"<p> 60 ml<\/p>\n<p>&nbsp;<\/p>\n<p>\u041e\u043f\u0438\u0441:<\/p>\n<p>&nbsp;<\/p>\n<p>&#013;<\/p>\n<div id=\"_mcePaste\" style=\"position: absolute;left: -10000px;top: 0px;width: 1px;height: 1px;overflow: hidden\">Mo\u017ee da se koristi protiv reumatskih bolova, gr\u010deva u mi&scaron;i\u0107ima i uganu\u0107a, kao i za ko\u017ene iritacije, izgorelu ko\u017eu i ujede insekata na prirodan na\u010din, sa trenutnim delovanjem.<\/div>\n<p>&#013;<\/p>\n<div id=\"_mcePaste\" style=\"position: absolute;left: -10000px;top: 0px;width: 1px;height: 1px;overflow: hidden\">Primena: direktno naneti roll-on na mesto na telu koje je potrebno tretirati, i kru\u017enim pokretima ne\u017eno masirati u trajanju od oko 1 minuta.<\/div>\n<p>&#013;<\/p>\n<p>Mo\u017ee da se koristi protiv reumatskih bolova, gr\u010deva u mi&scaron;i\u0107ima i uganu\u0107a, kao i za ko\u017ene iritacije, izgorelu ko\u017eu i ujede insekata na prirodan na\u010din, sa trenutnim delovanjem.<\/p>\n<p>&#013;<\/p>\n<p>Primena: direktno naneti roll-on na mesto na telu koje je potrebno tretirati, i kru\u017enim pokretima ne\u017eno masirati u trajanju od oko 1 minuta.<\/p>\n<p>&#013;<\/p>\n<p>&nbsp;<\/p>\n<p>&nbsp;<\/p>\n<p>\u041a\u043e\u043c\u0435 \u043f\u0440\u0435\u043f\u043e\u0440\u0443\u0447\u0443\u0458\u0435\u043c\u043e:<\/p>\n<ul>&#013;<\/p>\n<li>Za&nbsp;sve&nbsp;\u010dlanove&nbsp;porodice,&nbsp;od&nbsp;najmla\u0111ih&nbsp;do&nbsp;najstarijih.<\/li>\n<p>&#013;<\/p>\n<li>Za&nbsp;trenutno&nbsp;ubla\u017eavanje&nbsp;bolova,&nbsp;a&nbsp;ima&nbsp;i&nbsp;efekat&nbsp;hla\u0111enja.<\/li>\n<p>&#013;<\/p>\n<li>Za&nbsp;sportiste&nbsp;i&nbsp;za&nbsp;izletnike,&nbsp;koji&nbsp;pate&nbsp;od&nbsp;reumatskih&nbsp;bolova,&nbsp;gr\u010deva&nbsp;u&nbsp;mi&scaron;i\u0107ima&nbsp;i&nbsp;uganu\u0107a.<\/li>\n<p>&#013;<\/p>\n<li>Za&nbsp;ubla\u017eavanje&nbsp;opekotina&nbsp;od&nbsp;sunca&nbsp;i&nbsp;ujeda&nbsp;od&nbsp;insekata.<\/li>\n<p>&#013;\n<\/ul>\n<p>&nbsp;<\/p>\n<p>&nbsp;<\/p>\n","protected":false},"excerpt":{"rendered":"<p>\u041a\u043e\u043b\u0438\u0447\u0438\u043d\u0430 \u043d\u0430 \u0437\u0430\u043b\u0438\u0445\u0430\u043c\u0430: 57 <\/p>\n","protected":false},"featured_media":13691,"comment_status":"closed","ping_status":"open","template":"","meta":[],"product_brand":[],"product_cat":[436],"product_tag":[],"class_list":{"0":"post-11766","1":"product","2":"type-product","3":"status-publish","4":"has-post-thumbnail","6":"product_cat-436","8":"first","9":"instock","10":"product-type-external"},"_links":{"self":[{"href":"https:\/\/vitashop.info\/rs\/wp-json\/wp\/v2\/product\/11766","targetHints":{"allow":["GET"]}}],"collection":[{"href":"https:\/\/vitashop.info\/rs\/wp-json\/wp\/v2\/product"}],"about":[{"href":"https:\/\/vitashop.info\/rs\/wp-json\/wp\/v2\/types\/product"}],"replies":[{"embeddable":true,"href":"https:\/\/vitashop.info\/rs\/wp-json\/wp\/v2\/comments?post=11766"}],"wp:featuredmedia":[{"embeddable":true,"href":"https:\/\/vitashop.info\/rs\/wp-json\/wp\/v2\/media\/13691"}],"wp:attachment":[{"href":"https:\/\/vitashop.info\/rs\/wp-json\/wp\/v2\/media?parent=11766"}],"wp:term":[{"taxonomy":"product_brand","embeddable":true,"href":"https:\/\/vitashop.info\/rs\/wp-json\/wp\/v2\/product_brand?post=11766"},{"taxonomy":"product_cat","embeddable":true,"href":"https:\/\/vitashop.info\/rs\/wp-json\/wp\/v2\/product_cat?post=11766"},{"taxonomy":"product_tag","embeddable":true,"href":"https:\/\/vitashop.info\/rs\/wp-json\/wp\/v2\/product_tag?post=11766"}],"curies":[{"name":"wp","href":"https:\/\/api.w.org\/{rel}","templated":true}]}}