{"id":11755,"date":"2024-03-05T18:27:12","date_gmt":"2024-03-05T17:27:12","guid":{"rendered":"https:\/\/vitashop.info\/rs\/\u043f\u0440\u043e\u0438\u0437\u0432\u043e\u0434\/organic-lemon-oil-10ml-organsko-etericno-ulje-limuna\/"},"modified":"2026-04-14T01:40:16","modified_gmt":"2026-04-14T00:40:16","slug":"organic-lemon-oil-10ml-organsko-etericno-ulje-limuna","status":"publish","type":"product","link":"https:\/\/vitashop.info\/rs\/\u043f\u0440\u043e\u0438\u0437\u0432\u043e\u0434\/organic-lemon-oil-10ml-organsko-etericno-ulje-limuna\/","title":{"rendered":"Organic Lemon Oil 10ml &#8211; Organsko eteri\u010dno ulje limuna"},"content":{"rendered":"\n<p>&nbsp;<\/p>\n<p>\u041e\u043f\u0438\u0441:<\/p>\n<p>Eteri\u010dna ulja blagotvorno uti\u010du ne samo na na&scaron;e raspolo\u017eenje, ve\u0107 imaju potencijal i da pozitivno uti\u010du na op&scaron;te zdravlje. Na&scaron;e sertifikovano organsko, 100% \u010disto eteri\u010dno ulje limuna, mo\u017ee biti od pomo\u0107i za brojne poreme\u0107aje. Okrepljuju\u0107a aroma pored toga &scaron;to doprinosi boljem raspolo\u017eenju i pobolj&scaron;anju mentalnih sposobnosti, mo\u017ee pomo\u0107i i da se efikasno ubla\u017ee simptomi oboljenja gornjih disajnih puteva.<\/p>\n<p>&nbsp;<\/p>\n<p>\u041a\u043e\u043c\u0435 \u043f\u0440\u0435\u043f\u043e\u0440\u0443\u0447\u0443\u0458\u0435\u043c\u043e:<\/p>\n<ul>&#013;<\/p>\n<li>Zahvaljuju\u0107i osve\u017eavajuc\u0301em dejstvu, svima, koji osec\u0301aju potrebu za dodatnom energijom i zamahom u svakodnevnom \u017eivotu.<\/li>\n<p>&#013;<\/p>\n<li>Svima, koji su izlo\u017eeni mentalnom naporu, jer mo\u017ee da podstakne kreativno razmi&scaron;ljanje, mentalne sposobnosti, koncentraciju i moc\u0301 pamc\u0301enja.<\/li>\n<p>&#013;<\/p>\n<li>Osobama koje se osec\u0301aju slabo ili depresivno, jer efikasno deluje za pobolj&scaron;anje raspolo\u017eenja i kao antidepresiv.<\/li>\n<p>&#013;<\/p>\n<li>Zahvaljujuc\u0301i antivirusnim i antibakterijskim svojstvima, mo\u017ee se koristiti kao dodatno sredstvo za spre\u010davanje infekcija ili kao podr&scaron;ka za tretiranje istih.<\/li>\n<p>&#013;\n<\/ul>\n<p>&nbsp;<\/p>\n<p>&nbsp;<\/p>\n","protected":false},"excerpt":{"rendered":"<p>\u041a\u043e\u043b\u0438\u0447\u0438\u043d\u0430 \u043d\u0430 \u0437\u0430\u043b\u0438\u0445\u0430\u043c\u0430: 24 <\/p>\n","protected":false},"featured_media":13761,"comment_status":"closed","ping_status":"open","template":"","meta":[],"product_brand":[],"product_cat":[436],"product_tag":[],"class_list":{"0":"post-11755","1":"product","2":"type-product","3":"status-publish","4":"has-post-thumbnail","6":"product_cat-436","8":"first","9":"instock","10":"product-type-external"},"_links":{"self":[{"href":"https:\/\/vitashop.info\/rs\/wp-json\/wp\/v2\/product\/11755","targetHints":{"allow":["GET"]}}],"collection":[{"href":"https:\/\/vitashop.info\/rs\/wp-json\/wp\/v2\/product"}],"about":[{"href":"https:\/\/vitashop.info\/rs\/wp-json\/wp\/v2\/types\/product"}],"replies":[{"embeddable":true,"href":"https:\/\/vitashop.info\/rs\/wp-json\/wp\/v2\/comments?post=11755"}],"wp:featuredmedia":[{"embeddable":true,"href":"https:\/\/vitashop.info\/rs\/wp-json\/wp\/v2\/media\/13761"}],"wp:attachment":[{"href":"https:\/\/vitashop.info\/rs\/wp-json\/wp\/v2\/media?parent=11755"}],"wp:term":[{"taxonomy":"product_brand","embeddable":true,"href":"https:\/\/vitashop.info\/rs\/wp-json\/wp\/v2\/product_brand?post=11755"},{"taxonomy":"product_cat","embeddable":true,"href":"https:\/\/vitashop.info\/rs\/wp-json\/wp\/v2\/product_cat?post=11755"},{"taxonomy":"product_tag","embeddable":true,"href":"https:\/\/vitashop.info\/rs\/wp-json\/wp\/v2\/product_tag?post=11755"}],"curies":[{"name":"wp","href":"https:\/\/api.w.org\/{rel}","templated":true}]}}