{"id":11730,"date":"2026-04-14T01:38:08","date_gmt":"2026-04-14T00:38:08","guid":{"rendered":"https:\/\/vitashop.info\/rs\/\u043f\u0440\u043e\u0438\u0437\u0432\u043e\u0434\/hand-and-body-lotion-new-1000-ml-losion-za-ruke-i-telo\/"},"modified":"2026-04-14T01:40:12","modified_gmt":"2026-04-14T00:40:12","slug":"hand-and-body-lotion-new-1000-ml-losion-za-ruke-i-telo","status":"publish","type":"product","link":"https:\/\/vitashop.info\/rs\/\u043f\u0440\u043e\u0438\u0437\u0432\u043e\u0434\/hand-and-body-lotion-new-1000-ml-losion-za-ruke-i-telo\/","title":{"rendered":"Hand and Body Lotion NEW 1000 ml &#8211; Losion za ruke i telo"},"content":{"rendered":"<p> Svakodnevno umasirajte losion obra\u0107aju\u0107i naro\u010ditu pa\u017enju na suve, dehidrirane i o\u0161te\u0107ene delove ko\u017ee.<\/p>\n<p>&nbsp;<\/p>\n<p>\u041e\u043f\u0438\u0441:<\/p>\n<p>\u00a0 \u00a0 \u00a0Nova, obnovljena formula losiona za ruke i telo predstavlja rezultat najnovijih istra\u017eivnja kozmeti\u010dke industrije i ispitivanja mi\u0161ljenja vas kao korisnika. Ulje avokada, super-vo\u0107a bogatog vitaminima B, C, D, E, K, beta karotenom, kalijumom, kalcijumom, gvo\u017e\u0111em, manganom, magnezijumom i fosforom, je prva promena u sastavu proizvoda. Ima izuzetno blagotvorno dejstvo na ko\u017eu, brzo se apsorbuje i zatvara pore. Poma\u017ee u uklanjanju odumrlih epitelnih \u0107elija i smiruje ko\u017eu. Ulje jojobe tako\u0111e \u010dini novinu u sastavu Hand &amp; Body losiona. Hidrira ko\u017eu i poma\u017ee regeneraciju lipidnih slojeva ko\u017ee. Ima protivupalno dejstvo i \u010dini ko\u017eu sjajnijom.<\/p>\n<p>&#013;<\/p>\n<p>\u00a0 \u00a0 Jojoba, kao i ulje avokada, deluje protiv bora kao i \u0161tetnog uticaja Sunca. Hand &amp; Body se ne menja u svemu, ostaje nepromenjen vrhunski kvalitet. Pored toga, i dalje sadr\u017ei bisabolol za smirenje ko\u017ee i provitamin B5, poznat i kao pantenol. Pantenol vezuje vodu u ko\u017ei te smanjuje suvo\u0107u ko\u017ee i pobolj\u0161ava hidrataciju. Zahvaljuju\u0107i antiinflamatornom dejstvu mo\u017ee da umiri ve\u0107 iritiranu crvenu ko\u017eu.<\/p>\n<p>&#013;<\/p>\n<p><strong>Sastav:\u00a0<\/strong>voda, parafin te\u010dni, glicerin, izopropil miristat, glicerol monostearat, propilen glikol, stearinska kiselina, Ceteareth-20, ulje avokada, ulje jojobe, Dimethicone, PEG-100 stearat, bisabolol, Carbomer, parfem, trietanolamin, pantenol, kalijum, Cetil posfat, Hidroksiacetofenon, 1,2-Oktandiol, Pheylpropanol, tokoferol, heksil cinamaldehid, alfa isomethyl jonon, benzil benzoat, Benzyl cinnamate, butylphenyl methylpropional, Citronelol, Eugenol, Geraniol, hydroxycitronellal, Limonen, Linalool.<\/p>\n<p>&nbsp;<\/p>\n<p>\u041a\u043e\u043c\u0435 \u043f\u0440\u0435\u043f\u043e\u0440\u0443\u0447\u0443\u0458\u0435\u043c\u043e:<\/p>\n<ul>&#013;<\/p>\n<li>Svima i za sve tipove ko\u017ee, \u010dak i za svakodnevnu upotrebu<\/li>\n<p>&#013;<\/p>\n<li>Zahvaljuju\u0107i tome \u0161to se brzo i lako apsorbuje, savr\u0161eno je pogodna za upotrebu i tokom dana<\/li>\n<p>&#013;<\/p>\n<li>Zbog toga \u0161to ima blag i prijatan miris, slobodno mogu da ga koriste i mu\u0161karci.<\/li>\n<p>&#013;\n<\/ul>\n<p>&#013;<\/p>\n<p>\u00a0<\/p>\n<p>&#013;<\/p>\n<p>\u00a0<\/p>\n<p>&#013;<\/p>\n<p><strong><em>###youtube#4IUqvt_lNz8###<\/em><\/strong><\/p>\n<p>&#013;<\/p>\n<p><strong><em>CaliVita Cosmetics<\/em><\/strong><\/p>\n<p>&#013;<\/p>\n<p><strong><em>Snimak lekarskog predavanja sadr\u017ei informacije o slede\u0107im preparatima:<\/em><\/strong><\/p>\n<p>&#013;<\/p>\n<p><strong><em>Hand &amp; Body Lotion, Silk &amp; Shine Shampoo, IntiMoments Creme, Aquabelle Nourishing Creme, Aquabelle Regenerating creme, Aquabelle Hydrating Cleanser Lotion, C-RX Creme, Vein Care Creme, Beauty Formula;<\/em><\/strong><\/p>\n<p>&nbsp;<\/p>\n<p>&nbsp;<\/p>\n","protected":false},"excerpt":{"rendered":"<p>\u041a\u043e\u043b\u0438\u0447\u0438\u043d\u0430 \u043d\u0430 \u0437\u0430\u043b\u0438\u0445\u0430\u043c\u0430: 35 <\/p>\n","protected":false},"featured_media":13664,"comment_status":"closed","ping_status":"open","template":"","meta":[],"product_brand":[],"product_cat":[436],"product_tag":[],"class_list":{"0":"post-11730","1":"product","2":"type-product","3":"status-publish","4":"has-post-thumbnail","6":"product_cat-436","8":"first","9":"instock","10":"product-type-external"},"_links":{"self":[{"href":"https:\/\/vitashop.info\/rs\/wp-json\/wp\/v2\/product\/11730","targetHints":{"allow":["GET"]}}],"collection":[{"href":"https:\/\/vitashop.info\/rs\/wp-json\/wp\/v2\/product"}],"about":[{"href":"https:\/\/vitashop.info\/rs\/wp-json\/wp\/v2\/types\/product"}],"replies":[{"embeddable":true,"href":"https:\/\/vitashop.info\/rs\/wp-json\/wp\/v2\/comments?post=11730"}],"wp:featuredmedia":[{"embeddable":true,"href":"https:\/\/vitashop.info\/rs\/wp-json\/wp\/v2\/media\/13664"}],"wp:attachment":[{"href":"https:\/\/vitashop.info\/rs\/wp-json\/wp\/v2\/media?parent=11730"}],"wp:term":[{"taxonomy":"product_brand","embeddable":true,"href":"https:\/\/vitashop.info\/rs\/wp-json\/wp\/v2\/product_brand?post=11730"},{"taxonomy":"product_cat","embeddable":true,"href":"https:\/\/vitashop.info\/rs\/wp-json\/wp\/v2\/product_cat?post=11730"},{"taxonomy":"product_tag","embeddable":true,"href":"https:\/\/vitashop.info\/rs\/wp-json\/wp\/v2\/product_tag?post=11730"}],"curies":[{"name":"wp","href":"https:\/\/api.w.org\/{rel}","templated":true}]}}