{"id":11724,"date":"2026-04-14T01:38:08","date_gmt":"2026-04-14T00:38:08","guid":{"rendered":"https:\/\/vitashop.info\/rs\/\u043f\u0440\u043e\u0438\u0437\u0432\u043e\u0434\/everymoment-135-g-regenerativna-krema\/"},"modified":"2026-04-14T01:40:12","modified_gmt":"2026-04-14T00:40:12","slug":"everymoment-135-g-regenerativna-krema","status":"publish","type":"product","link":"https:\/\/vitashop.info\/rs\/\u043f\u0440\u043e\u0438\u0437\u0432\u043e\u0434\/everymoment-135-g-regenerativna-krema\/","title":{"rendered":"EveryMoment 135 g &#8211; REGENERATIVNA KREMA"},"content":{"rendered":"\n<p>&nbsp;<\/p>\n<p>\u041e\u043f\u0438\u0441:<\/p>\n<p>&nbsp;<\/p>\n<p>&#013;<\/p>\n<p>EveryMoment kozmeti\u010dki proizvod na bazi lekovitih biljaka, koji ne sadr\u017ei hormone i koji pored blagotvornog dejstva na&nbsp; o\u010duvanje intimnog zdravlja, mo\u017ee pomo\u0107i i u slu\u010dajevima manjih povreda, opekotina, ujeda i umornih mi&scaron;i\u0107a, te predstavlja idealno sredstvo koje bi prakti\u010dno trebalo da sadr\u017ei svaka ku\u0107na apoteka.<\/p>\n<p>&#013;<\/p>\n<p>&nbsp;<\/p>\n<p>&nbsp;<\/p>\n<p>\u041a\u043e\u043c\u0435 \u043f\u0440\u0435\u043f\u043e\u0440\u0443\u0447\u0443\u0458\u0435\u043c\u043e:<\/p>\n<ul style=\"list-style-type: circle\">&#013;<\/p>\n<li>Svakoj \u017eenskoj osobi, za o\u010duvanje intimnog zdravlja.<\/li>\n<p>&#013;<\/p>\n<li>\u017denama nakon poro\u0111aja, kako bi se ponovo uspostavila elasti\u010dnost vagine.<\/li>\n<p>&#013;<\/p>\n<li>\u017denama nakon nastupanja menopauze, za ubla\u017eavanje neprijatnih simptoma vaginalne suvo\u0107e.<\/li>\n<p>&#013;<\/p>\n<li>Za potrebe cele porodice, u slu\u010dajevima manjih povreda ko\u017ee, opekotina i ujeda, za regeneraciju, hidrataciju i dezinfekciju ko\u017ee, kao i za smanjenje upale.<\/li>\n<p>&#013;<\/p>\n<li>Za sve osobe, koje tra\u017ee efikasno sredstvo za opu&scaron;tanje mi&scaron;i\u0107a nakon sportskih aktivnosti.<\/li>\n<p>&#013;<\/p>\n<li>Za sve osobe, koje bi volele da u vidu masa\u017ee opu&scaron;taju svoju ko\u017eu<\/li>\n<p>&#013;\n<\/ul>\n<p>&nbsp;<\/p>\n<p>&nbsp;<\/p>\n","protected":false},"excerpt":{"rendered":"<p>\u041a\u043e\u043b\u0438\u0447\u0438\u043d\u0430 \u043d\u0430 \u0437\u0430\u043b\u0438\u0445\u0430\u043c\u0430: 55 <\/p>\n","protected":false},"featured_media":13663,"comment_status":"closed","ping_status":"open","template":"","meta":[],"product_brand":[],"product_cat":[436],"product_tag":[],"class_list":{"0":"post-11724","1":"product","2":"type-product","3":"status-publish","4":"has-post-thumbnail","6":"product_cat-436","8":"first","9":"instock","10":"product-type-external"},"_links":{"self":[{"href":"https:\/\/vitashop.info\/rs\/wp-json\/wp\/v2\/product\/11724","targetHints":{"allow":["GET"]}}],"collection":[{"href":"https:\/\/vitashop.info\/rs\/wp-json\/wp\/v2\/product"}],"about":[{"href":"https:\/\/vitashop.info\/rs\/wp-json\/wp\/v2\/types\/product"}],"replies":[{"embeddable":true,"href":"https:\/\/vitashop.info\/rs\/wp-json\/wp\/v2\/comments?post=11724"}],"wp:featuredmedia":[{"embeddable":true,"href":"https:\/\/vitashop.info\/rs\/wp-json\/wp\/v2\/media\/13663"}],"wp:attachment":[{"href":"https:\/\/vitashop.info\/rs\/wp-json\/wp\/v2\/media?parent=11724"}],"wp:term":[{"taxonomy":"product_brand","embeddable":true,"href":"https:\/\/vitashop.info\/rs\/wp-json\/wp\/v2\/product_brand?post=11724"},{"taxonomy":"product_cat","embeddable":true,"href":"https:\/\/vitashop.info\/rs\/wp-json\/wp\/v2\/product_cat?post=11724"},{"taxonomy":"product_tag","embeddable":true,"href":"https:\/\/vitashop.info\/rs\/wp-json\/wp\/v2\/product_tag?post=11724"}],"curies":[{"name":"wp","href":"https:\/\/api.w.org\/{rel}","templated":true}]}}