{"id":11721,"date":"2026-04-14T01:38:08","date_gmt":"2026-04-14T00:38:08","guid":{"rendered":"https:\/\/vitashop.info\/rs\/\u043f\u0440\u043e\u0438\u0437\u0432\u043e\u0434\/essential-therapeutic-massage-cream-225ml\/"},"modified":"2026-04-14T01:38:08","modified_gmt":"2026-04-14T00:38:08","slug":"essential-therapeutic-massage-cream-225ml-masazna-krema","status":"publish","type":"product","link":"https:\/\/vitashop.info\/rs\/\u043f\u0440\u043e\u0438\u0437\u0432\u043e\u0434\/essential-therapeutic-massage-cream-225ml-masazna-krema\/","title":{"rendered":"Essential Therapeutic Massage Cream 225ml  &#8211; Masa\u017ena krema"},"content":{"rendered":"\n<p>&nbsp;<\/p>\n<p>\u041e\u043f\u0438\u0441:<\/p>\n<p>Lako razmaziva masa\u017ena krema na bazi prirodnih sastojaka, prijatnog mirisa i teksture. Eteri\u010dna ulja kurkume, bibera, timijana, limuna i lavande sinergisti\u010dki deluju u pravcu smanjivanja upalnih procesa, reumatskih i sportskih bolova. Pogodna je za svakodnevnu upotrebu i nanosi se na bolna mesta lokalno blagim utrljavanjem ili se koristi za masa\u017eu celog tela. Krema uz terapeutski posti\u017ee i neguju\u0107i efekat na ko\u017ei zato &scaron;to hidrira, detoksikuje, zaceljuje nepravilnosti, pove\u0107ava elasti\u010dnost i ulep&scaron;ava izgled ko\u017ee. Mo\u017ee se nanositi i na ruke i na stomak. Nije preporu\u010dljivo za trudnice.<\/p>\n<p>&nbsp;<\/p>\n<p>&nbsp;<\/p>\n<p>&nbsp;<\/p>\n","protected":false},"excerpt":{"rendered":"<p>\u041a\u043e\u043b\u0438\u0447\u0438\u043d\u0430 \u043d\u0430 \u0437\u0430\u043b\u0438\u0445\u0430\u043c\u0430: 178 <\/p>\n","protected":false},"featured_media":10837,"comment_status":"closed","ping_status":"open","template":"","meta":[],"product_brand":[],"product_cat":[436],"product_tag":[],"class_list":{"0":"post-11721","1":"product","2":"type-product","3":"status-publish","4":"has-post-thumbnail","6":"product_cat-436","8":"first","9":"instock","10":"product-type-external"},"_links":{"self":[{"href":"https:\/\/vitashop.info\/rs\/wp-json\/wp\/v2\/product\/11721","targetHints":{"allow":["GET"]}}],"collection":[{"href":"https:\/\/vitashop.info\/rs\/wp-json\/wp\/v2\/product"}],"about":[{"href":"https:\/\/vitashop.info\/rs\/wp-json\/wp\/v2\/types\/product"}],"replies":[{"embeddable":true,"href":"https:\/\/vitashop.info\/rs\/wp-json\/wp\/v2\/comments?post=11721"}],"wp:featuredmedia":[{"embeddable":true,"href":"https:\/\/vitashop.info\/rs\/wp-json\/wp\/v2\/media\/10837"}],"wp:attachment":[{"href":"https:\/\/vitashop.info\/rs\/wp-json\/wp\/v2\/media?parent=11721"}],"wp:term":[{"taxonomy":"product_brand","embeddable":true,"href":"https:\/\/vitashop.info\/rs\/wp-json\/wp\/v2\/product_brand?post=11721"},{"taxonomy":"product_cat","embeddable":true,"href":"https:\/\/vitashop.info\/rs\/wp-json\/wp\/v2\/product_cat?post=11721"},{"taxonomy":"product_tag","embeddable":true,"href":"https:\/\/vitashop.info\/rs\/wp-json\/wp\/v2\/product_tag?post=11721"}],"curies":[{"name":"wp","href":"https:\/\/api.w.org\/{rel}","templated":true}]}}