{"id":11718,"date":"2026-04-14T01:38:07","date_gmt":"2026-04-14T00:38:07","guid":{"rendered":"https:\/\/vitashop.info\/rs\/\u043f\u0440\u043e\u0438\u0437\u0432\u043e\u0434\/essential-everyday-anticellulite-body-cream-225ml\/"},"modified":"2026-04-14T01:38:08","modified_gmt":"2026-04-14T00:38:08","slug":"essential-everyday-anticellulite-body-cream-225ml-krema-za-negu-koze-sa-celulitom-sa-ekstraktom-kestena-i-prijatnim-mirisom-grejpfruta","status":"publish","type":"product","link":"https:\/\/vitashop.info\/rs\/\u043f\u0440\u043e\u0438\u0437\u0432\u043e\u0434\/essential-everyday-anticellulite-body-cream-225ml-krema-za-negu-koze-sa-celulitom-sa-ekstraktom-kestena-i-prijatnim-mirisom-grejpfruta\/","title":{"rendered":"Essential Everyday Anticellulite Body Cream 225ml  &#8211; Krema za negu ko\u017ee sa celulitom sa ekstraktom kestena i prijatnim mirisom grejpfruta"},"content":{"rendered":"\n<p>&nbsp;<\/p>\n<p>\u041e\u043f\u0438\u0441:<\/p>\n<p>Krema je prijatnog mirisa i nakon nano&scaron;enja daje pli&scaron;ani izgled i osve\u017eavaju\u0107i ose\u0107aj na ko\u017ei. Nema efekte hla\u0111enja ni grejanja i mogu\u0107e je upotrebljavati je svakodnevno nakon tu&scaron;iranja kao kremu za telo. Ekstrakt kestena, kombinacija eteri\u010dnih ulja i kofein deluju sinergisti\u010dki i daju vidljive i brze rezultate. Nije preporu\u010dljivo za trudnice.<\/p>\n<p>&nbsp;<\/p>\n<p>&nbsp;<\/p>\n<p>&nbsp;<\/p>\n","protected":false},"excerpt":{"rendered":"<p>\u041a\u043e\u043b\u0438\u0447\u0438\u043d\u0430 \u043d\u0430 \u0437\u0430\u043b\u0438\u0445\u0430\u043c\u0430: 132 <\/p>\n","protected":false},"featured_media":10837,"comment_status":"closed","ping_status":"open","template":"","meta":[],"product_brand":[],"product_cat":[436],"product_tag":[],"class_list":{"0":"post-11718","1":"product","2":"type-product","3":"status-publish","4":"has-post-thumbnail","6":"product_cat-436","8":"first","9":"instock","10":"product-type-external"},"_links":{"self":[{"href":"https:\/\/vitashop.info\/rs\/wp-json\/wp\/v2\/product\/11718","targetHints":{"allow":["GET"]}}],"collection":[{"href":"https:\/\/vitashop.info\/rs\/wp-json\/wp\/v2\/product"}],"about":[{"href":"https:\/\/vitashop.info\/rs\/wp-json\/wp\/v2\/types\/product"}],"replies":[{"embeddable":true,"href":"https:\/\/vitashop.info\/rs\/wp-json\/wp\/v2\/comments?post=11718"}],"wp:featuredmedia":[{"embeddable":true,"href":"https:\/\/vitashop.info\/rs\/wp-json\/wp\/v2\/media\/10837"}],"wp:attachment":[{"href":"https:\/\/vitashop.info\/rs\/wp-json\/wp\/v2\/media?parent=11718"}],"wp:term":[{"taxonomy":"product_brand","embeddable":true,"href":"https:\/\/vitashop.info\/rs\/wp-json\/wp\/v2\/product_brand?post=11718"},{"taxonomy":"product_cat","embeddable":true,"href":"https:\/\/vitashop.info\/rs\/wp-json\/wp\/v2\/product_cat?post=11718"},{"taxonomy":"product_tag","embeddable":true,"href":"https:\/\/vitashop.info\/rs\/wp-json\/wp\/v2\/product_tag?post=11718"}],"curies":[{"name":"wp","href":"https:\/\/api.w.org\/{rel}","templated":true}]}}