{"id":11712,"date":"2026-04-14T01:38:07","date_gmt":"2026-04-14T00:38:07","guid":{"rendered":"https:\/\/vitashop.info\/rs\/\u043f\u0440\u043e\u0438\u0437\u0432\u043e\u0434\/e-vitamin-100-softgel-kapsula\/"},"modified":"2026-04-14T01:40:11","modified_gmt":"2026-04-14T00:40:11","slug":"e-vitamin-100-softgel-kapsula","status":"publish","type":"product","link":"https:\/\/vitashop.info\/rs\/\u043f\u0440\u043e\u0438\u0437\u0432\u043e\u0434\/e-vitamin-100-softgel-kapsula\/","title":{"rendered":"E Vitamin 100 softgel kapsula &#8211;"},"content":{"rendered":"<p>\u0414\u043e\u0437\u0438\u0440\u0430\u045a\u0435: 1 softgel kapsula dnevno<\/p>\n<p>&nbsp;<\/p>\n<p>\u041e\u043f\u0438\u0441:<\/p>\n<p>Vitamin E, kojeg nekad zovu i vitamin ve\u010dne mladosti, ima nekoliko blagotvornih efekata na celo telo. &Scaron;titi dragocene masne kiseline od slobodnih radikala koji ih o&scaron;te\u0107uju (kao mo\u0107an antioksidant) i na taj na\u010din doprinosi o\u010duvanju zdravlja i mladosti na&scaron;ih \u0107elija, ko\u017ee, nervnog sistema i cirkulacije.<\/p>\n<p>&nbsp;<\/p>\n<p>\u041a\u043e\u043c\u0435 \u043f\u0440\u0435\u043f\u043e\u0440\u0443\u0447\u0443\u0458\u0435\u043c\u043e:<\/p>\n<p>&#8211; Svima koji \u017eele da o\u010duvaju mladala\u010dki duh<\/p>\n<p>&#013;<\/p>\n<p>&#8211; Nakon bolesti i u stanju slabosti, u cilju podr&scaron;ke za regeneraciju \u0107elija<\/p>\n<p>&#013;<\/p>\n<p>&#8211; Nakon dobijanja modrica i opekotina u cilju br\u017eeg oporavka ko\u017ee<\/p>\n<p>&#013;<\/p>\n<p>&#8211; Sportistima za pravilan razvoj mi&scaron;i\u0107a i pove\u0107anje performansi mi&scaron;i\u0107a<\/p>\n<p>&#013;<\/p>\n<p style=\"text-align: justify\"><strong><em><em><strong>###youtube#iW_KvHnVHf8###<\/strong><\/em><\/p>\n<p><\/em><\/strong><\/p>\n<p>&#013;<\/p>\n<p style=\"text-align: justify\"><em><strong>Snimak lekarskog predavanja sadr\u017ei informacije o slede\u0107im preparatima:<\/strong><\/em><\/p>\n<p>&#013;<\/p>\n<p style=\"text-align: justify\"><em><strong>Direktni i indirektni antioksidansi: C vitamin, E vitamin, Chelated Zinc, Mega Zinc, Pro Selenium, Beta Carotene;<br \/><\/strong><\/em><\/p>\n<p>&#013;<\/p>\n<p style=\"text-align: justify\"><em><strong>Kompleksne antioksidativne formule: Coenzyme Q10, Super Coenzyme Q10, Coenzyme Q10 Sublingual, Protect 4 Life, Mega Protect 4 Life, Energy &amp; Memory, Smokerade, MagneZi B6;<br \/><\/strong><\/em><\/p>\n<p>&#013;<\/p>\n<p style=\"text-align: justify\"><em><strong>Biljne antioksidativne formule: Resveratrol plus, Xantho plus, Zenthonic, Lutein plus;<\/strong><\/em><\/p>\n<p>&nbsp;<\/p>\n<p>\u0421\u0430\u0441\u0442\u043e\u0458\u0446\u0438:<\/p>\n<p>Vitamin E 100 I.J.<\/p>\n<p>&nbsp;<\/p>\n<p>\u0417\u0430\u0448\u0442\u043e \u043e\u0434\u0430\u0431\u0440\u0430\u0442\u0438 \u0426\u0430\u043b\u0438\u0432\u0438\u0442\u0430 \u043f\u0440\u043e\u0438\u0437\u0432\u043e\u0434\u0435:<\/p>\n<ul>\n<li>\u0421\u0430 \u0438\u0437\u0432\u0430\u043d\u0440\u0435\u0434\u043d\u0438\u043c \u043f\u0440\u043e\u0444\u0435\u0441\u0438\u043e\u043d\u0430\u043b\u043d\u0438\u043c \u0438\u0441\u043a\u0443\u0441\u0442\u0432\u043e\u043c, \u0426\u0430\u043b\u0438\u0412\u0438\u0442\u0430 \u043d\u0443\u0434\u0438 \u0441\u0432\u043e\u0458\u0435 \u043f\u0440\u043e\u0438\u0437\u0432\u043e\u0434\u0435 \u043a\u043e\u0458\u0438 \u0437\u0430\u0434\u043e\u0432\u043e\u0459\u0430\u0432\u0430\u0458\u0443 \u043d\u0430\u0458\u0432\u0438\u0448\u0435 \u043f\u0440\u043e\u043f\u0438\u0441\u0435 \u043e \u043a\u0432\u0430\u043b\u0438\u0442\u0435\u0442\u0443 \u0432\u0438\u0448\u0435 \u043e\u0434 30 \u0433\u043e\u0434\u0438\u043d\u0430.<\/li>\n<li>\u0423\u0432\u0435\u043a \u0442\u0435\u0436\u0438\u043c\u043e \u0434\u0430 \u043a\u043e\u0440\u0438\u0441\u0442\u0438\u043c\u043e \u043f\u0440\u0438\u0440\u043e\u0434\u043d\u0435 \u043e\u0441\u043d\u043e\u0432\u043d\u0435 \u043c\u0430\u0442\u0435\u0440\u0438\u0458\u0430\u043b\u0435 \u043a\u043e\u0458\u0438 \u043f\u043e\u0442\u0438\u0447\u0443 \u0438\u0437 \u043d\u0430\u0458\u0431\u043e\u0459\u0438\u0445 \u0438\u0437\u0432\u043e\u0440\u0430.<\/li>\n<li>\u0422\u043e\u043a\u043e\u043c \u043d\u0430\u0448\u0435\u0433 \u0440\u0430\u0437\u0432\u043e\u0458\u0430, \u043c\u0438 \u0440\u0430\u0434\u0438\u043c\u043e \u043a\u043e\u0440\u0438\u0441\u0442\u0435\u045b\u0438 \u0431\u043e\u0459\u0435 \u0443\u043f\u0438\u0458\u0430\u0458\u0443\u045b\u0435, \u043d\u0430 \u043f\u0440\u0438\u043c\u0435\u0440 \u043e\u0440\u0433\u0430\u043d\u0441\u043a\u0435, \u0444\u043e\u0440\u043c\u0435.<\/li>\n<li>\u041d\u0443\u0434\u0438\u043c\u043e 100% \u0433\u0430\u0440\u0430\u043d\u0446\u0438\u0458\u0443 \u043a\u0432\u0430\u043b\u0438\u0442\u0435\u0442\u0430 \u0437\u0430 \u043d\u0430\u0448\u0435 \u043f\u0440\u043e\u0438\u0437\u0432\u043e\u0434\u0435.<\/li>\n<li>\u041d\u0430\u0448\u0438 \u043f\u0440\u043e\u0438\u0437\u0432\u043e\u0434\u0438 \u043f\u043e\u0434\u043b\u0435\u0436\u0443 \u0441\u0442\u0440\u043e\u0433\u043e\u0458 \u0438 \u0432\u0438\u0448\u0435\u0441\u0442\u0440\u0443\u043a\u043e\u0458 \u043f\u0440\u043e\u0446\u0435\u0434\u0443\u0440\u0438 \u0438\u0441\u043f\u0438\u0442\u0438\u0432\u0430\u045a\u0430 \u043a\u0430\u043a\u043e \u0431\u0438 \u0441\u0435 \u043a\u043e\u043d\u0442\u0438\u043d\u0443\u0438\u0440\u0430\u043d\u043e \u043e\u0431\u0435\u0437\u0431\u0435\u0434\u0438\u043e \u043e\u0434\u043b\u0438\u0447\u0430\u043d \u043a\u0432\u0430\u043b\u0438\u0442\u0435\u0442.<\/li>\n<li>\u041e\u0433\u0440\u043e\u043c\u043d\u0430 \u0432\u0435\u045b\u0438\u043d\u0430 \u043d\u0430\u0448\u0438\u0445 \u0434\u0438\u0458\u0435\u0442\u0435\u0442\u0441\u043a\u0438\u0445 \u0441\u0443\u043f\u043b\u0435\u043c\u0435\u043d\u0430\u0442\u0430 \u043f\u0440\u043e\u0438\u0437\u0432\u043e\u0434\u0438 \u0441\u0435 \u0443 \u0444\u0430\u0440\u043c\u0430\u0446\u0435\u0443\u0442\u0441\u043a\u0438\u043c \u0443\u0441\u043b\u043e\u0432\u0438\u043c\u0430 \u0443 \u0421\u0410\u0414.<\/li>\n<li>\u041f\u0440\u043e\u0438\u0437\u0432\u043e\u0434\u0438 \u0441\u0435 \u043f\u0440\u043e\u0438\u0437\u0432\u043e\u0434\u0435 \u043f\u043e \u043f\u0440\u0438\u043d\u0446\u0438\u043f\u0438\u043c\u0430 \u0446\u0413\u041c\u041f (\u0442\u0440\u0435\u043d\u0443\u0442\u043d\u0435 \u0434\u043e\u0431\u0440\u0435 \u043f\u0440\u043e\u0438\u0437\u0432\u043e\u0452\u0430\u0447\u043a\u0435 \u043f\u0440\u0430\u043a\u0441\u0435), \u0430 \u0432\u0440\u0448\u0438 \u0441\u0435 \u0438 \u0441\u0442\u0430\u043b\u043d\u0430 \u043a\u043e\u043d\u0442\u0440\u043e\u043b\u0430 \u0438 \u0440\u0435\u0434\u043e\u0432\u043d\u043e \u0437\u0430\u043a\u0430\u0437\u0430\u043d\u0435 \u0440\u0435\u0432\u0438\u0437\u0438\u0458\u0435 \u043e\u0434 \u0441\u0442\u0440\u0430\u043d\u0435 \u0424\u0414\u0410 (\u0424\u043e\u043e\u0434 \u0430\u043d\u0434 \u0414\u0440\u0443\u0433 \u0410\u0434\u043c\u0438\u043d\u0438\u0441\u0442\u0440\u0430\u0442\u0438\u043e\u043d). \u0420\u0430\u0434\u0438\u043c\u043e \u0443 \u0431\u043b\u0438\u0441\u043a\u043e\u0458 \u0441\u0430\u0440\u0430\u0434\u045a\u0438 \u0441\u0430 \u043b\u043e\u043a\u0430\u043b\u043d\u0438\u043c \u0432\u043b\u0430\u0441\u0442\u0438\u043c\u0430 \u0437\u0430 \u0438\u0437\u0434\u0430\u0432\u0430\u045a\u0435 \u0434\u043e\u0437\u0432\u043e\u043b\u0430 \u043a\u0430\u043a\u043e \u0431\u0438\u0441\u043c\u043e \u043e\u0441\u0438\u0433\u0443\u0440\u0430\u043b\u0438 \u0434\u0430 \u043d\u0430\u0448\u0438\u043c \u043f\u043e\u0442\u0440\u043e\u0448\u0430\u0447\u0438\u043c\u0430 \u0443\u0432\u0435\u043a \u0431\u0443\u0434\u0443 \u043e\u0431\u0435\u0437\u0431\u0435\u0452\u0435\u043d\u0438 \u043f\u0440\u043e\u0438\u0437\u0432\u043e\u0434\u0438 \u043d\u0430\u0458\u0432\u0438\u0448\u0435\u0433 \u043a\u0432\u0430\u043b\u0438\u0442\u0435\u0442\u0430.<\/li>\n<\/ul>\n<p>\u0423\u041f\u041e\u0417\u041e\u0420\u0415\u040a\u0415!<br \/>\n\u0427\u0443\u0432\u0430\u0442\u0438 \u0432\u0430\u043d \u0434\u043e\u043c\u0430\u0448\u0430\u0458\u0430 \u043c\u0430\u043b\u0435 \u0434\u0435\u0446\u0435. \u041f\u0440\u0435\u043f\u043e\u0440\u0443\u0447\u0435\u043d\u0430 \u0434\u043d\u0435\u0432\u043d\u0430 \u0434\u043e\u0437\u0430 \u0441\u0435 \u043d\u0435 \u0441\u043c\u0435 \u043f\u0440\u0435\u043a\u043e\u0440\u0430\u0447\u0438\u0442\u0438. \u0414\u043e\u0434\u0430\u0446\u0438 \u0438\u0441\u0445\u0440\u0430\u043d\u0438 \u043d\u0435 \u0431\u0438 \u0442\u0440\u0435\u0431\u0430\u043b\u043e \u0434\u0430 \u0441\u0435 \u043a\u043e\u0440\u0438\u0441\u0442\u0435 \u043a\u0430\u043e \u0437\u0430\u043c\u0435\u043d\u0430 \u0437\u0430 \u0440\u0430\u0437\u043d\u043e\u0432\u0440\u0441\u043d\u0443 \u0438\u0441\u0445\u0440\u0430\u043d\u0443.<\/p>\n","protected":false},"excerpt":{"rendered":"<p>\u041a\u043e\u043b\u0438\u0447\u0438\u043d\u0430 \u043d\u0430 \u0437\u0430\u043b\u0438\u0445\u0430\u043c\u0430: 108 <\/p>\n","protected":false},"featured_media":13626,"comment_status":"closed","ping_status":"open","template":"","meta":[],"product_brand":[],"product_cat":[435],"product_tag":[],"class_list":{"0":"post-11712","1":"product","2":"type-product","3":"status-publish","4":"has-post-thumbnail","6":"product_cat-435","8":"first","9":"instock","10":"product-type-external"},"_links":{"self":[{"href":"https:\/\/vitashop.info\/rs\/wp-json\/wp\/v2\/product\/11712","targetHints":{"allow":["GET"]}}],"collection":[{"href":"https:\/\/vitashop.info\/rs\/wp-json\/wp\/v2\/product"}],"about":[{"href":"https:\/\/vitashop.info\/rs\/wp-json\/wp\/v2\/types\/product"}],"replies":[{"embeddable":true,"href":"https:\/\/vitashop.info\/rs\/wp-json\/wp\/v2\/comments?post=11712"}],"wp:featuredmedia":[{"embeddable":true,"href":"https:\/\/vitashop.info\/rs\/wp-json\/wp\/v2\/media\/13626"}],"wp:attachment":[{"href":"https:\/\/vitashop.info\/rs\/wp-json\/wp\/v2\/media?parent=11712"}],"wp:term":[{"taxonomy":"product_brand","embeddable":true,"href":"https:\/\/vitashop.info\/rs\/wp-json\/wp\/v2\/product_brand?post=11712"},{"taxonomy":"product_cat","embeddable":true,"href":"https:\/\/vitashop.info\/rs\/wp-json\/wp\/v2\/product_cat?post=11712"},{"taxonomy":"product_tag","embeddable":true,"href":"https:\/\/vitashop.info\/rs\/wp-json\/wp\/v2\/product_tag?post=11712"}],"curies":[{"name":"wp","href":"https:\/\/api.w.org\/{rel}","templated":true}]}}