{"id":11688,"date":"2026-04-14T01:38:04","date_gmt":"2026-04-14T00:38:04","guid":{"rendered":"https:\/\/vitashop.info\/rs\/\u043f\u0440\u043e\u0438\u0437\u0432\u043e\u0434\/aquarion-aktivator-vode\/"},"modified":"2026-04-14T01:40:15","modified_gmt":"2026-04-14T00:40:15","slug":"aquarion-aktivator-vode","status":"publish","type":"product","link":"https:\/\/vitashop.info\/rs\/\u043f\u0440\u043e\u0438\u0437\u0432\u043e\u0434\/aquarion-aktivator-vode\/","title":{"rendered":"Aquarion Aktivator vode &#8211;"},"content":{"rendered":"\n<p>&nbsp;<\/p>\n<p>\u041e\u043f\u0438\u0441:<\/p>\n<p style=\"text-align: justify\">Aquarion je veoma efikasan ure\u0111aj za fitriranje vode koji proizvodi jonizovanu alkalnu ili kiselu vodu prema \u017eelji korisnika, bogatu kiseonikom i oslobo\u0111enu od te&scaron;kih metala i toksi\u010dnih supstanci. Na&scaron;a ishrana, ve\u0107ina aditiva prehrambene industrije i odre\u0111ene vrste medikamenata mogu da dovedu do zakiseljavanja tela. Jonizovana voda mo\u017ee veoma efikasno da alkalizuje telo, a daje i antioksidantne efekte.<\/p>\n<p>&nbsp;<\/p>\n<p>\u041a\u043e\u043c\u0435 \u043f\u0440\u0435\u043f\u043e\u0440\u0443\u0447\u0443\u0458\u0435\u043c\u043e:<\/p>\n<p><strong>Alkalna voda<\/strong><\/p>\n<p>&#013;<\/p>\n<p>&#8211; Svima koji svakodnevno \u017eele da koriste vodu oslobo\u0111enu od toksi\u010dnih materija<\/p>\n<p>&#013;<\/p>\n<p>&#8211; Svima \u010dija ishrana ne sadr\u017ei adekvatnu koli\u010dinu alkaliziraju\u0107ih prehrambenih proizvoda<\/p>\n<p>&#013;<\/p>\n<p>&#8211; U slu\u010daju digestivnih tegoba i refluksa*<\/p>\n<p>&#013;<\/p>\n<p>&#8211; Tokom dijete za \u010di\u0107enje organizma<\/p>\n<p>&#013;<\/p>\n<p>&#8211; Kao suplement za tretman gingivitisa ili oralnih infekcija<\/p>\n<p>&#013;<\/p>\n<p>&#8211; Osobama koje se \u010desto podvrgavaju strogim dijetama<\/p>\n<p>&#013;<\/p>\n<p>&nbsp;<\/p>\n<p>&#013;<\/p>\n<p><strong>Kisela voda<\/strong><\/p>\n<p>&#013;<\/p>\n<p>&#8211; Svima koji tretiraju svoju ko\u017eu i lice<\/p>\n<p>&#013;<\/p>\n<p>&#8211; Kao kapi za nos, kao sredstvo za \u010di&scaron;\u0107enje<\/p>\n<p>&#013;<\/p>\n<p>&#8211; Voda sa kiselom pH vredno&scaron;\u0107u mo\u017ee da poslu\u017ei i kao sredstvo za sterilizaciju povr&scaron;ina u doma\u0107instvu bez hemikalija<\/p>\n<p>&#013;<\/p>\n<p style=\"text-align: justify\">&nbsp;<\/p>\n<p>&#013;<\/p>\n<p style=\"text-align: justify\"><strong><em>###youtube#ASKjgcScfy4###<br \/><\/em><\/strong><\/p>\n<p>&#013;<\/p>\n<p style=\"text-align: justify\"><strong><em>CaliVita Electronics<br \/><\/em><\/strong><\/p>\n<p>&#013;<\/p>\n<p style=\"text-align: justify\"><strong><em>Snimak lekarskog predavanja sadr\u017ei informacije o slede\u0107im preparatima:<br \/><\/em><\/strong><\/p>\n<p>&#013;<\/p>\n<p style=\"text-align: justify\"><strong><em>Bioharmonex, Aquarion, Communiguard<\/em><\/strong><\/p>\n<p>&nbsp;<\/p>\n<p>&nbsp;<\/p>\n","protected":false},"excerpt":{"rendered":"<p>\u041a\u043e\u043b\u0438\u0447\u0438\u043d\u0430 \u043d\u0430 \u0437\u0430\u043b\u0438\u0445\u0430\u043c\u0430: 21 <\/p>\n","protected":false},"featured_media":12232,"comment_status":"closed","ping_status":"open","template":"","meta":[],"product_brand":[],"product_cat":[437],"product_tag":[],"class_list":{"0":"post-11688","1":"product","2":"type-product","3":"status-publish","4":"has-post-thumbnail","6":"product_cat-437","8":"first","9":"instock","10":"product-type-external"},"_links":{"self":[{"href":"https:\/\/vitashop.info\/rs\/wp-json\/wp\/v2\/product\/11688","targetHints":{"allow":["GET"]}}],"collection":[{"href":"https:\/\/vitashop.info\/rs\/wp-json\/wp\/v2\/product"}],"about":[{"href":"https:\/\/vitashop.info\/rs\/wp-json\/wp\/v2\/types\/product"}],"replies":[{"embeddable":true,"href":"https:\/\/vitashop.info\/rs\/wp-json\/wp\/v2\/comments?post=11688"}],"wp:featuredmedia":[{"embeddable":true,"href":"https:\/\/vitashop.info\/rs\/wp-json\/wp\/v2\/media\/12232"}],"wp:attachment":[{"href":"https:\/\/vitashop.info\/rs\/wp-json\/wp\/v2\/media?parent=11688"}],"wp:term":[{"taxonomy":"product_brand","embeddable":true,"href":"https:\/\/vitashop.info\/rs\/wp-json\/wp\/v2\/product_brand?post=11688"},{"taxonomy":"product_cat","embeddable":true,"href":"https:\/\/vitashop.info\/rs\/wp-json\/wp\/v2\/product_cat?post=11688"},{"taxonomy":"product_tag","embeddable":true,"href":"https:\/\/vitashop.info\/rs\/wp-json\/wp\/v2\/product_tag?post=11688"}],"curies":[{"name":"wp","href":"https:\/\/api.w.org\/{rel}","templated":true}]}}