{"id":12836,"date":"2026-04-14T00:46:13","date_gmt":"2026-04-14T00:46:13","guid":{"rendered":"https:\/\/vitashop.info\/ro\/produs\/pachet-sanatate-digestiva-digestive-enzymes-probiobalance-digestive-enz-100-tab-probiobalance-60-tab-digestive-enzymes-probiobalance-voucher-10\/"},"modified":"2026-04-14T00:46:13","modified_gmt":"2026-04-14T00:46:13","slug":"pachet-sanatate-digestiva-digestive-enzymes-probiobalance-digestive-enz-100-tab-probiobalance-60-tab-digestive-enzymes-probiobalance","status":"publish","type":"product","link":"https:\/\/vitashop.info\/ro\/produs\/pachet-sanatate-digestiva-digestive-enzymes-probiobalance-digestive-enz-100-tab-probiobalance-60-tab-digestive-enzymes-probiobalance\/","title":{"rendered":"Pachet S\u0103n\u0103tate Digestiv\u0103: Digestive Enzymes + ProbioBalance Digestive Enz.: 100 tab.+ ProbioBalance: 60 tab. &#8211; Digestive Enzymes + ProbioBalance"},"content":{"rendered":"<p>Dozare: Digestive Enzymes:  2\u00d71 tablete pe zi \u00een timpul meselor + ProbioBalance: 1 tablet\u0103 zilnic<\/p>\n<p>&nbsp;<\/p>\n<p>Descriere:<\/p>\n<p><strong>Enzimele digestive \u015fi substan\u0163ele active de origine vegetal\u0103<\/strong>&nbsp;din produsul Digestive Enzymes sprijin\u0103 digestia \u015fi previn balonarea, constipa\u0163ia sau refluxul gastric.&nbsp;ProbioBalance con\u0163ine&nbsp;<strong>4 miliarde UFC<\/strong>&nbsp;(unit\u0103\u0163i formatoare de colonii) de&nbsp;<strong>probiotice<\/strong>&nbsp;&icirc;n fiecare&nbsp;<strong>tablet\u0103 masticabil\u0103<\/strong>, sprijin&acirc;nd astfel<strong>&nbsp;restabilirea echilibrului benefic \u0219i natural al florei intestinale<\/strong>&nbsp;at&acirc;t &icirc;n cazul adul\u0163ilor, c&acirc;t \u015fi &icirc;n cel al copiilor. Combina\u021bia special\u0103 de 3 tulpini probiotice (Lactobacillus rhamnosus, Bifidobacterium longum, Lactobacillus acidophilus) sprijin\u0103 activitatea tractului gastrointestinal \u015fi inhib\u0103 dezvoltarea bacteriilor &bdquo;rele&rdquo;.<\/p>\n<p>&nbsp;<\/p>\n<p>Pe cine recomandam:<\/p>\n<p>Digestine Enzymes:<\/p>\n<p>&#013;<\/p>\n<ul>&#013;<\/p>\n<li>Formul\u0103 complex\u0103 pentru sus\u0163inerea enzimatic\u0103 a digestiei<\/li>\n<p>&#013;<\/p>\n<li>Reduce disconfortul abdominal, balonarea \u015fi senza\u0163ia de prea-plin de dup\u0103 mas\u0103<\/li>\n<p>&#013;<\/p>\n<li>Previne refluxul gastric<\/li>\n<p>&#013;<\/p>\n<li>Reface necesarul de enzime digestive<\/li>\n<p>&#013;<\/p>\n<li>Sprijin\u0103 descompunerea lipidelor, proteinelor \u015fi carbohidra\u0163ilor<\/li>\n<p>&#013;\n<\/ul>\n<p>&#013;<\/p>\n<p>Probio Balance:<\/p>\n<p>&#013;<\/p>\n<ul>&#013;<\/p>\n<li>Restabile\u015fte echilibrul florei intestinale, afectat\u0103 &icirc;n caz de tratament cu antiobiotice, alimenta\u0163ie dezechilibrat\u0103, stres.<\/li>\n<p>&#013;<\/p>\n<li>Amelioreaz\u0103 disconfortul abdominal (balonare, dureri abdominale, diaree, constipa\u0163ie)<\/li>\n<p>&#013;<\/p>\n<li>Ajut\u0103 la fixarea \u015fi dezvoltarea probioticelor, datorit\u0103 prebioticelor prezente &icirc;n con\u0163inutul tabletelor<\/li>\n<p>&#013;<\/p>\n<li>Contribuie la cre\u015fterea imunit\u0103\u0163ii organismului prin sus\u0163inerea procesului de proliferare a probioticelor<\/li>\n<p>&#013;\n<\/ul>\n<p>&nbsp;<\/p>\n<p>&nbsp;<\/p>\n<p>De ce s\u0103 alege\u021bi produsele Calivita:<\/p>\n<ul>\n<li>Background profesional deosebit &#8211; Calivita \u00ee\u0163i ofer\u0103 o gam\u0103 de produse care satisface cele mai stricte condi\u0163ii de calitate, de mai mult de 30 de ani.<\/li>\n<li>Materiale prime naturale ce provin din surse de cea mai \u00eenalt\u0103 calitate.\u00a0Utiliz\u0103m formule cu o absorb\u0163ie deosebit\u0103, de exemplu substan\u0163e sub form\u0103 organic\u0103.<\/li>\n<li>Oferim 100% garan\u0163ia calit\u0103\u0163ii pentru toate produsele noastre.<\/li>\n<li>Produsele sunt fabricate \u00een conformitate cu standardele cGMP (Current Good Manufacturing Practice), fiind supuse unor controale continue \u015fi unor proceduri de examinare regulate de c\u0103tre FDA (Food and Drug Administration). Toate produsele noastre au avizul Ministerului S\u0103n\u0103t\u0103\u0163ii.<\/li>\n<\/ul>\n","protected":false},"excerpt":{"rendered":"<p>Quantity in stock: 219 <\/p>\n","protected":false},"featured_media":11666,"comment_status":"closed","ping_status":"open","template":"","meta":[],"product_brand":[],"product_cat":[429],"product_tag":[],"class_list":{"0":"post-12836","1":"product","2":"type-product","3":"status-publish","4":"has-post-thumbnail","6":"product_cat-suplimente-naturale","8":"first","9":"instock","10":"product-type-external"},"_links":{"self":[{"href":"https:\/\/vitashop.info\/ro\/wp-json\/wp\/v2\/product\/12836","targetHints":{"allow":["GET"]}}],"collection":[{"href":"https:\/\/vitashop.info\/ro\/wp-json\/wp\/v2\/product"}],"about":[{"href":"https:\/\/vitashop.info\/ro\/wp-json\/wp\/v2\/types\/product"}],"replies":[{"embeddable":true,"href":"https:\/\/vitashop.info\/ro\/wp-json\/wp\/v2\/comments?post=12836"}],"wp:featuredmedia":[{"embeddable":true,"href":"https:\/\/vitashop.info\/ro\/wp-json\/wp\/v2\/media\/11666"}],"wp:attachment":[{"href":"https:\/\/vitashop.info\/ro\/wp-json\/wp\/v2\/media?parent=12836"}],"wp:term":[{"taxonomy":"product_brand","embeddable":true,"href":"https:\/\/vitashop.info\/ro\/wp-json\/wp\/v2\/product_brand?post=12836"},{"taxonomy":"product_cat","embeddable":true,"href":"https:\/\/vitashop.info\/ro\/wp-json\/wp\/v2\/product_cat?post=12836"},{"taxonomy":"product_tag","embeddable":true,"href":"https:\/\/vitashop.info\/ro\/wp-json\/wp\/v2\/product_tag?post=12836"}],"curies":[{"name":"wp","href":"https:\/\/api.w.org\/{rel}","templated":true}]}}