{"id":10943,"date":"2026-04-21T00:46:13","date_gmt":"2026-04-21T00:46:13","guid":{"rendered":"https:\/\/vitashop.info\/ro\/produs\/zenthonic-946-ml-antioxidant-cu-mangostana\/"},"modified":"2026-04-21T00:48:08","modified_gmt":"2026-04-21T00:48:08","slug":"zenthonic-946-ml-antioxidant-cu-mangostana","status":"publish","type":"product","link":"https:\/\/vitashop.info\/ro\/produs\/zenthonic-946-ml-antioxidant-cu-mangostana\/","title":{"rendered":"Zenthonic 946 ml &#8211; Antioxidant cu mangostana"},"content":{"rendered":"<p>Dozare: 2-6 linguri pe zi<\/p>\n<p>&nbsp;<\/p>\n<p>Descriere:<\/p>\n<div style=\"text-align: justify\">&#013;<\/p>\n<p>Ingredientul principal din Zenthonic este <strong>mangostana, <\/strong>c\u0103reia i se adaug\u0103 <strong>8 alte super fructe <\/strong>delicioase cu un aport crescut de vitamine, minerale, bioflavonoide \u015fi fibre.<strong> Cu un efect antioxidant foarte puternic \u015fi cu un con\u0163inut mare de vitamina C, <\/strong>ZenThonic ofer\u0103 <strong>un suport complex organismului, <\/strong>sus\u0163in&acirc;nd s\u0103n\u0103tatea sistemului imunitar.<\/p>\n<p>&#013;\n<\/p><\/div>\n<p>&nbsp;<\/p>\n<p>Pe cine recomandam:<\/p>\n<ul>&#013;<\/p>\n<li style=\"text-align: justify\">Este un&nbsp;superconcentrat de fructe&nbsp;cu un con\u0163inut&nbsp;antioxidant foarte puternic<\/li>\n<p>&#013;<\/p>\n<li style=\"text-align: justify\">Datorit\u0103 con\u0163inutului mare de fibre ajut\u0103 la men\u0163inerea s\u0103n\u0103t\u0103\u0163ii sistemului digestiv \u015fi previne fluctua\u0163iile bru\u015fte ale nivelului de zah\u0103r din s&acirc;nge<\/li>\n<p>&#013;<\/p>\n<li style=\"text-align: justify\">Prin efectul s\u0103u u\u015for diuretic sus\u0163ine pierderea kilogramelor &icirc;n plus<\/li>\n<p>&#013;<\/p>\n<li style=\"text-align: justify\">Cre\u0219te nivelul de energie \u0219i &icirc;mbun\u0103t\u0103\u021be\u015fte performan\u021ba fizic\u0103 general\u0103 a corpului<\/li>\n<p>&#013;<\/p>\n<li style=\"text-align: justify\">&Icirc;mbun\u0103t\u0103\u0163e\u015fte rezisten\u0163a organismului \u015fi stimuleaz\u0103 mecanismul imunitar de ap\u0103rare al corpului<\/li>\n<p>&#013;\n<\/ul>\n<p>&nbsp;<\/p>\n<p>Ingrediente:<\/p>\n<p><strong>O lingur\u0103 (15ml) con\u0163ine:<\/strong>  g<\/p>\n<p>Suc de Garcinia Mangostana 5.42 g<\/p>\n<p>Suc de struguri ro\u015fii 1.5 g<\/p>\n<p>Suc de c\u0103p\u015funi 0.45 g<\/p>\n<p>Suc de meri\u015for 0.18 g<\/p>\n<p>Suc de zmeur\u0103 0.075 g<\/p>\n<p>Suc de cire\u015fe 0.075 g<\/p>\n<p>Suc de mere 0.045 g<\/p>\n<p>Suc de pere 0.045 g<\/p>\n<p>Suc de afine 0.045 g<\/p>\n<p>Piure de pere 0.045 g<\/p>\n<p>&nbsp;<\/p>\n<p>De ce s\u0103 alege\u021bi produsele Calivita:<\/p>\n<ul>\n<li>Background profesional deosebit &#8211; Calivita \u00ee\u0163i ofer\u0103 o gam\u0103 de produse care satisface cele mai stricte condi\u0163ii de calitate, de mai mult de 30 de ani.<\/li>\n<li>Materiale prime naturale ce provin din surse de cea mai \u00eenalt\u0103 calitate.\u00a0Utiliz\u0103m formule cu o absorb\u0163ie deosebit\u0103, de exemplu substan\u0163e sub form\u0103 organic\u0103.<\/li>\n<li>Oferim 100% garan\u0163ia calit\u0103\u0163ii pentru toate produsele noastre.<\/li>\n<li>Produsele sunt fabricate \u00een conformitate cu standardele cGMP (Current Good Manufacturing Practice), fiind supuse unor controale continue \u015fi unor proceduri de examinare regulate de c\u0103tre FDA (Food and Drug Administration). Toate produsele noastre au avizul Ministerului S\u0103n\u0103t\u0103\u0163ii.<\/li>\n<\/ul>\n","protected":false},"excerpt":{"rendered":"<p>Quantity in stock: 101 <\/p>\n","protected":false},"featured_media":12329,"comment_status":"closed","ping_status":"open","template":"","meta":[],"product_brand":[],"product_cat":[429],"product_tag":[],"class_list":{"0":"post-10943","1":"product","2":"type-product","3":"status-publish","4":"has-post-thumbnail","6":"product_cat-suplimente-naturale","8":"first","9":"instock","10":"product-type-external"},"_links":{"self":[{"href":"https:\/\/vitashop.info\/ro\/wp-json\/wp\/v2\/product\/10943","targetHints":{"allow":["GET"]}}],"collection":[{"href":"https:\/\/vitashop.info\/ro\/wp-json\/wp\/v2\/product"}],"about":[{"href":"https:\/\/vitashop.info\/ro\/wp-json\/wp\/v2\/types\/product"}],"replies":[{"embeddable":true,"href":"https:\/\/vitashop.info\/ro\/wp-json\/wp\/v2\/comments?post=10943"}],"wp:featuredmedia":[{"embeddable":true,"href":"https:\/\/vitashop.info\/ro\/wp-json\/wp\/v2\/media\/12329"}],"wp:attachment":[{"href":"https:\/\/vitashop.info\/ro\/wp-json\/wp\/v2\/media?parent=10943"}],"wp:term":[{"taxonomy":"product_brand","embeddable":true,"href":"https:\/\/vitashop.info\/ro\/wp-json\/wp\/v2\/product_brand?post=10943"},{"taxonomy":"product_cat","embeddable":true,"href":"https:\/\/vitashop.info\/ro\/wp-json\/wp\/v2\/product_cat?post=10943"},{"taxonomy":"product_tag","embeddable":true,"href":"https:\/\/vitashop.info\/ro\/wp-json\/wp\/v2\/product_tag?post=10943"}],"curies":[{"name":"wp","href":"https:\/\/api.w.org\/{rel}","templated":true}]}}