{"id":10919,"date":"2026-04-14T00:46:17","date_gmt":"2026-04-14T00:46:17","guid":{"rendered":"https:\/\/vitashop.info\/ro\/produs\/spirulina-chlorella-plus-100-tablete-amestec-sinergic-de-alge-si-plante\/"},"modified":"2026-04-14T00:48:08","modified_gmt":"2026-04-14T00:48:08","slug":"spirulina-chlorella-plus-100-tablete-amestec-sinergic-de-alge-si-plante","status":"publish","type":"product","link":"https:\/\/vitashop.info\/ro\/produs\/spirulina-chlorella-plus-100-tablete-amestec-sinergic-de-alge-si-plante\/","title":{"rendered":"Spirulina-Chlorella PLUS 100 tablete &#8211; amestec sinergic de alge \u015fi plante"},"content":{"rendered":"<p>Dozare: 1 tablet\u0103 zilnic<\/p>\n<p>&nbsp;<\/p>\n<p>Descriere:<\/p>\n<p style=\"text-align: justify\">Produsul Spirulina Chlorella PLUS con\u0163ine un amestec sinergic de alge spirulina \u015fi chlorella &icirc;mbog\u0103\u0163it cu lucern\u0103 \u015fi gr&acirc;u &icirc;ncol\u0163it pentru un efect complex. Mixul de ingrediente este completat de un amestec patentat de substan\u0163e benefice din fructe \u015fi legume &icirc;ntr-o form\u0103 concentrat\u0103 pentru a asigura organismului un suport nutri\u0163ional complet.<\/p>\n<p>&#013;<\/p>\n<p>&nbsp;<\/p>\n<p>&nbsp;<\/p>\n<p>Pe cine recomandam:<\/p>\n<ul style=\"list-style-type: disc\">&#013;<\/p>\n<li style=\"text-align: justify\">Restabile\u015fte echilibrul acido-bazic al organismului<\/li>\n<p>&#013;<\/p>\n<li style=\"text-align: justify\">Este un detoxifiant natural pentru organism, favoriz&acirc;nd eliminarea toxinelor<\/li>\n<p>&#013;<\/p>\n<li style=\"text-align: justify\">Asigur\u0103 o surs\u0103 important\u0103 de macronutrien\u0163i (proteine, fibre alimentare) \u015fi micronutrien\u0163i (vitamine, s\u0103ruri minerale), prevenind dezechilibrele \u015fi caren\u0163ele nutri\u0163ionale<\/li>\n<p>&#013;<\/p>\n<li style=\"text-align: justify\">Sprijin\u0103 formarea globulelor ro\u0219ii, fiind de un real ajutor in caz de anemie<\/li>\n<p>&#013;<\/p>\n<li style=\"text-align: justify\">Ofer\u0103 suport sistemului imunitar<\/li>\n<p>&#013;<\/p>\n<li style=\"text-align: justify\">Reprezint\u0103 o surs\u0103 alternativ\u0103 de proteine, <a name=\"_Hlk94619760\"><\/a>asigur&acirc;nd o senza\u0163ie de sa\u0163ietate de lung\u0103 durat\u0103<\/li>\n<p>&#013;<\/p>\n<li style=\"text-align: justify\">Este un adev\u0103rat energizant natural pentru organism<\/li>\n<p>&#013;<\/p>\n<li style=\"text-align: justify\">Contribuie la reducerea oboselii \u015fi a senza\u0163iei de epuizare<\/li>\n<p>&#013;<\/p>\n<li style=\"text-align: justify\">Asigur\u0103 o stare de bine &icirc;n fiecare zi, contribuind la gestionarea mai facil\u0103 a situa\u0163iilor stresante<\/li>\n<p>&#013;\n<\/ul>\n<p>&nbsp;<\/p>\n<p>Ingrediente:<\/p>\n<p>Pulbere de Spirulina 250 mg<\/p>\n<p>Pulbere de Chlorella 250 mg<\/p>\n<p>Pulbere de frunze de lucern\u0103 100 mg<\/p>\n<p>Pulbere de semin\u0163e de \u0163elin\u0103 15 mg<\/p>\n<p>Pulbere de varz\u0103 15 mg<\/p>\n<p>Pulbere de spanac 15 mg<\/p>\n<p>Pulbere din r\u0103d\u0103cin\u0103 de p\u0103p\u0103die 15 mg<\/p>\n<p>Pulbere de p\u0103trunjel 15 mg<\/p>\n<p>Extract de lutein\u0103 10 mg<\/p>\n<p>Extract de licopen 10 mg<\/p>\n<p>Pulbere din r\u0103d\u0103cin\u0103 de ridiche neagr\u0103 10 mg<\/p>\n<p>Pulbere de aloe vera 5 mg<\/p>\n<p>Pulbere de broccoli 5 mg<\/p>\n<p>Pulbere de varec 15 mg<\/p>\n<p>Pulbere din frunze de varz\u0103 de Bruxelles 10 mg<\/p>\n<p>Pulbere de gr\u00e2u \u00eencol\u0163it 100 mg<\/p>\n<p>&nbsp;<\/p>\n<p>De ce s\u0103 alege\u021bi produsele Calivita:<\/p>\n<ul>\n<li>Background profesional deosebit &#8211; Calivita \u00ee\u0163i ofer\u0103 o gam\u0103 de produse care satisface cele mai stricte condi\u0163ii de calitate, de mai mult de 30 de ani.<\/li>\n<li>Materiale prime naturale ce provin din surse de cea mai \u00eenalt\u0103 calitate.\u00a0Utiliz\u0103m formule cu o absorb\u0163ie deosebit\u0103, de exemplu substan\u0163e sub form\u0103 organic\u0103.<\/li>\n<li>Oferim 100% garan\u0163ia calit\u0103\u0163ii pentru toate produsele noastre.<\/li>\n<li>Produsele sunt fabricate \u00een conformitate cu standardele cGMP (Current Good Manufacturing Practice), fiind supuse unor controale continue \u015fi unor proceduri de examinare regulate de c\u0103tre FDA (Food and Drug Administration). Toate produsele noastre au avizul Ministerului S\u0103n\u0103t\u0103\u0163ii.<\/li>\n<\/ul>\n","protected":false},"excerpt":{"rendered":"<p>Quantity in stock: 77 <\/p>\n","protected":false},"featured_media":12305,"comment_status":"closed","ping_status":"open","template":"","meta":[],"product_brand":[],"product_cat":[429],"product_tag":[],"class_list":{"0":"post-10919","1":"product","2":"type-product","3":"status-publish","4":"has-post-thumbnail","6":"product_cat-suplimente-naturale","8":"first","9":"instock","10":"product-type-external"},"_links":{"self":[{"href":"https:\/\/vitashop.info\/ro\/wp-json\/wp\/v2\/product\/10919","targetHints":{"allow":["GET"]}}],"collection":[{"href":"https:\/\/vitashop.info\/ro\/wp-json\/wp\/v2\/product"}],"about":[{"href":"https:\/\/vitashop.info\/ro\/wp-json\/wp\/v2\/types\/product"}],"replies":[{"embeddable":true,"href":"https:\/\/vitashop.info\/ro\/wp-json\/wp\/v2\/comments?post=10919"}],"wp:featuredmedia":[{"embeddable":true,"href":"https:\/\/vitashop.info\/ro\/wp-json\/wp\/v2\/media\/12305"}],"wp:attachment":[{"href":"https:\/\/vitashop.info\/ro\/wp-json\/wp\/v2\/media?parent=10919"}],"wp:term":[{"taxonomy":"product_brand","embeddable":true,"href":"https:\/\/vitashop.info\/ro\/wp-json\/wp\/v2\/product_brand?post=10919"},{"taxonomy":"product_cat","embeddable":true,"href":"https:\/\/vitashop.info\/ro\/wp-json\/wp\/v2\/product_cat?post=10919"},{"taxonomy":"product_tag","embeddable":true,"href":"https:\/\/vitashop.info\/ro\/wp-json\/wp\/v2\/product_tag?post=10919"}],"curies":[{"name":"wp","href":"https:\/\/api.w.org\/{rel}","templated":true}]}}