{"id":10918,"date":"2026-04-14T00:46:17","date_gmt":"2026-04-14T00:46:17","guid":{"rendered":"https:\/\/vitashop.info\/ro\/produs\/slim-formula-90-tablete-produs-pentru-slabit\/"},"modified":"2026-04-14T00:48:08","modified_gmt":"2026-04-14T00:48:08","slug":"slim-formula-90-tablete-produs-pentru-slabit","status":"publish","type":"product","link":"https:\/\/vitashop.info\/ro\/produs\/slim-formula-90-tablete-produs-pentru-slabit\/","title":{"rendered":"Slim Formula 90 tablete &#8211; Produs pentru sl\u0103bit"},"content":{"rendered":"<p>Dozare: 3&#215;1 tablet\u0103 zilnic. Pentru pierderea greut\u0103\u0163ii: se administreaz\u0103 1\/2 or\u0103 \u00eenaintea meselor principale. Pentru sportivi: se recomand\u0103 administrarea dup\u0103 antrenament<\/p>\n<p>&nbsp;<\/p>\n<p>Descriere:<\/p>\n<div style=\"text-align: justify\">&#013;<\/p>\n<p>Este un preparat complex pentru <strong>stimularea pierderii &icirc;n greutate<\/strong>, care ajut\u0103 la accelerarea metabolismului \u015fi controlarea aportului energetic. Ceaiul verde cu antioxidan\u0163ii pe care &icirc;i con\u0163ine \u015fi ghimbirul pot stimula cu bl&acirc;nde\u0163e metabolismul \u015fi reduc oboseala, ce adeseori &icirc;nso\u0163e\u015fte dietele de sl\u0103bit. <strong>L-carnitina poate contribui la o ardere accelerat\u0103 a gr\u0103similor &icirc;n timpul activit\u0103\u0163ilor fizice<\/strong>, &icirc;n vreme ce fibrele din cactusul nopal ofer\u0103 senza\u0163ia de sa\u0163ietate.<\/p>\n<p>&#013;\n<\/p><\/div>\n<p>&#013;<\/p>\n<div style=\"text-align: justify\">&nbsp;<\/div>\n<p>&nbsp;<\/p>\n<p>Pe cine recomandam:<\/p>\n<ul>&#013;<\/p>\n<li style=\"text-align: justify\">Accelereaz\u0103 metabolismul \u015fi previne formarea depozitelor de gr\u0103sime, sprijind procesul de sl\u0103bire<\/li>\n<p>&#013;<\/p>\n<li style=\"text-align: justify\">Contribuie la o ardere accelerat\u0103 a gr\u0103similor &icirc;n timpul activit\u0103\u0163ilor fizice \u015fi reduce oboseala, care adeseori &icirc;nso\u0163e\u015fte dietele de sl\u0103bit<\/li>\n<p>&#013;<\/p>\n<li style=\"text-align: justify\">Stimuleaz\u0103 eliminarea surplusului de ap\u0103 din organism<\/li>\n<p>&#013;<\/p>\n<li style=\"text-align: justify\">Ofer\u0103 senza\u0163ie de sa\u0163ietate pe un timp mai &icirc;ndelungat, prin con\u0163inutul ridicat de fibre<\/li>\n<p>&#013;<\/p>\n<li style=\"text-align: justify\">Ajut\u0103 la reglarea nivelului de glucoz\u0103 din s&acirc;nge \u015fi previne fluctua\u0163iile bru\u015fte ale acesteia, adesea responsabile de apari\u0163ia poftei de dulce<\/li>\n<p>&#013;<\/p>\n<li style=\"text-align: justify\">Sus\u0163ine men\u0163inerea greut\u0103\u0163ii corporale ideale pentru o lung\u0103 perioad\u0103 de timp<\/li>\n<p>&#013;\n<\/ul>\n<p>&nbsp;<\/p>\n<p>Ingrediente:<\/p>\n<p>Garcinia Cambogia (std. 50% HCA) 100 mg<\/p>\n<p>Nopal 100 mg<\/p>\n<p>Ceai verde (strl. 95% polifenoli) 50 mg<\/p>\n<p>Ginger 50 mg<\/p>\n<p>L-carnitin\u0103 40 mg<\/p>\n<p>Semin\u0163e de chimen 40 mg<\/p>\n<p>Turmeric 25 mg<\/p>\n<p>Lecitin\u0103 25 mg<\/p>\n<p>Crom 50 mcg<\/p>\n<p>&nbsp;<\/p>\n<p>De ce s\u0103 alege\u021bi produsele Calivita:<\/p>\n<ul>\n<li>Background profesional deosebit &#8211; Calivita \u00ee\u0163i ofer\u0103 o gam\u0103 de produse care satisface cele mai stricte condi\u0163ii de calitate, de mai mult de 30 de ani.<\/li>\n<li>Materiale prime naturale ce provin din surse de cea mai \u00eenalt\u0103 calitate.\u00a0Utiliz\u0103m formule cu o absorb\u0163ie deosebit\u0103, de exemplu substan\u0163e sub form\u0103 organic\u0103.<\/li>\n<li>Oferim 100% garan\u0163ia calit\u0103\u0163ii pentru toate produsele noastre.<\/li>\n<li>Produsele sunt fabricate \u00een conformitate cu standardele cGMP (Current Good Manufacturing Practice), fiind supuse unor controale continue \u015fi unor proceduri de examinare regulate de c\u0103tre FDA (Food and Drug Administration). Toate produsele noastre au avizul Ministerului S\u0103n\u0103t\u0103\u0163ii.<\/li>\n<\/ul>\n","protected":false},"excerpt":{"rendered":"<p>Quantity in stock: 112 <\/p>\n","protected":false},"featured_media":12304,"comment_status":"closed","ping_status":"open","template":"","meta":[],"product_brand":[],"product_cat":[429],"product_tag":[],"class_list":{"0":"post-10918","1":"product","2":"type-product","3":"status-publish","4":"has-post-thumbnail","6":"product_cat-suplimente-naturale","8":"first","9":"instock","10":"product-type-external"},"_links":{"self":[{"href":"https:\/\/vitashop.info\/ro\/wp-json\/wp\/v2\/product\/10918","targetHints":{"allow":["GET"]}}],"collection":[{"href":"https:\/\/vitashop.info\/ro\/wp-json\/wp\/v2\/product"}],"about":[{"href":"https:\/\/vitashop.info\/ro\/wp-json\/wp\/v2\/types\/product"}],"replies":[{"embeddable":true,"href":"https:\/\/vitashop.info\/ro\/wp-json\/wp\/v2\/comments?post=10918"}],"wp:featuredmedia":[{"embeddable":true,"href":"https:\/\/vitashop.info\/ro\/wp-json\/wp\/v2\/media\/12304"}],"wp:attachment":[{"href":"https:\/\/vitashop.info\/ro\/wp-json\/wp\/v2\/media?parent=10918"}],"wp:term":[{"taxonomy":"product_brand","embeddable":true,"href":"https:\/\/vitashop.info\/ro\/wp-json\/wp\/v2\/product_brand?post=10918"},{"taxonomy":"product_cat","embeddable":true,"href":"https:\/\/vitashop.info\/ro\/wp-json\/wp\/v2\/product_cat?post=10918"},{"taxonomy":"product_tag","embeddable":true,"href":"https:\/\/vitashop.info\/ro\/wp-json\/wp\/v2\/product_tag?post=10918"}],"curies":[{"name":"wp","href":"https:\/\/api.w.org\/{rel}","templated":true}]}}