{"id":10916,"date":"2026-04-14T00:46:17","date_gmt":"2026-04-14T00:46:17","guid":{"rendered":"https:\/\/vitashop.info\/ro\/produs\/shake-one-pure-500g-500g-pudra-proteica-vegetala-pentru-sprijinirea-proceselor-de-slabire\/"},"modified":"2026-04-14T00:48:13","modified_gmt":"2026-04-14T00:48:13","slug":"shake-one-pure-500g-500g-pudra-proteica-vegetala-pentru-sprijinirea-proceselor-de-slabire","status":"publish","type":"product","link":"https:\/\/vitashop.info\/ro\/produs\/shake-one-pure-500g-500g-pudra-proteica-vegetala-pentru-sprijinirea-proceselor-de-slabire\/","title":{"rendered":"Shake One Pure 500g 500g &#8211; Pudr\u0103 proteic\u0103 vegetal\u0103 pentru sprijinirea proceselor de sl\u0103bire"},"content":{"rendered":"<p>Dozare: Amestec\u0103 1 m\u0103sur\u0103 de pulbere (30 g) cu 300 ml ap\u0103 sau lapte degresat. Consum\u0103 1 shake pe zi, \u00een locul unei mese (preferabil cina).<\/p>\n<p>&nbsp;<\/p>\n<p>Descriere:<\/p>\n<p style=\"text-align: justify\">Shake One Pure este un &icirc;nlocuitor de mas\u0103 proteic, cu aport caloric sc\u0103zut, care <strong>completeaz\u0103 excelent dietele de sl\u0103bire, sprijinind pierderea kilogramelor &icirc;n plus<\/strong>. Printr-un aport optim de substan\u0163e nutritive, ofer\u0103 senza\u0163ie de sa\u0163ietate pe termen lung, stimuleaz\u0103 digestia \u015fi previne formarea depozitelor de gr\u0103sime. Prin Palatinose&trade;, singurul carbohidrat cu indice glicemic sc\u0103zut, ofer\u0103 organismului un aport echilibrat \u015fi constant de energie, pe tot parcursul zilei. Shake One Pure este un produs 100% vegan cu arom\u0103 de ciocolat\u0103 alb\u0103 \u015fi zmeur\u0103, care NU con\u0163ine zah\u0103r, ingrediente de origine animal\u0103, coloran\u021bi artificiali sau conservan\u021bi.<\/p>\n<p>&#013;<\/p>\n<p style=\"text-align: justify\">&nbsp;<\/p>\n<p>&nbsp;<\/p>\n<p>Pe cine recomandam:<\/p>\n<ul>&#013;<\/p>\n<li style=\"text-align: justify\">Accelereaz\u0103 metabolismul \u015fi previne formarea depozitelor de gr\u0103sime, sprijinind procesul de sl\u0103bire<\/li>\n<p>&#013;<\/p>\n<li style=\"text-align: justify\">Asigur\u0103 un aport optim de substan\u0163e nutritive, care ofer\u0103 sa\u0163ietate pe termen lung, &icirc;nlocuind o mas\u0103 principal\u0103 a zilei<\/li>\n<p>&#013;<\/p>\n<li style=\"text-align: justify\">Sprijin\u0103 procesele digestive \u015fi amelioreaz\u0103 senza\u0163ia de balonare sau disconfort abdominal<\/li>\n<p>&#013;<\/p>\n<li style=\"text-align: justify\">Asigur\u0103 un aport de energie, echilibrat \u015fi constant, care s\u0103 sus\u0163in\u0103 un stil de via\u0163\u0103 activ<\/li>\n<p>&#013;<\/p>\n<li style=\"text-align: justify\">&Icirc;mpiedic\u0103 pierderea masei musculare &icirc;n timpul procesului de sl\u0103bire, sus\u0163in&acirc;nd regenerarea mu\u015fchilor dup\u0103 antrenament<\/li>\n<p>&#013;<\/p>\n<li style=\"text-align: justify\">Pentru suplimentarea necesarului de proteine &icirc;n cazul unui regim alimentar vegetarian<\/li>\n<p>&#013;<\/p>\n<li style=\"text-align: justify\">Pentru satisfacerea poftei de dulce cu o alternativ\u0103 mult mai s\u0103n\u0103tos\u0103, cu aport caloric sc\u0103zut<\/li>\n<p>&#013;\n<\/ul>\n<p>&nbsp;<\/p>\n<p>Ingrediente:<\/p>\n<p>Amestec vegan de proteine, din care: 21 g<\/p>\n<p>Izolat proteic din maz\u0103re (Pisum sativum, semin\u0163e) 10.5 g<\/p>\n<p>Izolat proteic din orez (Oryza sativa, semin\u0163e) 10.5 g<\/p>\n<p>Matrice de glucide, din care: 6.5 g<\/p>\n<p>Izomaltuloz\u0103 Palatinose\u2122* 4.2 g<\/p>\n<p>Maltodextrin\u0103 2.3 g<\/p>\n<p>Calciu (carbonat de calciu) 200 mg<\/p>\n<p>Inulin\u0103 (Cichorium intybus, r\u0103d\u0103cin\u0103) 200 mg<\/p>\n<p>Extract din fruct de Acai (Euterpe oleracea, 4:1) 100 mg<\/p>\n<p>Complex de vitamine, din care: 52 mg<\/p>\n<p>Vitamina C (acid L-ascorbic) 30 mg<\/p>\n<p>Vitamina E (D-alfa-tocoferol) 10 mg<\/p>\n<p>Vitamina B3 (nicotinamid\u0103) 10 mg<\/p>\n<p>Vitamina B6  (clorhidrat de piridoxin\u0103) 1 mg<\/p>\n<p>Vitamina B2<br \/>(riboflavin\u0103) 0.8 mg<\/p>\n<p>Vitamina B1 (clorhidrat de tiamin\u0103) 0.6 mg<\/p>\n<p>Biotin\u0103 (D-biotin\u0103) 150 mcg<\/p>\n<p>Acid folic (acid pteroilmonoglutamic) 150 mcg<\/p>\n<p>Vitamina D3 (colecalciferol) 5 mcg<\/p>\n<p>Vitamina B12 (ciancobalamin\u0103) 2 mcg<\/p>\n<p>Zinc (oxid de zinc) 10 mg<\/p>\n<p>Crom [picolinat de crom(III)] 200 mcg<\/p>\n<p>Complex de enzime digestive, din care: 120 mcg<\/p>\n<p>Bromelain\u0103 (Ananas comosus, fruct, 1200 GDU\/g) 60 mcg<\/p>\n<p>Papain\u0103 (Carica papaya, fruct, 1,5 FIP U\/mg) 60 mcg<\/p>\n<p>Seleniu (selenit de sodiu) 40 mcg<\/p>\n<p>&nbsp;<\/p>\n<p>De ce s\u0103 alege\u021bi produsele Calivita:<\/p>\n<ul>\n<li>Background profesional deosebit &#8211; Calivita \u00ee\u0163i ofer\u0103 o gam\u0103 de produse care satisface cele mai stricte condi\u0163ii de calitate, de mai mult de 30 de ani.<\/li>\n<li>Materiale prime naturale ce provin din surse de cea mai \u00eenalt\u0103 calitate.\u00a0Utiliz\u0103m formule cu o absorb\u0163ie deosebit\u0103, de exemplu substan\u0163e sub form\u0103 organic\u0103.<\/li>\n<li>Oferim 100% garan\u0163ia calit\u0103\u0163ii pentru toate produsele noastre.<\/li>\n<li>Produsele sunt fabricate \u00een conformitate cu standardele cGMP (Current Good Manufacturing Practice), fiind supuse unor controale continue \u015fi unor proceduri de examinare regulate de c\u0103tre FDA (Food and Drug Administration). Toate produsele noastre au avizul Ministerului S\u0103n\u0103t\u0103\u0163ii.<\/li>\n<\/ul>\n","protected":false},"excerpt":{"rendered":"<p>Quantity in stock: 28 <\/p>\n","protected":false},"featured_media":13311,"comment_status":"closed","ping_status":"open","template":"","meta":[],"product_brand":[],"product_cat":[429],"product_tag":[],"class_list":{"0":"post-10916","1":"product","2":"type-product","3":"status-publish","4":"has-post-thumbnail","6":"product_cat-suplimente-naturale","8":"first","9":"instock","10":"product-type-external"},"_links":{"self":[{"href":"https:\/\/vitashop.info\/ro\/wp-json\/wp\/v2\/product\/10916","targetHints":{"allow":["GET"]}}],"collection":[{"href":"https:\/\/vitashop.info\/ro\/wp-json\/wp\/v2\/product"}],"about":[{"href":"https:\/\/vitashop.info\/ro\/wp-json\/wp\/v2\/types\/product"}],"replies":[{"embeddable":true,"href":"https:\/\/vitashop.info\/ro\/wp-json\/wp\/v2\/comments?post=10916"}],"wp:featuredmedia":[{"embeddable":true,"href":"https:\/\/vitashop.info\/ro\/wp-json\/wp\/v2\/media\/13311"}],"wp:attachment":[{"href":"https:\/\/vitashop.info\/ro\/wp-json\/wp\/v2\/media?parent=10916"}],"wp:term":[{"taxonomy":"product_brand","embeddable":true,"href":"https:\/\/vitashop.info\/ro\/wp-json\/wp\/v2\/product_brand?post=10916"},{"taxonomy":"product_cat","embeddable":true,"href":"https:\/\/vitashop.info\/ro\/wp-json\/wp\/v2\/product_cat?post=10916"},{"taxonomy":"product_tag","embeddable":true,"href":"https:\/\/vitashop.info\/ro\/wp-json\/wp\/v2\/product_tag?post=10916"}],"curies":[{"name":"wp","href":"https:\/\/api.w.org\/{rel}","templated":true}]}}