{"id":10910,"date":"2026-04-14T00:46:15","date_gmt":"2026-04-14T00:46:15","guid":{"rendered":"https:\/\/vitashop.info\/ro\/produs\/resveratrol-plus-60-capsule-resveratrol-cu-coq10\/"},"modified":"2026-04-14T00:48:08","modified_gmt":"2026-04-14T00:48:08","slug":"resveratrol-plus-60-capsule-resveratrol-cu-coq10","status":"publish","type":"product","link":"https:\/\/vitashop.info\/ro\/produs\/resveratrol-plus-60-capsule-resveratrol-cu-coq10\/","title":{"rendered":"Resveratrol Plus 60 capsule &#8211; Resveratrol cu CoQ10"},"content":{"rendered":"<p>Dozare: 1 capsul\u0103 zilnic<\/p>\n<p>&nbsp;<\/p>\n<p>Descriere:<\/p>\n<p style=\"text-align: justify\">Fiecare capsul\u0103 de Resveratrol PLUS con\u0163ine o <strong>combina\u0163ie echilibrat\u0103 de coenzima Q10 \u015fi puternicul antioxidant resveratrol<\/strong> extras din semin\u0163e de struguri ro\u015fii. Pentru o inim\u0103 puternic\u0103 \u015fi o via\u0163\u0103 nu doar mai lung\u0103, ci \u015fi mai s\u0103n\u0103toas\u0103 alege Resveratrol PLUS.<\/p>\n<p>&nbsp;<\/p>\n<p>Pe cine recomandam:<\/p>\n<ul>&#013;<\/p>\n<li style=\"text-align: justify\">Cu un con\u0163inut extra de CoQ10 pentru un efect \u015fi mai puternic de protec\u0163ie cardiovascular\u0103<\/li>\n<p>&#013;<\/p>\n<li style=\"text-align: justify\">Are propriet\u0103\u0163i cardioprotective \u015fi un efect puternic energizant al celulelor miocardului<\/li>\n<p>&#013;<\/p>\n<li style=\"text-align: justify\">&Icirc;mbun\u0103t\u0103\u0163e\u015fte func\u0163ia mu\u015fchiului cardiac<\/li>\n<p>&#013;<\/p>\n<li style=\"text-align: justify\">Asigur\u0103 buna func\u0163ionare a sistemului cardiovascular, prin stimularea activit\u0103\u0163ii vaselor de s&acirc;nge<\/li>\n<p>&#013;\n<\/ul>\n<p>&nbsp;<\/p>\n<p>Ingrediente:<\/p>\n<p>Resveratrol extras din struguri 100 mg<\/p>\n<p>Extract din semin\u0163e de struguri 50 mg<\/p>\n<p>Coenzima Q10 20 mg<\/p>\n<p>&nbsp;<\/p>\n<p>De ce s\u0103 alege\u021bi produsele Calivita:<\/p>\n<ul>\n<li>Background profesional deosebit &#8211; Calivita \u00ee\u0163i ofer\u0103 o gam\u0103 de produse care satisface cele mai stricte condi\u0163ii de calitate, de mai mult de 30 de ani.<\/li>\n<li>Materiale prime naturale ce provin din surse de cea mai \u00eenalt\u0103 calitate.\u00a0Utiliz\u0103m formule cu o absorb\u0163ie deosebit\u0103, de exemplu substan\u0163e sub form\u0103 organic\u0103.<\/li>\n<li>Oferim 100% garan\u0163ia calit\u0103\u0163ii pentru toate produsele noastre.<\/li>\n<li>Produsele sunt fabricate \u00een conformitate cu standardele cGMP (Current Good Manufacturing Practice), fiind supuse unor controale continue \u015fi unor proceduri de examinare regulate de c\u0103tre FDA (Food and Drug Administration). Toate produsele noastre au avizul Ministerului S\u0103n\u0103t\u0103\u0163ii.<\/li>\n<\/ul>\n","protected":false},"excerpt":{"rendered":"<p>Quantity in stock: 68 <\/p>\n","protected":false},"featured_media":12301,"comment_status":"closed","ping_status":"open","template":"","meta":[],"product_brand":[],"product_cat":[429],"product_tag":[],"class_list":{"0":"post-10910","1":"product","2":"type-product","3":"status-publish","4":"has-post-thumbnail","6":"product_cat-suplimente-naturale","8":"first","9":"instock","10":"product-type-external"},"_links":{"self":[{"href":"https:\/\/vitashop.info\/ro\/wp-json\/wp\/v2\/product\/10910","targetHints":{"allow":["GET"]}}],"collection":[{"href":"https:\/\/vitashop.info\/ro\/wp-json\/wp\/v2\/product"}],"about":[{"href":"https:\/\/vitashop.info\/ro\/wp-json\/wp\/v2\/types\/product"}],"replies":[{"embeddable":true,"href":"https:\/\/vitashop.info\/ro\/wp-json\/wp\/v2\/comments?post=10910"}],"wp:featuredmedia":[{"embeddable":true,"href":"https:\/\/vitashop.info\/ro\/wp-json\/wp\/v2\/media\/12301"}],"wp:attachment":[{"href":"https:\/\/vitashop.info\/ro\/wp-json\/wp\/v2\/media?parent=10910"}],"wp:term":[{"taxonomy":"product_brand","embeddable":true,"href":"https:\/\/vitashop.info\/ro\/wp-json\/wp\/v2\/product_brand?post=10910"},{"taxonomy":"product_cat","embeddable":true,"href":"https:\/\/vitashop.info\/ro\/wp-json\/wp\/v2\/product_cat?post=10910"},{"taxonomy":"product_tag","embeddable":true,"href":"https:\/\/vitashop.info\/ro\/wp-json\/wp\/v2\/product_tag?post=10910"}],"curies":[{"name":"wp","href":"https:\/\/api.w.org\/{rel}","templated":true}]}}